{"id":9404,"date":"2021-11-05T13:59:26","date_gmt":"2021-11-05T13:59:26","guid":{"rendered":"https:\/\/landfiles.com\/?page_id=9404"},"modified":"2023-03-28T07:16:35","modified_gmt":"2023-03-28T07:16:35","slug":"how-to-start-a-group","status":"publish","type":"page","link":"https:\/\/landfiles.com\/en\/how-to-start-a-group","title":{"rendered":"How to start a group ?"},"content":{"rendered":"<p>[et_pb_section fb_built=&#8221;1&#8243; _builder_version=&#8221;4.16&#8243; background_color=&#8221;#9fbb3f&#8221; custom_padding=&#8221;43px|0px|35px|0px|false|false&#8221; saved_tabs=&#8221;all&#8221; locked=&#8221;off&#8221; global_colors_info=&#8221;{}&#8221;][et_pb_row _builder_version=&#8221;4.16&#8243; custom_padding=&#8221;0|0px|3px|0px|false|false&#8221; global_colors_info=&#8221;{}&#8221;][et_pb_column type=&#8221;4_4&#8243; _builder_version=&#8221;4.16&#8243; custom_padding=&#8221;|||&#8221; global_colors_info=&#8221;{}&#8221; custom_padding__hover=&#8221;|||&#8221;][et_pb_text _builder_version=&#8221;4.16&#8243; text_font=&#8221;||||||||&#8221; text_text_color=&#8221;#ffffff&#8221; text_font_size=&#8221;35px&#8221; global_colors_info=&#8221;{}&#8221;]<\/p>\n<p style=\"text-align: center;\">Tutorials<\/p>\n<p>[\/et_pb_text][\/et_pb_column][\/et_pb_row][\/et_pb_section][et_pb_section fb_built=&#8221;1&#8243; specialty=&#8221;on&#8221; _builder_version=&#8221;4.16&#8243; locked=&#8221;off&#8221; global_colors_info=&#8221;{}&#8221;][et_pb_column type=&#8221;1_4&#8243; _builder_version=&#8221;4.16&#8243; custom_padding=&#8221;|||&#8221; global_colors_info=&#8221;{}&#8221; parallax__hover=&#8221;off&#8221; parallax_method__hover=&#8221;on&#8221; custom_padding__hover=&#8221;|||&#8221;][et_pb_sidebar area=&#8221;et_pb_widget_area_5&#8243; _builder_version=&#8221;4.16&#8243; global_colors_info=&#8221;{}&#8221;][\/et_pb_sidebar][\/et_pb_column][et_pb_column type=&#8221;3_4&#8243; specialty_columns=&#8221;3&#8243; _builder_version=&#8221;4.16&#8243; custom_padding=&#8221;|||&#8221; global_colors_info=&#8221;{}&#8221; parallax__hover=&#8221;off&#8221; parallax_method__hover=&#8221;on&#8221; custom_padding__hover=&#8221;|||&#8221;][et_pb_row_inner _builder_version=&#8221;4.16&#8243; global_colors_info=&#8221;{}&#8221;][et_pb_column_inner saved_specialty_column_type=&#8221;3_4&#8243; _builder_version=&#8221;4.16&#8243; custom_padding=&#8221;|||&#8221; global_colors_info=&#8221;{}&#8221; parallax__hover=&#8221;off&#8221; parallax_method__hover=&#8221;on&#8221; custom_padding__hover=&#8221;|||&#8221;][et_pb_text _builder_version=&#8221;4.16&#8243; header_font=&#8221;||||||||&#8221; header_text_color=&#8221;#23994e&#8221; background_size=&#8221;initial&#8221; background_position=&#8221;top_left&#8221; background_repeat=&#8221;repeat&#8221; min_height=&#8221;232px&#8221; global_colors_info=&#8221;{}&#8221;]<\/p>\n<h1><span style=\"color: #9fbb3f;\">How to start a group ?\u00a0<\/span><\/h1>\n<p><span style=\"color: rgba(52, 52, 51, 0.57);\">\u00a0<\/span><\/p>\n<h4 data-pm-slice=\"1 1 []\"><span style=\"color: #727272;\"><strong><u>1\/ Create your group<\/u><\/strong><\/span><\/h4>\n<p>First of all, create your group. You will find the procedure in the tutorial : <span style=\"text-decoration: underline;\">How to create a group ?<\/span><\/p>\n<p>&nbsp;<\/p>\n<h4 data-pm-slice=\"1 1 []\"><span style=\"color: #727272;\"><strong><u>2\/ Post a greeting to welcome your users<\/u><\/strong><\/span><\/h4>\n<p>As a consultant \/ facilitator, you have a fictitious farm created in your name. We advise you to rename this farm with the name of your structure, your service or an experimentation site to broadcast your news or to follow up on plots.<\/p>\n<p>To welcome your users, publish a photo or a visual, and a greeting. Watch our tutorial to add a post <a href=\"https:\/\/landfiles.com\/en\/?page_id=9352&amp;preview=true\">:<\/a> <strong><a href=\"https:\/\/landfiles.com\/en\/?page_id=9352&amp;preview=true\">How to add a post with a form ?<\/a><\/strong><\/p>\n<p>Invite your colleagues to your farm so that they can accompany you in leading your group and contribute to the recording of observations<\/p>\n<p>(see the tutorial : \u00a0<span style=\"text-decoration: underline;\"><strong><a href=\"https:\/\/landfiles.com\/?page_id=9279&amp;preview=true\">How to invite new users to your farm ?<\/a><\/strong><\/span> ).<\/p>\n<p>Note : If you have created a farm by mistake, here is the procedure to leave it (coming soon).<\/p>\n<h4 data-pm-slice=\"1 1 []\">\u00a0<\/h4>\n<h4 data-pm-slice=\"1 1 []\"><span style=\"color: #727272;\"><strong><u>3\/ Optional: Create your own group farms<\/u><\/strong><\/span><\/h4>\n<p data-pm-slice=\"1 1 []\">It is possible to create farms yourself (via the mobile app only) to be able to publish under each of them, during your visits to the plots. This feature is very appreciated by technical advisors, it allows to capitalize in the same place the observations made by the advisor as the farmer.<br \/>Find the handling in the tutorial :<strong>\u00a0<\/strong><span style=\"text-decoration: underline;\"><strong><a href=\"https:\/\/landfiles.com\/en\/?page_id=9231&amp;preview=true\">How to create a new farm ?<\/a><br \/><\/strong><\/span>Lors de la derni\u00e8re \u00e9tape de cr\u00e9ation de la ferme, pensez bien \u00e0 ajouter chaque ferme \u00e0 votre groupe. ceci vous permettra de simplifier la proc\u00e9dure d&#8217;invitation (voir plus bas)<span style=\"text-decoration: underline;\"><strong><br \/><\/strong><\/span><\/p>\n<p data-pm-slice=\"1 1 []\">Note if you don&#8217;t do this step : Farms will be automatically created by Landfiles when each user&#8217;s account is created. Farmers will be able to invite you to their farm (see the tutorial :\u00a0 <span style=\"text-decoration: underline;\"><strong><a href=\"https:\/\/landfiles.com\/?page_id=9279&amp;preview=true\">How to invite new users to your farm ?<\/a><\/strong><\/span> )<br \/>If you are in this situation, and need help to be empowered on your group&#8217;s farms, contact us.<\/p>\n<h4 data-pm-slice=\"1 1 []\"><span style=\"color: #727272;\"><strong><u>4\/ Optional: Create the plots and start your tracking to bring more content<\/u><\/strong><\/span><\/h4>\n<p data-pm-slice=\"1 1 []\">It can be interesting to initiate your follow-ups on the farms created, in order to bring a little more content to the future members of your group.<\/p>\n<ul>\n<li data-pm-slice=\"1 1 []\">\n<p data-pm-slice=\"1 1 [&quot;list&quot;,{},&quot;list_item&quot;,{&quot;indent&quot;:1,&quot;type&quot;:&quot;bulleted&quot;}]\">To create a plot, see our tutorial : <strong><a href=\"https:\/\/landfiles.com\/en\/?page_id=9333&amp;preview=true\">How to create a plot and geolocate it ?<\/a><\/strong><\/p>\n<\/li>\n<li data-pm-slice=\"1 1 []\">\n<p data-pm-slice=\"1 1 [&quot;list&quot;,{},&quot;list_item&quot;,{&quot;indent&quot;:1,&quot;type&quot;:&quot;bulleted&quot;}]\">Watch our tutorial on how to add a post :<strong>\u00a0<a href=\"https:\/\/landfiles.com\/en\/?page_id=9346&amp;preview=true\">How to add a post ?<\/a><\/strong><\/p>\n<\/li>\n<\/ul>\n<p data-pm-slice=\"1 1 []\">Present 1 to 3 plots over several months, tracing the history of the crops.<\/p>\n<h4 data-pm-slice=\"1 1 []\"><span style=\"color: #727272;\"><strong><u>5\/ Inform farmers of your choice to use Landfiles<\/u><\/strong><\/span><\/h4>\n<p>Prepare an email communication to the farmers, explaining your choice to use Landfiles to structure the group&#8217;s exchanges.<\/p>\n<p>&nbsp;<\/p>\n<h4 data-pm-slice=\"1 1 []\"><span style=\"color: #727272;\"><strong><u>6\/ Invite farmers on Landfiles<\/u><\/strong><\/span><\/h4>\n<p>Immediately after making the communication (point 5\/), invite the farmers on Landfiles, so they can access your group.<\/p>\n<p><strong>CASE 1<\/strong>: You have created the farms and attached the farms to the group<br \/>In this case, invite each farmer on his farm with the role &#8220;Administrator&#8221;. The farm being attached to the group, each farmer will also be invited (automatically) to the group, and will receive the role &#8220;Guest&#8221;.<br \/>Find the handling on :\u00a0<a title=\"How to invite new users to your farm\" href=\"https:\/\/landfiles.com\/?page_id=9279&amp;preview=true\"><strong>How to invite new users to your farm ?<\/strong><\/a><\/p>\n<p><strong>CASE n\u00b02<\/strong> : You have not created the farms<br \/>In this case, invite the farmers to the group directly, with the role &#8220;Guest&#8221;. Find the handling on : How to access the group address book or add new members ?<\/p>\n<p>&nbsp;<\/p>\n<h4 data-pm-slice=\"1 1 []\"><span style=\"color: #727272;\"><strong><u>7\/ Organize a Landfiles demo<\/u><\/strong><\/span><\/h4>\n<p>Contact us to make a free demo of Landfiles to your group of farmers, during a 45 minutes visio. Please let us know 2 weeks in advance, and we will conduct a demonstration of existing groups with you to show the dynamics that our tool allows to create and maintain.<\/p>\n<p>&nbsp;<\/p>\n<h4 data-pm-slice=\"1 1 []\"><span style=\"color: #727272;\"><strong><u>8\/ Present Landfiles during a face-to-face meeting<\/u><\/strong><\/span><\/h4>\n<p>Contact us if you wish to present Landfiles during a meeting, we will send you the presentation materials.<\/p>\n<p>&nbsp;<\/p>\n<h4 data-pm-slice=\"1 1 []\"><span style=\"color: #727272;\"><strong><u>9\/ Schedule training for your facilitators<\/u><\/strong><\/span><\/h4>\n<p>We recommend that all group leaders take the 2-hour training we offer via video. This training allows you to master the Landfiles application and to learn how to install a dynamic of sharing within your group, and to maintain it over time.<\/p>\n<p>This training can be done even before the launch of the group, contact us to schedule it.<\/p>\n<p>[\/et_pb_text][\/et_pb_column_inner][\/et_pb_row_inner][\/et_pb_column][\/et_pb_section][et_pb_section fb_built=&#8221;1&#8243; _builder_version=&#8221;4.16&#8243; background_color=&#8221;#000000&#8243; locked=&#8221;off&#8221; collapsed=&#8221;off&#8221; global_colors_info=&#8221;{}&#8221;][et_pb_row column_structure=&#8221;1_3,1_3,1_3&#8243; _builder_version=&#8221;4.16&#8243; background_size=&#8221;initial&#8221; background_position=&#8221;top_left&#8221; background_repeat=&#8221;repeat&#8221; global_colors_info=&#8221;{}&#8221;][et_pb_column type=&#8221;1_3&#8243; _builder_version=&#8221;4.16&#8243; global_colors_info=&#8221;{}&#8221;][et_pb_image src=&#8221;https:\/\/landfiles.com\/wp-content\/uploads\/2019\/04\/logo-pied.png&#8221; align=&#8221;center&#8221; _builder_version=&#8221;4.16&#8243; global_colors_info=&#8221;{}&#8221;][\/et_pb_image][\/et_pb_column][et_pb_column type=&#8221;1_3&#8243; _builder_version=&#8221;4.16&#8243; global_colors_info=&#8221;{}&#8221;][et_pb_text _builder_version=&#8221;4.16&#8243; text_text_color=&#8221;#ffffff&#8221; text_font_size=&#8221;20px&#8221; global_colors_info=&#8221;{}&#8221;]<\/p>\n<p>CONTACT<\/p>\n<p>[\/et_pb_text][et_pb_blurb use_icon=&#8221;on&#8221; font_icon=&#8221;&#xe01d;||divi||400&#8243; icon_color=&#8221;#9fbb3f&#8221; icon_placement=&#8221;left&#8221; _builder_version=&#8221;4.16&#8243; global_colors_info=&#8221;{}&#8221;]<\/p>\n<p>17 rue B\u00e9ranger<br \/>75003 Paris<\/p>\n<p>[\/et_pb_blurb][et_pb_blurb use_icon=&#8221;on&#8221; font_icon=&#8221;&#xe010;||divi||400&#8243; icon_color=&#8221;#9fbb3f&#8221; icon_placement=&#8221;left&#8221; _builder_version=&#8221;4.16&#8243; global_colors_info=&#8221;{}&#8221;]<\/p>\n<p>contact@landfiles.fr<\/p>\n<p>[\/et_pb_blurb][et_pb_cta button_url=&#8221;https:\/\/landfiles.com\/contact&#8221; button_text=&#8221;CONTACT&#8221; _builder_version=&#8221;4.16&#8243; body_font_size=&#8221;14px&#8221; use_background_color=&#8221;off&#8221; custom_button=&#8221;on&#8221; button_text_size=&#8221;18px&#8221; button_bg_color=&#8221;#9fbb3f&#8221; button_border_width=&#8221;0px&#8221; button_border_color=&#8221;#9fbb3f&#8221; button_border_radius=&#8221;0px&#8221; button_font=&#8221;|700|||||||&#8221; button_icon=&#8221;&#xe08a;||divi||400&#8243; button_icon_placement=&#8221;left&#8221; button_on_hover=&#8221;off&#8221; button_alignment=&#8221;left&#8221; min_height=&#8221;60px&#8221; global_colors_info=&#8221;{}&#8221;][\/et_pb_cta][\/et_pb_column][et_pb_column type=&#8221;1_3&#8243; _builder_version=&#8221;4.16&#8243; global_colors_info=&#8221;{}&#8221;][et_pb_text _builder_version=&#8221;4.16&#8243; text_text_color=&#8221;#ffffff&#8221; text_font_size=&#8221;20px&#8221; global_colors_info=&#8221;{}&#8221;]<\/p>\n<p>INFORMATIONS<\/p>\n<p>[\/et_pb_text][et_pb_text admin_label=&#8221;Text&#8221; _builder_version=&#8221;4.16&#8243; global_colors_info=&#8221;{}&#8221;]<\/p>\n<p><a href=\"https:\/\/landfiles.com\/en\/legal-notice\">Legal notice<\/a><\/p>\n<p><a href=\"https:\/\/landfiles.com\/politique-de-cookies-eu\">Cookies Policy<\/a><\/p>\n<p><a href=\"https:\/\/landfiles.com\/en\/privacy-policy\">Privacy policy<\/a><\/p>\n<p><a href=\"https:\/\/landfiles.com\/conditions-generales-dutilisation\">Terms of service<\/a><\/p>\n<p>[\/et_pb_text][\/et_pb_column][\/et_pb_row][\/et_pb_section]<\/p>\n","protected":false},"excerpt":{"rendered":"<p>TutorialsHow to start a group ?\u00a0 \u00a0 1\/ Create your group First of all, create your group. You will find the procedure in the tutorial : How to create a group ? &nbsp; 2\/ Post a greeting to welcome your users As a consultant \/ facilitator, you have a fictitious farm created in your name. [&hellip;]<\/p>\n","protected":false},"author":14,"featured_media":0,"parent":0,"menu_order":0,"comment_status":"closed","ping_status":"closed","template":"","meta":{"_et_pb_use_builder":"on","_et_pb_old_content":"","_et_gb_content_width":"","_exactmetrics_skip_tracking":false,"_exactmetrics_sitenote_active":false,"_exactmetrics_sitenote_note":"","_exactmetrics_sitenote_category":0,"footnotes":"","_wp_rev_ctl_limit":""},"yoast_head":"<!-- This site is optimized with the Yoast SEO plugin v24.5 - https:\/\/yoast.com\/wordpress\/plugins\/seo\/ -->\n<title>How to start a group ? - Landfiles<\/title>\n<meta name=\"description\" content=\"Create your group and publish a welcome note to welcome your usersFirst of all, create your group. See the tutorial How to create a group?\" \/>\n<meta name=\"robots\" content=\"index, follow, max-snippet:-1, max-image-preview:large, max-video-preview:-1\" \/>\n<link rel=\"canonical\" href=\"https:\/\/landfiles.com\/en\/how-to-start-a-group\" \/>\n<meta property=\"og:locale\" content=\"en_US\" \/>\n<meta property=\"og:type\" content=\"article\" \/>\n<meta property=\"og:title\" content=\"How to start a group ? - Landfiles\" \/>\n<meta property=\"og:description\" content=\"Create your group and publish a welcome note to welcome your usersFirst of all, create your group. See the tutorial How to create a group?\" \/>\n<meta property=\"og:url\" content=\"https:\/\/landfiles.com\/en\/how-to-start-a-group\" \/>\n<meta property=\"og:site_name\" content=\"Landfiles\" \/>\n<meta property=\"article:publisher\" content=\"https:\/\/www.facebook.com\/Landfiles\/\" \/>\n<meta property=\"article:modified_time\" content=\"2023-03-28T07:16:35+00:00\" \/>\n<meta property=\"og:image\" content=\"https:\/\/landfiles.com\/wp-content\/uploads\/2019\/09\/Champ1.jpg\" \/>\n\t<meta property=\"og:image:width\" content=\"1024\" \/>\n\t<meta property=\"og:image:height\" content=\"768\" \/>\n\t<meta property=\"og:image:type\" content=\"image\/jpeg\" \/>\n<meta name=\"twitter:card\" content=\"summary_large_image\" \/>\n<meta name=\"twitter:site\" content=\"@landfiles\" \/>\n<meta name=\"twitter:label1\" content=\"Est. reading time\" \/>\n\t<meta name=\"twitter:data1\" content=\"5 minutes\" \/>\n<script type=\"application\/ld+json\" class=\"yoast-schema-graph\">{\"@context\":\"https:\/\/schema.org\",\"@graph\":[{\"@type\":\"WebPage\",\"@id\":\"https:\/\/landfiles.com\/en\/how-to-start-a-group\",\"url\":\"https:\/\/landfiles.com\/en\/how-to-start-a-group\",\"name\":\"How to start a group ? - Landfiles\",\"isPartOf\":{\"@id\":\"https:\/\/landfiles.com\/#website\"},\"datePublished\":\"2021-11-05T13:59:26+00:00\",\"dateModified\":\"2023-03-28T07:16:35+00:00\",\"description\":\"Create your group and publish a welcome note to welcome your usersFirst of all, create your group. See the tutorial How to create a group?\",\"breadcrumb\":{\"@id\":\"https:\/\/landfiles.com\/en\/how-to-start-a-group#breadcrumb\"},\"inLanguage\":\"en-US\",\"potentialAction\":[{\"@type\":\"ReadAction\",\"target\":[\"https:\/\/landfiles.com\/en\/how-to-start-a-group\"]}]},{\"@type\":\"BreadcrumbList\",\"@id\":\"https:\/\/landfiles.com\/en\/how-to-start-a-group#breadcrumb\",\"itemListElement\":[{\"@type\":\"ListItem\",\"position\":1,\"name\":\"Accueil\",\"item\":\"https:\/\/landfiles.com\/en\"},{\"@type\":\"ListItem\",\"position\":2,\"name\":\"How to start a group ?\"}]},{\"@type\":\"WebSite\",\"@id\":\"https:\/\/landfiles.com\/#website\",\"url\":\"https:\/\/landfiles.com\/\",\"name\":\"Landfiles\",\"description\":\"Construisez l&#039;agriculture de demain !\",\"potentialAction\":[{\"@type\":\"SearchAction\",\"target\":{\"@type\":\"EntryPoint\",\"urlTemplate\":\"https:\/\/landfiles.com\/?s={search_term_string}\"},\"query-input\":{\"@type\":\"PropertyValueSpecification\",\"valueRequired\":true,\"valueName\":\"search_term_string\"}}],\"inLanguage\":\"en-US\"}]}<\/script>\n<!-- \/ Yoast SEO plugin. -->","yoast_head_json":{"title":"How to start a group ? - Landfiles","description":"Create your group and publish a welcome note to welcome your usersFirst of all, create your group. See the tutorial How to create a group?","robots":{"index":"index","follow":"follow","max-snippet":"max-snippet:-1","max-image-preview":"max-image-preview:large","max-video-preview":"max-video-preview:-1"},"canonical":"https:\/\/landfiles.com\/en\/how-to-start-a-group","og_locale":"en_US","og_type":"article","og_title":"How to start a group ? - Landfiles","og_description":"Create your group and publish a welcome note to welcome your usersFirst of all, create your group. See the tutorial How to create a group?","og_url":"https:\/\/landfiles.com\/en\/how-to-start-a-group","og_site_name":"Landfiles","article_publisher":"https:\/\/www.facebook.com\/Landfiles\/","article_modified_time":"2023-03-28T07:16:35+00:00","og_image":[{"width":1024,"height":768,"url":"https:\/\/landfiles.com\/wp-content\/uploads\/2019\/09\/Champ1.jpg","type":"image\/jpeg"}],"twitter_card":"summary_large_image","twitter_site":"@landfiles","twitter_misc":{"Est. reading time":"5 minutes"},"schema":{"@context":"https:\/\/schema.org","@graph":[{"@type":"WebPage","@id":"https:\/\/landfiles.com\/en\/how-to-start-a-group","url":"https:\/\/landfiles.com\/en\/how-to-start-a-group","name":"How to start a group ? - Landfiles","isPartOf":{"@id":"https:\/\/landfiles.com\/#website"},"datePublished":"2021-11-05T13:59:26+00:00","dateModified":"2023-03-28T07:16:35+00:00","description":"Create your group and publish a welcome note to welcome your usersFirst of all, create your group. See the tutorial How to create a group?","breadcrumb":{"@id":"https:\/\/landfiles.com\/en\/how-to-start-a-group#breadcrumb"},"inLanguage":"en-US","potentialAction":[{"@type":"ReadAction","target":["https:\/\/landfiles.com\/en\/how-to-start-a-group"]}]},{"@type":"BreadcrumbList","@id":"https:\/\/landfiles.com\/en\/how-to-start-a-group#breadcrumb","itemListElement":[{"@type":"ListItem","position":1,"name":"Accueil","item":"https:\/\/landfiles.com\/en"},{"@type":"ListItem","position":2,"name":"How to start a group ?"}]},{"@type":"WebSite","@id":"https:\/\/landfiles.com\/#website","url":"https:\/\/landfiles.com\/","name":"Landfiles","description":"Construisez l&#039;agriculture de demain !","potentialAction":[{"@type":"SearchAction","target":{"@type":"EntryPoint","urlTemplate":"https:\/\/landfiles.com\/?s={search_term_string}"},"query-input":{"@type":"PropertyValueSpecification","valueRequired":true,"valueName":"search_term_string"}}],"inLanguage":"en-US"}]}},"_links":{"self":[{"href":"https:\/\/landfiles.com\/en\/wp-json\/wp\/v2\/pages\/9404"}],"collection":[{"href":"https:\/\/landfiles.com\/en\/wp-json\/wp\/v2\/pages"}],"about":[{"href":"https:\/\/landfiles.com\/en\/wp-json\/wp\/v2\/types\/page"}],"author":[{"embeddable":true,"href":"https:\/\/landfiles.com\/en\/wp-json\/wp\/v2\/users\/14"}],"replies":[{"embeddable":true,"href":"https:\/\/landfiles.com\/en\/wp-json\/wp\/v2\/comments?post=9404"}],"version-history":[{"count":1,"href":"https:\/\/landfiles.com\/en\/wp-json\/wp\/v2\/pages\/9404\/revisions"}],"predecessor-version":[{"id":14209,"href":"https:\/\/landfiles.com\/en\/wp-json\/wp\/v2\/pages\/9404\/revisions\/14209"}],"wp:attachment":[{"href":"https:\/\/landfiles.com\/en\/wp-json\/wp\/v2\/media?parent=9404"}],"curies":[{"name":"wp","href":"https:\/\/api.w.org\/{rel}","templated":true}]}}