{"id":11902,"date":"2023-02-10T14:01:32","date_gmt":"2023-02-10T14:01:32","guid":{"rendered":"https:\/\/landfiles.com\/?page_id=11902"},"modified":"2024-09-14T07:44:39","modified_gmt":"2024-09-14T07:44:39","slug":"comunidad-de-sistemas-agroforestales-y-cultivos-mixtos","status":"publish","type":"page","link":"https:\/\/landfiles.com\/es\/comunidad-de-sistemas-agroforestales-y-cultivos-mixtos","title":{"rendered":"Comunidad de sistemas agroforestales y cultivos mixtos"},"content":{"rendered":"<p>[et_pb_section fb_built=\u00bb1&#8243; _builder_version=\u00bb4.19.4&#8243; _module_preset=\u00bbdefault\u00bb custom_padding=\u00bb||4px|||\u00bb global_colors_info=\u00bb{}\u00bb][et_pb_row _builder_version=\u00bb4.19.4&#8243; _module_preset=\u00bbdefault\u00bb global_colors_info=\u00bb{}\u00bb][et_pb_column type=\u00bb4_4&#8243; _builder_version=\u00bb4.19.4&#8243; _module_preset=\u00bbdefault\u00bb global_colors_info=\u00bb{}\u00bb][et_pb_text _builder_version=\u00bb4.19.4&#8243; _module_preset=\u00bbdefault\u00bb text_font_size=\u00bb27px\u00bb custom_margin=\u00bb||1px|||\u00bb global_colors_info=\u00bb{}\u00bb]<\/p>\n<h1 style=\"text-align: center;\"><span style=\"font-size: xx-large;\">Comunidad de sistemas agroforestales y cultivos mixtos<\/span><\/h1>\n<p>[\/et_pb_text][\/et_pb_column][\/et_pb_row][et_pb_row _builder_version=\u00bb4.19.4&#8243; _module_preset=\u00bbdefault\u00bb global_colors_info=\u00bb{}\u00bb][et_pb_column type=\u00bb4_4&#8243; _builder_version=\u00bb4.19.4&#8243; _module_preset=\u00bbdefault\u00bb global_colors_info=\u00bb{}\u00bb][et_pb_image src=\u00bbhttps:\/\/landfiles.com\/wp-content\/uploads\/2024\/03\/2.png\u00bb alt=\u00bbMarcas Transition y Life\u00bb title_text=\u00bb2&#8243; admin_label=\u00bbImagen\u00bb _builder_version=\u00bb4.23&#8243; _module_preset=\u00bbdefault\u00bb width=\u00bb58.1%\u00bb module_alignment=\u00bbcenter\u00bb custom_margin=\u00bb|-77px||-46px||\u00bb global_colors_info=\u00bb{}\u00bb][\/et_pb_image][\/et_pb_column][\/et_pb_row][et_pb_row _builder_version=\u00bb4.19.4&#8243; _module_preset=\u00bbdefault\u00bb global_colors_info=\u00bb{}\u00bb][et_pb_column type=\u00bb4_4&#8243; _builder_version=\u00bb4.19.4&#8243; _module_preset=\u00bbdefault\u00bb global_colors_info=\u00bb{}\u00bb][et_pb_text _builder_version=\u00bb4.19.4&#8243; _module_preset=\u00bbdefault\u00bb text_text_color=\u00bb#000000&#8243; global_colors_info=\u00bb{}\u00bb]<\/p>\n<p>Este grupo le permite principalmente:<\/p>\n<ul>\n<li>Encontrar informaci\u00f3n sobre c\u00f3mo los sistemas agroforestales y la agricultura combinada pueden aumentar la productividad, la rentabilidad y la sostenibilidad<\/li>\n<li>Conocer las experiencias de agricultores que aplican estos sistemas de producci\u00f3n<\/li>\n<li>Estar al d\u00eda sobre conferencias, cursos y publicaciones de transferencia relacionados con estos sistemas agr\u00edcolas<\/li>\n<\/ul>\n<p>Como miembro de este grupo puede compartir sus experiencias con los sistemas agroforestales y de agricultura combinada y\/o preguntar cualquier cosa para crear una buena red comunicaci\u00f3n de esta comunidad formada por t\u00e9cnicos, entidades cient\u00edficas y agricultores.<\/p>\n<p>Este grupo le permite intercambiar y progresar al mismo tiempo que enriquece la base de conocimientos sobre los sistemas resilientes.<\/p>\n<p>[\/et_pb_text][\/et_pb_column][\/et_pb_row][\/et_pb_section][et_pb_section fb_built=\u00bb1&#8243; _builder_version=\u00bb4.19.4&#8243; _module_preset=\u00bbdefault\u00bb global_colors_info=\u00bb{}\u00bb][et_pb_row _builder_version=\u00bb4.19.4&#8243; _module_preset=\u00bbdefault\u00bb custom_padding=\u00bb0px|||||\u00bb global_colors_info=\u00bb{}\u00bb][et_pb_column type=\u00bb4_4&#8243; _builder_version=\u00bb4.19.4&#8243; _module_preset=\u00bbdefault\u00bb global_colors_info=\u00bb{}\u00bb][et_pb_image src=\u00bbhttps:\/\/landfiles.com\/wp-content\/uploads\/2023\/02\/COMUNIDAD-DE-SISTEMAS-AGROFORESTALES-Y-CULTIVOS-MIXTOS-.jpg\u00bb title_text=\u00bbCOMUNIDAD DE SISTEMAS AGROFORESTALES Y CULTIVOS MIXTOS\u00bb force_fullwidth=\u00bbon\u00bb _builder_version=\u00bb4.19.4&#8243; _module_preset=\u00bbdefault\u00bb global_colors_info=\u00bb{}\u00bb][\/et_pb_image][\/et_pb_column][\/et_pb_row][\/et_pb_section][et_pb_section fb_built=\u00bb1&#8243; _builder_version=\u00bb4.19.4&#8243; _module_preset=\u00bbdefault\u00bb global_colors_info=\u00bb{}\u00bb][et_pb_row _builder_version=\u00bb4.19.4&#8243; _module_preset=\u00bbdefault\u00bb global_colors_info=\u00bb{}\u00bb][et_pb_column type=\u00bb4_4&#8243; _builder_version=\u00bb4.19.4&#8243; _module_preset=\u00bbdefault\u00bb global_colors_info=\u00bb{}\u00bb][et_pb_text _builder_version=\u00bb4.19.4&#8243; _module_preset=\u00bbdefault\u00bb text_orientation=\u00bbcenter\u00bb global_colors_info=\u00bb{}\u00bb]<H3>Ejemplos de publicaciones sobre viticultura<\/H3>[\/et_pb_text][\/et_pb_column][\/et_pb_row][et_pb_row column_structure=\u00bb1_3,1_3,1_3&#8243; _builder_version=\u00bb4.19.4&#8243; _module_preset=\u00bbdefault\u00bb global_colors_info=\u00bb{}\u00bb][et_pb_column type=\u00bb1_3&#8243; _builder_version=\u00bb4.19.4&#8243; _module_preset=\u00bbdefault\u00bb global_colors_info=\u00bb{}\u00bb][et_pb_text _builder_version=\u00bb4.19.4&#8243; _module_preset=\u00bbdefault\u00bb text_text_color=\u00bb#343433&#8243; global_colors_info=\u00bb{}\u00bb]<\/p>\n<p>Vi\u00f1edo con cubierta vegetal de avena (Avena sativa), veza (Vicia sativa) y esparceta (Onobrychis viciifolia). Este callej\u00f3n se plant\u00f3 este a\u00f1o y las plantas est\u00e1n creciendo.<\/p>\n<p>[\/et_pb_text][et_pb_image src=\u00bbhttps:\/\/landfiles.com\/wp-content\/uploads\/2023\/02\/Fotografia-de-la-cubierta-vegetal-en-viticultura-\u00a9Jimenez-Diana-Transition-1.jpg\u00bb title_text=\u00bbFotograf\u00eda de la cubierta vegetal en viticultura \u00a9Jim\u00e9nez Diana Transition (1)\u00bb _builder_version=\u00bb4.19.4&#8243; _module_preset=\u00bbdefault\u00bb global_colors_info=\u00bb{}\u00bb][\/et_pb_image][\/et_pb_column][et_pb_column type=\u00bb1_3&#8243; _builder_version=\u00bb4.19.4&#8243; _module_preset=\u00bbdefault\u00bb global_colors_info=\u00bb{}\u00bb][et_pb_text _builder_version=\u00bb4.19.4&#8243; _module_preset=\u00bbdefault\u00bb text_text_color=\u00bb#343433&#8243; global_colors_info=\u00bb{}\u00bb]<\/p>\n<p>Las plantas de avena (Avena sativa), arveja (Vicia sativa), y esparceta (Onobrychis viciifolia) de este pasillo han sido sembrado este a\u00f1o y estan creciendo bien.<\/p>\n<p>[\/et_pb_text][et_pb_image src=\u00bbhttps:\/\/landfiles.com\/wp-content\/uploads\/2023\/02\/Fotografia-de-la-cubierta-vegetal-en-viticultura-\u00a9Jimenez-Diana-Transition.jpg\u00bb title_text=\u00bbFotograf\u00eda de la cubierta vegetal en viticultura \u00a9Jim\u00e9nez Diana Transition\u00bb _builder_version=\u00bb4.19.4&#8243; _module_preset=\u00bbdefault\u00bb global_colors_info=\u00bb{}\u00bb][\/et_pb_image][\/et_pb_column][et_pb_column type=\u00bb1_3&#8243; _builder_version=\u00bb4.19.4&#8243; _module_preset=\u00bbdefault\u00bb global_colors_info=\u00bb{}\u00bb][et_pb_text _builder_version=\u00bb4.19.4&#8243; _module_preset=\u00bbdefault\u00bb text_text_color=\u00bb#343433&#8243; global_colors_info=\u00bb{}\u00bb]<\/p>\n<p>Vi\u00f1a con cubierta vegetal. Los pasillos con avena (Avena sativa), arveja (Vicia sativa), y esparceta se siembran en a\u00f1os alternados para facilitar las intervenciones en la parcela.<\/p>\n<p>[\/et_pb_text][et_pb_image src=\u00bbhttps:\/\/landfiles.com\/wp-content\/uploads\/2023\/02\/Fotografia-viticultura-\u00a9Recaredo-Transition.jpg\u00bb title_text=\u00bbFotograf\u00eda viticultura \u00a9Recaredo Transition\u00bb _builder_version=\u00bb4.19.4&#8243; _module_preset=\u00bbdefault\u00bb global_colors_info=\u00bb{}\u00bb][\/et_pb_image][\/et_pb_column][\/et_pb_row][\/et_pb_section][et_pb_section fb_built=\u00bb1&#8243; _builder_version=\u00bb4.19.4&#8243; _module_preset=\u00bbdefault\u00bb global_colors_info=\u00bb{}\u00bb][et_pb_row _builder_version=\u00bb4.19.4&#8243; _module_preset=\u00bbdefault\u00bb global_colors_info=\u00bb{}\u00bb][et_pb_column type=\u00bb4_4&#8243; _builder_version=\u00bb4.19.4&#8243; _module_preset=\u00bbdefault\u00bb global_colors_info=\u00bb{}\u00bb][et_pb_text _builder_version=\u00bb4.19.4&#8243; _module_preset=\u00bbdefault\u00bb text_orientation=\u00bbcenter\u00bb global_colors_info=\u00bb{}\u00bb]<H3>Otros ejemplos de publicaciones<\/H3>[\/et_pb_text][\/et_pb_column][\/et_pb_row][et_pb_row column_structure=\u00bb1_3,1_3,1_3&#8243; _builder_version=\u00bb4.19.4&#8243; _module_preset=\u00bbdefault\u00bb global_colors_info=\u00bb{}\u00bb][et_pb_column type=\u00bb1_3&#8243; _builder_version=\u00bb4.19.4&#8243; _module_preset=\u00bbdefault\u00bb global_colors_info=\u00bb{}\u00bb][et_pb_image src=\u00bbhttps:\/\/landfiles.com\/wp-content\/uploads\/2023\/02\/NewAgriculturalPractice_Alley_cropping_silvoarable-hileras-1.jpg\u00bb title_text=\u00bbNewAgriculturalPractice_Alley_cropping_silvoarable-hileras (1)\u00bb _builder_version=\u00bb4.19.4&#8243; _module_preset=\u00bbdefault\u00bb global_colors_info=\u00bb{}\u00bb][\/et_pb_image][\/et_pb_column][et_pb_column type=\u00bb1_3&#8243; _builder_version=\u00bb4.19.4&#8243; _module_preset=\u00bbdefault\u00bb global_colors_info=\u00bb{}\u00bb][et_pb_image src=\u00bbhttps:\/\/landfiles.com\/wp-content\/uploads\/2023\/02\/Hedgerow-margen-lenoso-1.jpg\u00bb title_text=\u00bbHedgerow-margen le\u00f1oso (1)\u00bb _builder_version=\u00bb4.19.4&#8243; _module_preset=\u00bbdefault\u00bb global_colors_info=\u00bb{}\u00bb][\/et_pb_image][\/et_pb_column][et_pb_column type=\u00bb1_3&#8243; _builder_version=\u00bb4.19.4&#8243; _module_preset=\u00bbdefault\u00bb global_colors_info=\u00bb{}\u00bb][et_pb_image src=\u00bbhttps:\/\/landfiles.com\/wp-content\/uploads\/2023\/02\/Fotografia-\u00a9Murucuc-Transition.jpg\u00bb title_text=\u00bbFotograf\u00eda \u00a9Murucuc Transition\u00bb _builder_version=\u00bb4.19.4&#8243; _module_preset=\u00bbdefault\u00bb global_colors_info=\u00bb{}\u00bb][\/et_pb_image][\/et_pb_column][\/et_pb_row][\/et_pb_section][et_pb_section fb_built=\u00bb1&#8243; _builder_version=\u00bb4.19.4&#8243; _module_preset=\u00bbdefault\u00bb global_colors_info=\u00bb{}\u00bb][et_pb_row _builder_version=\u00bb4.19.4&#8243; _module_preset=\u00bbdefault\u00bb global_colors_info=\u00bb{}\u00bb][et_pb_column type=\u00bb4_4&#8243; _builder_version=\u00bb4.19.4&#8243; _module_preset=\u00bbdefault\u00bb global_colors_info=\u00bb{}\u00bb][et_pb_button button_url=\u00bbhttps:\/\/landfiles.com\/es\/join-esp?group=MTY2OTcxNjIyMDAyMQ==\u00bb button_text=\u00bb\u00danete al grupo\u00bb button_alignment=\u00bbcenter\u00bb _builder_version=\u00bb4.19.4&#8243; _module_preset=\u00bbdefault\u00bb global_colors_info=\u00bb{}\u00bb][\/et_pb_button][\/et_pb_column][\/et_pb_row][et_pb_row _builder_version=\u00bb4.19.4&#8243; _module_preset=\u00bbdefault\u00bb global_colors_info=\u00bb{}\u00bb][et_pb_column type=\u00bb4_4&#8243; _builder_version=\u00bb4.19.4&#8243; _module_preset=\u00bbdefault\u00bb hover_enabled=\u00bb0&#8243; global_colors_info=\u00bb{}\u00bb sticky_enabled=\u00bb0&#8243;][et_pb_image src=\u00bbhttps:\/\/landfiles.com\/wp-content\/uploads\/2024\/09\/Communidad-logos-bas-de-page-2024-09.png\u00bb alt=\u00bbColaboradores de la Comunidad de Sistemas Agroforestales\u00bb title_text=\u00bbCommunidad bottom page\u00bb admin_label=\u00bbImagen\u00bb _builder_version=\u00bb4.25.1&#8243; _module_preset=\u00bbdefault\u00bb hover_enabled=\u00bb0&#8243; global_colors_info=\u00bb{}\u00bb sticky_enabled=\u00bb0&#8243;][\/et_pb_image][\/et_pb_column][\/et_pb_row][\/et_pb_section]<\/p>\n","protected":false},"excerpt":{"rendered":"<p>Comunidad de sistemas agroforestales y cultivos mixtosEste grupo le permite principalmente: Encontrar informaci\u00f3n sobre c\u00f3mo los sistemas agroforestales y la agricultura combinada pueden aumentar la productividad, la rentabilidad y la sostenibilidad Conocer las experiencias de agricultores que aplican estos sistemas de producci\u00f3n Estar al d\u00eda sobre conferencias, cursos y publicaciones de transferencia relacionados con estos [&hellip;]<\/p>\n","protected":false},"author":14,"featured_media":11888,"parent":0,"menu_order":0,"comment_status":"closed","ping_status":"closed","template":"","meta":{"_et_pb_use_builder":"on","_et_pb_old_content":"","_et_gb_content_width":"","_exactmetrics_skip_tracking":false,"_exactmetrics_sitenote_active":false,"_exactmetrics_sitenote_note":"","_exactmetrics_sitenote_category":0,"footnotes":"","_wp_rev_ctl_limit":""},"yoast_head":"<!-- This site is optimized with the Yoast SEO plugin v24.5 - https:\/\/yoast.com\/wordpress\/plugins\/seo\/ -->\n<title>Comunidad de sistemas agroforestales y cultivos mixtos - Landfiles<\/title>\n<meta name=\"description\" content=\"Este espacio se cre\u00f3 para reunir al colectivo de personas interesadas en los sistemas agroforestales combinados y la agricultura mixta.\" \/>\n<meta name=\"robots\" content=\"index, follow, max-snippet:-1, max-image-preview:large, max-video-preview:-1\" \/>\n<link rel=\"canonical\" href=\"https:\/\/landfiles.com\/es\/comunidad-de-sistemas-agroforestales-y-cultivos-mixtos\" \/>\n<meta property=\"og:locale\" content=\"es_ES\" \/>\n<meta property=\"og:type\" content=\"article\" \/>\n<meta property=\"og:title\" content=\"Comunidad de sistemas agroforestales y cultivos mixtos - Landfiles\" \/>\n<meta property=\"og:description\" content=\"Este espacio se cre\u00f3 para reunir al colectivo de personas interesadas en los sistemas agroforestales combinados y la agricultura mixta.\" \/>\n<meta property=\"og:url\" content=\"https:\/\/landfiles.com\/es\/comunidad-de-sistemas-agroforestales-y-cultivos-mixtos\" \/>\n<meta property=\"og:site_name\" content=\"Landfiles\" \/>\n<meta property=\"article:publisher\" content=\"https:\/\/www.facebook.com\/Landfiles\/\" \/>\n<meta property=\"article:modified_time\" content=\"2024-09-14T07:44:39+00:00\" \/>\n<meta property=\"og:image\" content=\"https:\/\/landfiles.com\/wp-content\/uploads\/2023\/02\/COMUNIDAD-DE-SISTEMAS-AGROFORESTALES-Y-CULTIVOS-MIXTOS-.jpg\" \/>\n\t<meta property=\"og:image:width\" content=\"1910\" \/>\n\t<meta property=\"og:image:height\" content=\"800\" \/>\n\t<meta property=\"og:image:type\" content=\"image\/jpeg\" \/>\n<meta name=\"twitter:card\" content=\"summary_large_image\" \/>\n<meta name=\"twitter:site\" content=\"@landfiles\" \/>\n<meta name=\"twitter:label1\" content=\"Tiempo de lectura\" \/>\n\t<meta name=\"twitter:data1\" content=\"4 minutos\" \/>\n<script type=\"application\/ld+json\" class=\"yoast-schema-graph\">{\"@context\":\"https:\/\/schema.org\",\"@graph\":[{\"@type\":\"WebPage\",\"@id\":\"https:\/\/landfiles.com\/es\/comunidad-de-sistemas-agroforestales-y-cultivos-mixtos\",\"url\":\"https:\/\/landfiles.com\/es\/comunidad-de-sistemas-agroforestales-y-cultivos-mixtos\",\"name\":\"Comunidad de sistemas agroforestales y cultivos mixtos - Landfiles\",\"isPartOf\":{\"@id\":\"https:\/\/landfiles.com\/#website\"},\"primaryImageOfPage\":{\"@id\":\"https:\/\/landfiles.com\/es\/comunidad-de-sistemas-agroforestales-y-cultivos-mixtos#primaryimage\"},\"image\":{\"@id\":\"https:\/\/landfiles.com\/es\/comunidad-de-sistemas-agroforestales-y-cultivos-mixtos#primaryimage\"},\"thumbnailUrl\":\"https:\/\/landfiles.com\/wp-content\/uploads\/2023\/02\/COMUNIDAD-DE-SISTEMAS-AGROFORESTALES-Y-CULTIVOS-MIXTOS-.jpg\",\"datePublished\":\"2023-02-10T14:01:32+00:00\",\"dateModified\":\"2024-09-14T07:44:39+00:00\",\"description\":\"Este espacio se cre\u00f3 para reunir al colectivo de personas interesadas en los sistemas agroforestales combinados y la agricultura mixta.\",\"breadcrumb\":{\"@id\":\"https:\/\/landfiles.com\/es\/comunidad-de-sistemas-agroforestales-y-cultivos-mixtos#breadcrumb\"},\"inLanguage\":\"es\",\"potentialAction\":[{\"@type\":\"ReadAction\",\"target\":[\"https:\/\/landfiles.com\/es\/comunidad-de-sistemas-agroforestales-y-cultivos-mixtos\"]}]},{\"@type\":\"ImageObject\",\"inLanguage\":\"es\",\"@id\":\"https:\/\/landfiles.com\/es\/comunidad-de-sistemas-agroforestales-y-cultivos-mixtos#primaryimage\",\"url\":\"https:\/\/landfiles.com\/wp-content\/uploads\/2023\/02\/COMUNIDAD-DE-SISTEMAS-AGROFORESTALES-Y-CULTIVOS-MIXTOS-.jpg\",\"contentUrl\":\"https:\/\/landfiles.com\/wp-content\/uploads\/2023\/02\/COMUNIDAD-DE-SISTEMAS-AGROFORESTALES-Y-CULTIVOS-MIXTOS-.jpg\",\"width\":1910,\"height\":800},{\"@type\":\"BreadcrumbList\",\"@id\":\"https:\/\/landfiles.com\/es\/comunidad-de-sistemas-agroforestales-y-cultivos-mixtos#breadcrumb\",\"itemListElement\":[{\"@type\":\"ListItem\",\"position\":1,\"name\":\"Accueil\",\"item\":\"https:\/\/landfiles.com\/es\"},{\"@type\":\"ListItem\",\"position\":2,\"name\":\"Comunidad de sistemas agroforestales y cultivos mixtos\"}]},{\"@type\":\"WebSite\",\"@id\":\"https:\/\/landfiles.com\/#website\",\"url\":\"https:\/\/landfiles.com\/\",\"name\":\"Landfiles\",\"description\":\"Construisez l&#039;agriculture de demain !\",\"potentialAction\":[{\"@type\":\"SearchAction\",\"target\":{\"@type\":\"EntryPoint\",\"urlTemplate\":\"https:\/\/landfiles.com\/?s={search_term_string}\"},\"query-input\":{\"@type\":\"PropertyValueSpecification\",\"valueRequired\":true,\"valueName\":\"search_term_string\"}}],\"inLanguage\":\"es\"}]}<\/script>\n<!-- \/ Yoast SEO plugin. -->","yoast_head_json":{"title":"Comunidad de sistemas agroforestales y cultivos mixtos - Landfiles","description":"Este espacio se cre\u00f3 para reunir al colectivo de personas interesadas en los sistemas agroforestales combinados y la agricultura mixta.","robots":{"index":"index","follow":"follow","max-snippet":"max-snippet:-1","max-image-preview":"max-image-preview:large","max-video-preview":"max-video-preview:-1"},"canonical":"https:\/\/landfiles.com\/es\/comunidad-de-sistemas-agroforestales-y-cultivos-mixtos","og_locale":"es_ES","og_type":"article","og_title":"Comunidad de sistemas agroforestales y cultivos mixtos - Landfiles","og_description":"Este espacio se cre\u00f3 para reunir al colectivo de personas interesadas en los sistemas agroforestales combinados y la agricultura mixta.","og_url":"https:\/\/landfiles.com\/es\/comunidad-de-sistemas-agroforestales-y-cultivos-mixtos","og_site_name":"Landfiles","article_publisher":"https:\/\/www.facebook.com\/Landfiles\/","article_modified_time":"2024-09-14T07:44:39+00:00","og_image":[{"width":1910,"height":800,"url":"https:\/\/landfiles.com\/wp-content\/uploads\/2023\/02\/COMUNIDAD-DE-SISTEMAS-AGROFORESTALES-Y-CULTIVOS-MIXTOS-.jpg","type":"image\/jpeg"}],"twitter_card":"summary_large_image","twitter_site":"@landfiles","twitter_misc":{"Tiempo de lectura":"4 minutos"},"schema":{"@context":"https:\/\/schema.org","@graph":[{"@type":"WebPage","@id":"https:\/\/landfiles.com\/es\/comunidad-de-sistemas-agroforestales-y-cultivos-mixtos","url":"https:\/\/landfiles.com\/es\/comunidad-de-sistemas-agroforestales-y-cultivos-mixtos","name":"Comunidad de sistemas agroforestales y cultivos mixtos - Landfiles","isPartOf":{"@id":"https:\/\/landfiles.com\/#website"},"primaryImageOfPage":{"@id":"https:\/\/landfiles.com\/es\/comunidad-de-sistemas-agroforestales-y-cultivos-mixtos#primaryimage"},"image":{"@id":"https:\/\/landfiles.com\/es\/comunidad-de-sistemas-agroforestales-y-cultivos-mixtos#primaryimage"},"thumbnailUrl":"https:\/\/landfiles.com\/wp-content\/uploads\/2023\/02\/COMUNIDAD-DE-SISTEMAS-AGROFORESTALES-Y-CULTIVOS-MIXTOS-.jpg","datePublished":"2023-02-10T14:01:32+00:00","dateModified":"2024-09-14T07:44:39+00:00","description":"Este espacio se cre\u00f3 para reunir al colectivo de personas interesadas en los sistemas agroforestales combinados y la agricultura mixta.","breadcrumb":{"@id":"https:\/\/landfiles.com\/es\/comunidad-de-sistemas-agroforestales-y-cultivos-mixtos#breadcrumb"},"inLanguage":"es","potentialAction":[{"@type":"ReadAction","target":["https:\/\/landfiles.com\/es\/comunidad-de-sistemas-agroforestales-y-cultivos-mixtos"]}]},{"@type":"ImageObject","inLanguage":"es","@id":"https:\/\/landfiles.com\/es\/comunidad-de-sistemas-agroforestales-y-cultivos-mixtos#primaryimage","url":"https:\/\/landfiles.com\/wp-content\/uploads\/2023\/02\/COMUNIDAD-DE-SISTEMAS-AGROFORESTALES-Y-CULTIVOS-MIXTOS-.jpg","contentUrl":"https:\/\/landfiles.com\/wp-content\/uploads\/2023\/02\/COMUNIDAD-DE-SISTEMAS-AGROFORESTALES-Y-CULTIVOS-MIXTOS-.jpg","width":1910,"height":800},{"@type":"BreadcrumbList","@id":"https:\/\/landfiles.com\/es\/comunidad-de-sistemas-agroforestales-y-cultivos-mixtos#breadcrumb","itemListElement":[{"@type":"ListItem","position":1,"name":"Accueil","item":"https:\/\/landfiles.com\/es"},{"@type":"ListItem","position":2,"name":"Comunidad de sistemas agroforestales y cultivos mixtos"}]},{"@type":"WebSite","@id":"https:\/\/landfiles.com\/#website","url":"https:\/\/landfiles.com\/","name":"Landfiles","description":"Construisez l&#039;agriculture de demain !","potentialAction":[{"@type":"SearchAction","target":{"@type":"EntryPoint","urlTemplate":"https:\/\/landfiles.com\/?s={search_term_string}"},"query-input":{"@type":"PropertyValueSpecification","valueRequired":true,"valueName":"search_term_string"}}],"inLanguage":"es"}]}},"_links":{"self":[{"href":"https:\/\/landfiles.com\/es\/wp-json\/wp\/v2\/pages\/11902"}],"collection":[{"href":"https:\/\/landfiles.com\/es\/wp-json\/wp\/v2\/pages"}],"about":[{"href":"https:\/\/landfiles.com\/es\/wp-json\/wp\/v2\/types\/page"}],"author":[{"embeddable":true,"href":"https:\/\/landfiles.com\/es\/wp-json\/wp\/v2\/users\/14"}],"replies":[{"embeddable":true,"href":"https:\/\/landfiles.com\/es\/wp-json\/wp\/v2\/comments?post=11902"}],"version-history":[{"count":16,"href":"https:\/\/landfiles.com\/es\/wp-json\/wp\/v2\/pages\/11902\/revisions"}],"predecessor-version":[{"id":20848,"href":"https:\/\/landfiles.com\/es\/wp-json\/wp\/v2\/pages\/11902\/revisions\/20848"}],"wp:featuredmedia":[{"embeddable":true,"href":"https:\/\/landfiles.com\/es\/wp-json\/wp\/v2\/media\/11888"}],"wp:attachment":[{"href":"https:\/\/landfiles.com\/es\/wp-json\/wp\/v2\/media?parent=11902"}],"curies":[{"name":"wp","href":"https:\/\/api.w.org\/{rel}","templated":true}]}}