{"id":11926,"date":"2023-02-22T14:52:51","date_gmt":"2023-02-22T14:52:51","guid":{"rendered":"https:\/\/landfiles.com\/?page_id=11926"},"modified":"2023-03-16T15:29:47","modified_gmt":"2023-03-16T15:29:47","slug":"join-esp-es","status":"publish","type":"page","link":"https:\/\/landfiles.com\/es\/join-esp-es","title":{"rendered":"\u00danete al grupo"},"content":{"rendered":"<p>[et_pb_section fb_built=\u00bb1&#8243; _builder_version=\u00bb4.16&#8243; global_colors_info=\u00bb{}\u00bb][et_pb_row _builder_version=\u00bb4.19.4&#8243; background_size=\u00bbinitial\u00bb background_position=\u00bbtop_left\u00bb background_repeat=\u00bbrepeat\u00bb global_colors_info=\u00bb{}\u00bb][et_pb_column type=\u00bb4_4&#8243; _builder_version=\u00bb4.16&#8243; custom_padding=\u00bb|||\u00bb global_colors_info=\u00bb{}\u00bb custom_padding__hover=\u00bb|||\u00bb][et_pb_text _builder_version=\u00bb4.16&#8243; background_size=\u00bbinitial\u00bb background_position=\u00bbtop_left\u00bb background_repeat=\u00bbrepeat\u00bb global_colors_info=\u00bb{}\u00bb]<\/p>\n<p>&nbsp;<\/p>\n<div id=\"image_container\" style=\"display: flex; justify-content: center;\"><img loading=\"lazy\" decoding=\"async\" id=\"groupImage\" style=\"border-radius: 50%; box-shadow: 0px 0px 16px 0px #efefef;\" src=\"https:\/\/landfiles.com\/wp-content\/uploads\/2020\/09\/group-300x300.png\" alt=\"Avatar\" width=\"80\" height=\"80\" \/><\/div>\n<div><\/div>\n<div id=\"mobile_dialog_footer\" class=\"mobile-footer-dialog\">\n<div class=\"dialog-buttons-container\"><\/div>\n<div class=\"dialog-buttons-container\"><span style=\"vertical-align: inherit;\"><span style=\"vertical-align: inherit;\"><\/span><\/span><\/div>\n<div class=\"dialog-buttons-container\"><span style=\"vertical-align: inherit;\"><span style=\"vertical-align: inherit;\"><\/span><\/span><\/div>\n<\/div>\n<p><span style=\"vertical-align: inherit;\"><span style=\"vertical-align: inherit;\"><\/span><\/span><\/p>\n<p><span style=\"vertical-align: inherit;\"><span style=\"vertical-align: inherit;\"><\/span><\/span><\/p>\n<p>Este grupo le permite:<br \/>\u2013 encontrar informaci\u00f3n sobre c\u00f3mo los sistemas agroforestales y la agricultura combinada pueden aumentar la productividad, la rentabilidad y la sostenibilidad<br \/>\u2013 conocer las experiencias de agricultores que aplican estos sistemas de producci\u00f3n en su entorno-mantenerse al d\u00eda de las conferencias, cursos y publicaciones de transferencia relacionadas<br \/>-etc\u2026<\/p>\n<p>Por favor, cada miembro de este grupo puede elegir un caso de estudio, una experiencia que quiera compartir en este grupo para dar ejemplos a otros agricultores y hacer que quieran involucrarse en estas pr\u00e1cticas, o simplemente hacer preguntas a la comunidad.<\/p>\n<p>Este grupo es suyo, para permitirle intercambiar y progresar mientras enriquece la base de conocimientos. <\/p>\n<p>Todos los datos compartidos en este grupo est\u00e1n protegidos por las leyes europeas y no se comparten fuera de este grupo.<\/p>\n<p>[\/et_pb_text][\/et_pb_column][\/et_pb_row][et_pb_row _builder_version=\u00bb4.19.4&#8243; _module_preset=\u00bbdefault\u00bb global_colors_info=\u00bb{}\u00bb][et_pb_column type=\u00bb4_4&#8243; _builder_version=\u00bb4.19.4&#8243; _module_preset=\u00bbdefault\u00bb global_colors_info=\u00bb{}\u00bb][et_pb_button button_url=\u00bbhttps:\/\/landfiles.com\/join?group=MTY2OTcxNjIyMDAyMQ==\u00bb url_new_window=\u00bbon\u00bb button_text=\u00bb\u00danete al grupo\u00bb button_alignment=\u00bbcenter\u00bb _builder_version=\u00bb4.19.4&#8243; _module_preset=\u00bbdefault\u00bb global_colors_info=\u00bb{}\u00bb][\/et_pb_button][\/et_pb_column][\/et_pb_row][\/et_pb_section]<\/p>\n","protected":false},"excerpt":{"rendered":"<p>Landfiles, la plateforme collaborative du monde agricole<\/p>\n","protected":false},"author":19,"featured_media":0,"parent":0,"menu_order":0,"comment_status":"closed","ping_status":"closed","template":"","meta":{"_et_pb_use_builder":"on","_et_pb_old_content":"<p><style><span data-mce-type=\"bookmark\" style=\"display: inline-block; width: 0px; overflow: hidden; line-height: 0;\" class=\"mce_SELRES_start\">\ufeff<\/span>#joinButton{text-align: center; background-color: rgb(137 172 106); color: white; border-radius: 7px; width: fit-content; padding: 13px 60px; cursor: pointer; font-size: smaller; height: 50px;}#description{text-align-last: center; margin-bottom: 14px; white-space: pre-line;}.mobile-footer-dialog{position: fixed; left: 0; bottom: 0; width: 100%; background-color: #89ac6a; color: white; text-align: left; display: block; padding: 16px 10px;}.dialog-buttons-container{display: flex; flex-direction: row; justify-content: space-between;}.dialog-button{height: 30px; border-radius: 40px; border-width: 1px; border-style: solid; border-color: white;}.later{background-color: transparent; color: white;}.now{background-color: white; color: #89ac6a;}<\/style><\/p><div id=\"image_container\" style=\"display: flex; justify-content: center;\"><img id=\"groupImage\" style=\"border-radius: 50%; box-shadow: 0px 0px 16px 0px #efefef;\" src=\"http:\/\/landfiles.com\/wp-content\/uploads\/2020\/09\/group-300x300.png\" alt=\"Avatar\" width=\"80\" height=\"80\" \/><\/div><div>\u00a0<\/div><div id=\"mobile_dialog_footer\" class=\"mobile-footer-dialog\"><div>T\u00e9l\u00e9chargez l'application landfiles pour profiter d'une exp\u00e9rience compl\u00e8te<\/div><div class=\"dialog-buttons-container\"><input class=\"dialog-button later\" type=\"button\" value=\"Plus tard\" \/> <input class=\"dialog-button now\" type=\"button\" value=\"utiliser l'application\" \/><\/div><\/div><p>Este grupo le permite:<br \/>- encontrar informaci\u00f3n sobre c\u00f3mo los sistemas agroforestales y la agricultura combinada pueden aumentar la productividad, la rentabilidad y la sostenibilidad<br \/>- conocer las experiencias de agricultores que aplican estos sistemas de producci\u00f3n en su entorno-mantenerse al d\u00eda de las conferencias, cursos y publicaciones de transferencia relacionadas<br \/>-etc...<\/p><p>Por favor, cada miembro de este grupo puede elegir un caso de estudio, una experiencia que quiera compartir en este grupo para dar ejemplos a otros agricultores y hacer que quieran involucrarse en estas pr\u00e1cticas, o simplemente hacer preguntas a la comunidad.<\/p><p>Este grupo es suyo, para permitirle intercambiar y progresar mientras enriquece la base de conocimientos.<br \/>Todos los datos compartidos en este grupo est\u00e1n protegidos por las leyes europeas y no se comparten fuera de este grupo.<\/p>","_et_gb_content_width":"","_exactmetrics_skip_tracking":false,"_exactmetrics_sitenote_active":false,"_exactmetrics_sitenote_note":"","_exactmetrics_sitenote_category":0,"footnotes":"","_wp_rev_ctl_limit":""},"yoast_head":"<!-- This site is optimized with the Yoast SEO plugin v24.5 - https:\/\/yoast.com\/wordpress\/plugins\/seo\/ -->\n<title>\u00danete al grupo - Landfiles<\/title>\n<meta name=\"description\" content=\"Este grupo es suyo, para permitirle intercambiar y progresar mientras enriquece los conocimientos agroforestales y cultivos mixtos\" \/>\n<meta name=\"robots\" content=\"index, follow, max-snippet:-1, max-image-preview:large, max-video-preview:-1\" \/>\n<link rel=\"canonical\" href=\"https:\/\/landfiles.com\/es\/join-esp-es\" \/>\n<meta property=\"og:locale\" content=\"es_ES\" \/>\n<meta property=\"og:type\" content=\"article\" \/>\n<meta property=\"og:title\" content=\"\u00danete al grupo - Landfiles\" \/>\n<meta property=\"og:description\" content=\"Este grupo es suyo, para permitirle intercambiar y progresar mientras enriquece los conocimientos agroforestales y cultivos mixtos\" \/>\n<meta property=\"og:url\" content=\"https:\/\/landfiles.com\/es\/join-esp-es\" \/>\n<meta property=\"og:site_name\" content=\"Landfiles\" \/>\n<meta property=\"article:publisher\" content=\"https:\/\/www.facebook.com\/Landfiles\/\" \/>\n<meta property=\"article:modified_time\" content=\"2023-03-16T15:29:47+00:00\" \/>\n<meta property=\"og:image\" content=\"https:\/\/landfiles.com\/wp-content\/uploads\/2020\/09\/group-300x300.png\" \/>\n<meta name=\"twitter:card\" content=\"summary_large_image\" \/>\n<meta name=\"twitter:site\" content=\"@landfiles\" \/>\n<meta name=\"twitter:label1\" content=\"Tiempo de lectura\" \/>\n\t<meta name=\"twitter:data1\" content=\"2 minutos\" \/>\n<script type=\"application\/ld+json\" class=\"yoast-schema-graph\">{\"@context\":\"https:\/\/schema.org\",\"@graph\":[{\"@type\":\"WebPage\",\"@id\":\"https:\/\/landfiles.com\/es\/join-esp-es\",\"url\":\"https:\/\/landfiles.com\/es\/join-esp-es\",\"name\":\"\u00danete al grupo - Landfiles\",\"isPartOf\":{\"@id\":\"https:\/\/landfiles.com\/#website\"},\"primaryImageOfPage\":{\"@id\":\"https:\/\/landfiles.com\/es\/join-esp-es#primaryimage\"},\"image\":{\"@id\":\"https:\/\/landfiles.com\/es\/join-esp-es#primaryimage\"},\"thumbnailUrl\":\"https:\/\/landfiles.com\/wp-content\/uploads\/2020\/09\/group-300x300.png\",\"datePublished\":\"2023-02-22T14:52:51+00:00\",\"dateModified\":\"2023-03-16T15:29:47+00:00\",\"description\":\"Este grupo es suyo, para permitirle intercambiar y progresar mientras enriquece los conocimientos agroforestales y cultivos mixtos\",\"breadcrumb\":{\"@id\":\"https:\/\/landfiles.com\/es\/join-esp-es#breadcrumb\"},\"inLanguage\":\"es\",\"potentialAction\":[{\"@type\":\"ReadAction\",\"target\":[\"https:\/\/landfiles.com\/es\/join-esp-es\"]}]},{\"@type\":\"ImageObject\",\"inLanguage\":\"es\",\"@id\":\"https:\/\/landfiles.com\/es\/join-esp-es#primaryimage\",\"url\":\"https:\/\/landfiles.com\/wp-content\/uploads\/2020\/09\/group-300x300.png\",\"contentUrl\":\"https:\/\/landfiles.com\/wp-content\/uploads\/2020\/09\/group-300x300.png\"},{\"@type\":\"BreadcrumbList\",\"@id\":\"https:\/\/landfiles.com\/es\/join-esp-es#breadcrumb\",\"itemListElement\":[{\"@type\":\"ListItem\",\"position\":1,\"name\":\"Accueil\",\"item\":\"https:\/\/landfiles.com\/es\"},{\"@type\":\"ListItem\",\"position\":2,\"name\":\"\u00danete al grupo\"}]},{\"@type\":\"WebSite\",\"@id\":\"https:\/\/landfiles.com\/#website\",\"url\":\"https:\/\/landfiles.com\/\",\"name\":\"Landfiles\",\"description\":\"Construisez l&#039;agriculture de demain !\",\"potentialAction\":[{\"@type\":\"SearchAction\",\"target\":{\"@type\":\"EntryPoint\",\"urlTemplate\":\"https:\/\/landfiles.com\/?s={search_term_string}\"},\"query-input\":{\"@type\":\"PropertyValueSpecification\",\"valueRequired\":true,\"valueName\":\"search_term_string\"}}],\"inLanguage\":\"es\"}]}<\/script>\n<!-- \/ Yoast SEO plugin. -->","yoast_head_json":{"title":"\u00danete al grupo - Landfiles","description":"Este grupo es suyo, para permitirle intercambiar y progresar mientras enriquece los conocimientos agroforestales y cultivos mixtos","robots":{"index":"index","follow":"follow","max-snippet":"max-snippet:-1","max-image-preview":"max-image-preview:large","max-video-preview":"max-video-preview:-1"},"canonical":"https:\/\/landfiles.com\/es\/join-esp-es","og_locale":"es_ES","og_type":"article","og_title":"\u00danete al grupo - Landfiles","og_description":"Este grupo es suyo, para permitirle intercambiar y progresar mientras enriquece los conocimientos agroforestales y cultivos mixtos","og_url":"https:\/\/landfiles.com\/es\/join-esp-es","og_site_name":"Landfiles","article_publisher":"https:\/\/www.facebook.com\/Landfiles\/","article_modified_time":"2023-03-16T15:29:47+00:00","og_image":[{"url":"https:\/\/landfiles.com\/wp-content\/uploads\/2020\/09\/group-300x300.png","type":"","width":"","height":""}],"twitter_card":"summary_large_image","twitter_site":"@landfiles","twitter_misc":{"Tiempo de lectura":"2 minutos"},"schema":{"@context":"https:\/\/schema.org","@graph":[{"@type":"WebPage","@id":"https:\/\/landfiles.com\/es\/join-esp-es","url":"https:\/\/landfiles.com\/es\/join-esp-es","name":"\u00danete al grupo - Landfiles","isPartOf":{"@id":"https:\/\/landfiles.com\/#website"},"primaryImageOfPage":{"@id":"https:\/\/landfiles.com\/es\/join-esp-es#primaryimage"},"image":{"@id":"https:\/\/landfiles.com\/es\/join-esp-es#primaryimage"},"thumbnailUrl":"https:\/\/landfiles.com\/wp-content\/uploads\/2020\/09\/group-300x300.png","datePublished":"2023-02-22T14:52:51+00:00","dateModified":"2023-03-16T15:29:47+00:00","description":"Este grupo es suyo, para permitirle intercambiar y progresar mientras enriquece los conocimientos agroforestales y cultivos mixtos","breadcrumb":{"@id":"https:\/\/landfiles.com\/es\/join-esp-es#breadcrumb"},"inLanguage":"es","potentialAction":[{"@type":"ReadAction","target":["https:\/\/landfiles.com\/es\/join-esp-es"]}]},{"@type":"ImageObject","inLanguage":"es","@id":"https:\/\/landfiles.com\/es\/join-esp-es#primaryimage","url":"https:\/\/landfiles.com\/wp-content\/uploads\/2020\/09\/group-300x300.png","contentUrl":"https:\/\/landfiles.com\/wp-content\/uploads\/2020\/09\/group-300x300.png"},{"@type":"BreadcrumbList","@id":"https:\/\/landfiles.com\/es\/join-esp-es#breadcrumb","itemListElement":[{"@type":"ListItem","position":1,"name":"Accueil","item":"https:\/\/landfiles.com\/es"},{"@type":"ListItem","position":2,"name":"\u00danete al grupo"}]},{"@type":"WebSite","@id":"https:\/\/landfiles.com\/#website","url":"https:\/\/landfiles.com\/","name":"Landfiles","description":"Construisez l&#039;agriculture de demain !","potentialAction":[{"@type":"SearchAction","target":{"@type":"EntryPoint","urlTemplate":"https:\/\/landfiles.com\/?s={search_term_string}"},"query-input":{"@type":"PropertyValueSpecification","valueRequired":true,"valueName":"search_term_string"}}],"inLanguage":"es"}]}},"_links":{"self":[{"href":"https:\/\/landfiles.com\/es\/wp-json\/wp\/v2\/pages\/11926"}],"collection":[{"href":"https:\/\/landfiles.com\/es\/wp-json\/wp\/v2\/pages"}],"about":[{"href":"https:\/\/landfiles.com\/es\/wp-json\/wp\/v2\/types\/page"}],"author":[{"embeddable":true,"href":"https:\/\/landfiles.com\/es\/wp-json\/wp\/v2\/users\/19"}],"replies":[{"embeddable":true,"href":"https:\/\/landfiles.com\/es\/wp-json\/wp\/v2\/comments?post=11926"}],"version-history":[{"count":9,"href":"https:\/\/landfiles.com\/es\/wp-json\/wp\/v2\/pages\/11926\/revisions"}],"predecessor-version":[{"id":11982,"href":"https:\/\/landfiles.com\/es\/wp-json\/wp\/v2\/pages\/11926\/revisions\/11982"}],"wp:attachment":[{"href":"https:\/\/landfiles.com\/es\/wp-json\/wp\/v2\/media?parent=11926"}],"curies":[{"name":"wp","href":"https:\/\/api.w.org\/{rel}","templated":true}]}}