{"id":17207,"date":"2021-11-05T14:03:07","date_gmt":"2021-11-05T14:03:07","guid":{"rendered":"https:\/\/landfiles.com\/tutoriales"},"modified":"2024-02-12T08:41:43","modified_gmt":"2024-02-12T08:41:43","slug":"tutoriales","status":"publish","type":"page","link":"https:\/\/landfiles.com\/es\/tutoriales","title":{"rendered":"TUTORIALES"},"content":{"rendered":"<p>[et_pb_section fb_built=\u00bb1&#8243; _builder_version=\u00bb4.16&#8243; background_color=\u00bb#9fbb3f\u00bb custom_padding=\u00bb43px|0px|35px|0px|false|false\u00bb saved_tabs=\u00bball\u00bb locked=\u00bboff\u00bb collapsed=\u00bboff\u00bb global_colors_info=\u00bb{}\u00bb][et_pb_row _builder_version=\u00bb4.16&#8243; custom_padding=\u00bb0|0px|3px|0px|false|false\u00bb global_colors_info=\u00bb{}\u00bb][et_pb_column type=\u00bb4_4&#8243; _builder_version=\u00bb4.16&#8243; custom_padding=\u00bb|||\u00bb global_colors_info=\u00bb{}\u00bb custom_padding__hover=\u00bb|||\u00bb][et_pb_text _builder_version=\u00bb4.16&#8243; text_font=\u00bb||||||||\u00bb text_text_color=\u00bb#ffffff\u00bb text_font_size=\u00bb35px\u00bb global_colors_info=\u00bb{}\u00bb]<\/p>\n<p style=\"text-align: center;\">Tutoriales<\/p>\n<p>[\/et_pb_text][\/et_pb_column][\/et_pb_row][\/et_pb_section][et_pb_section fb_built=\u00bb1&#8243; specialty=\u00bbon\u00bb _builder_version=\u00bb4.16&#8243; locked=\u00bboff\u00bb global_colors_info=\u00bb{}\u00bb][et_pb_column type=\u00bb1_4&#8243; _builder_version=\u00bb4.16&#8243; custom_padding=\u00bb|||\u00bb global_colors_info=\u00bb{}\u00bb parallax__hover=\u00bboff\u00bb parallax_method__hover=\u00bbon\u00bb custom_padding__hover=\u00bb|||\u00bb][et_pb_sidebar area=\u00bbet_pb_widget_area_5&#8243; _builder_version=\u00bb4.23&#8243; custom_margin=\u00bb|||\u00bb border_color_all=\u00bb#ffffff\u00bb global_colors_info=\u00bb{}\u00bb][\/et_pb_sidebar][\/et_pb_column][et_pb_column type=\u00bb3_4&#8243; specialty_columns=\u00bb3&#8243; _builder_version=\u00bb4.16&#8243; custom_padding=\u00bb|||\u00bb global_colors_info=\u00bb{}\u00bb parallax__hover=\u00bboff\u00bb parallax_method__hover=\u00bbon\u00bb custom_padding__hover=\u00bb|||\u00bb][et_pb_row_inner _builder_version=\u00bb4.16&#8243; global_colors_info=\u00bb{}\u00bb][et_pb_column_inner saved_specialty_column_type=\u00bb3_4&#8243; _builder_version=\u00bb4.16&#8243; custom_padding=\u00bb|||\u00bb global_colors_info=\u00bb{}\u00bb parallax__hover=\u00bboff\u00bb parallax_method__hover=\u00bbon\u00bb custom_padding__hover=\u00bb|||\u00bb][et_pb_text _builder_version=\u00bb4.16&#8243; header_font=\u00bb||||||||\u00bb header_text_color=\u00bb#23994e\u00bb background_size=\u00bbinitial\u00bb background_position=\u00bbtop_left\u00bb background_repeat=\u00bbrepeat\u00bb custom_padding=\u00bb||0px|||\u00bb global_colors_info=\u00bb{}\u00bb]<\/p>\n<h1><span style=\"color: #9fbb3f;\">Familiar\u00edzate con la aplicaci\u00f3n con nuestros tutoriales<\/span><\/h1>\n<p>[\/et_pb_text][\/et_pb_column_inner][\/et_pb_row_inner][et_pb_row_inner column_structure=\u00bb1_2,1_2&#8243; _builder_version=\u00bb4.16&#8243; custom_padding=\u00bb13px|||||\u00bb global_colors_info=\u00bb{}\u00bb][et_pb_column_inner type=\u00bb1_2&#8243; saved_specialty_column_type=\u00bb3_4&#8243; _builder_version=\u00bb4.16&#8243; custom_padding=\u00bb|||\u00bb global_colors_info=\u00bb{}\u00bb parallax__hover=\u00bboff\u00bb parallax_method__hover=\u00bbon\u00bb custom_padding__hover=\u00bb|||\u00bb][et_pb_cta title=\u00bbAprende a publicar\u00bb button_url=\u00bbhttps:\/\/landfiles.com\/es\/how-to-add-a-post\u00bb button_text=\u00bbYo descubro\u00bb _builder_version=\u00bb4.23&#8243; background_color=\u00bb#9fbb3f\u00bb min_height=\u00bb199px\u00bb custom_margin=\u00bb||26px|||\u00bb hover_enabled=\u00bb0&#8243; global_colors_info=\u00bb{}\u00bb sticky_enabled=\u00bb0&#8243;]<\/p>\n<p>Realice su primer env\u00edo con o sin datos<\/p>\n<p>[\/et_pb_cta][\/et_pb_column_inner][et_pb_column_inner type=\u00bb1_2&#8243; saved_specialty_column_type=\u00bb3_4&#8243; _builder_version=\u00bb4.16&#8243; custom_padding=\u00bb|||\u00bb global_colors_info=\u00bb{}\u00bb parallax__hover=\u00bboff\u00bb parallax_method__hover=\u00bbon\u00bb custom_padding__hover=\u00bb|||\u00bb][et_pb_cta title=\u00bbCrea tu grupo\u00bb button_url=\u00bbhttps:\/\/landfiles.com\/es\/how-to-start-a-group\u00bb button_text=\u00bbYo descubro\u00bb _builder_version=\u00bb4.23&#8243; background_color=\u00bb#9fbb3f\u00bb min_height=\u00bb162px\u00bb custom_padding=\u00bb||18px|||\u00bb hover_enabled=\u00bb0&#8243; global_colors_info=\u00bb{}\u00bb sticky_enabled=\u00bb0&#8243;]<\/p>\n<p>Cree su propio grupo privado, invite a sus miembros y comparta sus proyectos comunes.<\/p>\n<p>[\/et_pb_cta][\/et_pb_column_inner][\/et_pb_row_inner][et_pb_row_inner column_structure=\u00bb1_2,1_2&#8243; _builder_version=\u00bb4.16&#8243; custom_padding=\u00bb13px|||||\u00bb global_colors_info=\u00bb{}\u00bb][et_pb_column_inner type=\u00bb1_2&#8243; saved_specialty_column_type=\u00bb3_4&#8243; _builder_version=\u00bb4.16&#8243; custom_padding=\u00bb|||\u00bb global_colors_info=\u00bb{}\u00bb parallax__hover=\u00bboff\u00bb parallax_method__hover=\u00bbon\u00bb custom_padding__hover=\u00bb|||\u00bb][et_pb_cta title=\u00bbTodo sobre tu finca\u00bb button_url=\u00bbhttps:\/\/landfiles.com\/es\/what-is-a-farm\u00bb button_text=\u00bbYo descubro\u00bb _builder_version=\u00bb4.23&#8243; background_color=\u00bb#9fbb3f\u00bb min_height=\u00bb276px\u00bb custom_margin=\u00bb-25px|-2px|28px|||\u00bb custom_padding=\u00bb40px|||||\u00bb hover_enabled=\u00bb0&#8243; global_colors_info=\u00bb{}\u00bb sticky_enabled=\u00bb0&#8243;]<\/p>\n<p>Aprende a crear su finca, desarrollarla y gestionar sus parcelas<\/p>\n<p>[\/et_pb_cta][\/et_pb_column_inner][et_pb_column_inner type=\u00bb1_2&#8243; saved_specialty_column_type=\u00bb3_4&#8243; _builder_version=\u00bb4.16&#8243; custom_padding=\u00bb|||\u00bb global_colors_info=\u00bb{}\u00bb parallax__hover=\u00bboff\u00bb parallax_method__hover=\u00bbon\u00bb custom_padding__hover=\u00bb|||\u00bb][et_pb_cta title=\u00bbIntercambia\u00bb button_url=\u00bbhttps:\/\/landfiles.com\/es\/how-to-like-a-post\u00bb button_text=\u00bbYo descubro\u00bb _builder_version=\u00bb4.23&#8243; background_color=\u00bb#9fbb3f\u00bb min_height=\u00bb75px\u00bb custom_margin=\u00bb-25px||27px|||\u00bb custom_padding=\u00bb40px||57px|||\u00bb hover_enabled=\u00bb0&#8243; global_colors_info=\u00bb{}\u00bb sticky_enabled=\u00bb0&#8243;]<\/p>\n<p>Descubre c\u00f3mo interactuar con otros miembros e iniciar conversaciones<\/p>\n<p>[\/et_pb_cta][\/et_pb_column_inner][\/et_pb_row_inner][\/et_pb_column][\/et_pb_section]<\/p>\n","protected":false},"excerpt":{"rendered":"<p>TutorialesFamiliar\u00edzate con la aplicaci\u00f3n con nuestros tutorialesRealice su primer env\u00edo con o sin datosCree su propio grupo privado, invite a sus miembros y comparta sus proyectos comunes.Aprende a crear su finca, desarrollarla y gestionar sus parcelasDescubre c\u00f3mo interactuar con otros miembros e iniciar conversaciones<\/p>\n","protected":false},"author":14,"featured_media":0,"parent":0,"menu_order":0,"comment_status":"closed","ping_status":"closed","template":"","meta":{"_et_pb_use_builder":"on","_et_pb_old_content":"","_et_gb_content_width":"","_exactmetrics_skip_tracking":false,"_exactmetrics_sitenote_active":false,"_exactmetrics_sitenote_note":"","_exactmetrics_sitenote_category":0,"footnotes":"","_wp_rev_ctl_limit":""},"yoast_head":"<!-- This site is optimized with the Yoast SEO plugin v24.5 - https:\/\/yoast.com\/wordpress\/plugins\/seo\/ -->\n<title>TUTORIALES - Landfiles<\/title>\n<meta name=\"description\" content=\"Encuentre todos los tutoriales para familiarizarse f\u00e1cilmente con Landfiles. Gesti\u00f3n de grupos, creaci\u00f3n de publicaciones, etc... \u00a1todo est\u00e1 aqu\u00ed!\" \/>\n<meta name=\"robots\" content=\"index, follow, max-snippet:-1, max-image-preview:large, max-video-preview:-1\" \/>\n<link rel=\"canonical\" href=\"https:\/\/landfiles.com\/es\/tutoriales\" \/>\n<meta property=\"og:locale\" content=\"es_ES\" \/>\n<meta property=\"og:type\" content=\"article\" \/>\n<meta property=\"og:title\" content=\"TUTORIALES - Landfiles\" \/>\n<meta property=\"og:description\" content=\"Encuentre todos los tutoriales para familiarizarse f\u00e1cilmente con Landfiles. Gesti\u00f3n de grupos, creaci\u00f3n de publicaciones, etc... \u00a1todo est\u00e1 aqu\u00ed!\" \/>\n<meta property=\"og:url\" content=\"https:\/\/landfiles.com\/es\/tutoriales\" \/>\n<meta property=\"og:site_name\" content=\"Landfiles\" \/>\n<meta property=\"article:publisher\" content=\"https:\/\/www.facebook.com\/Landfiles\/\" \/>\n<meta property=\"article:modified_time\" content=\"2024-02-12T08:41:43+00:00\" \/>\n<meta property=\"og:image\" content=\"https:\/\/landfiles.com\/wp-content\/uploads\/2019\/09\/Champ1.jpg\" \/>\n\t<meta property=\"og:image:width\" content=\"1024\" \/>\n\t<meta property=\"og:image:height\" content=\"768\" \/>\n\t<meta property=\"og:image:type\" content=\"image\/jpeg\" \/>\n<meta name=\"twitter:card\" content=\"summary_large_image\" \/>\n<meta name=\"twitter:site\" content=\"@landfiles\" \/>\n<meta name=\"twitter:label1\" content=\"Tiempo de lectura\" \/>\n\t<meta name=\"twitter:data1\" content=\"3 minutos\" \/>\n<script type=\"application\/ld+json\" class=\"yoast-schema-graph\">{\"@context\":\"https:\/\/schema.org\",\"@graph\":[{\"@type\":\"WebPage\",\"@id\":\"https:\/\/landfiles.com\/es\/tutoriales\",\"url\":\"https:\/\/landfiles.com\/es\/tutoriales\",\"name\":\"TUTORIALES - Landfiles\",\"isPartOf\":{\"@id\":\"https:\/\/landfiles.com\/#website\"},\"datePublished\":\"2021-11-05T14:03:07+00:00\",\"dateModified\":\"2024-02-12T08:41:43+00:00\",\"description\":\"Encuentre todos los tutoriales para familiarizarse f\u00e1cilmente con Landfiles. Gesti\u00f3n de grupos, creaci\u00f3n de publicaciones, etc... \u00a1todo est\u00e1 aqu\u00ed!\",\"breadcrumb\":{\"@id\":\"https:\/\/landfiles.com\/es\/tutoriales#breadcrumb\"},\"inLanguage\":\"es\",\"potentialAction\":[{\"@type\":\"ReadAction\",\"target\":[\"https:\/\/landfiles.com\/es\/tutoriales\"]}]},{\"@type\":\"BreadcrumbList\",\"@id\":\"https:\/\/landfiles.com\/es\/tutoriales#breadcrumb\",\"itemListElement\":[{\"@type\":\"ListItem\",\"position\":1,\"name\":\"Accueil\",\"item\":\"https:\/\/landfiles.com\/es\"},{\"@type\":\"ListItem\",\"position\":2,\"name\":\"TUTORIALES\"}]},{\"@type\":\"WebSite\",\"@id\":\"https:\/\/landfiles.com\/#website\",\"url\":\"https:\/\/landfiles.com\/\",\"name\":\"Landfiles\",\"description\":\"Construisez l&#039;agriculture de demain !\",\"potentialAction\":[{\"@type\":\"SearchAction\",\"target\":{\"@type\":\"EntryPoint\",\"urlTemplate\":\"https:\/\/landfiles.com\/?s={search_term_string}\"},\"query-input\":{\"@type\":\"PropertyValueSpecification\",\"valueRequired\":true,\"valueName\":\"search_term_string\"}}],\"inLanguage\":\"es\"}]}<\/script>\n<!-- \/ Yoast SEO plugin. -->","yoast_head_json":{"title":"TUTORIALES - Landfiles","description":"Encuentre todos los tutoriales para familiarizarse f\u00e1cilmente con Landfiles. Gesti\u00f3n de grupos, creaci\u00f3n de publicaciones, etc... \u00a1todo est\u00e1 aqu\u00ed!","robots":{"index":"index","follow":"follow","max-snippet":"max-snippet:-1","max-image-preview":"max-image-preview:large","max-video-preview":"max-video-preview:-1"},"canonical":"https:\/\/landfiles.com\/es\/tutoriales","og_locale":"es_ES","og_type":"article","og_title":"TUTORIALES - Landfiles","og_description":"Encuentre todos los tutoriales para familiarizarse f\u00e1cilmente con Landfiles. Gesti\u00f3n de grupos, creaci\u00f3n de publicaciones, etc... \u00a1todo est\u00e1 aqu\u00ed!","og_url":"https:\/\/landfiles.com\/es\/tutoriales","og_site_name":"Landfiles","article_publisher":"https:\/\/www.facebook.com\/Landfiles\/","article_modified_time":"2024-02-12T08:41:43+00:00","og_image":[{"width":1024,"height":768,"url":"https:\/\/landfiles.com\/wp-content\/uploads\/2019\/09\/Champ1.jpg","type":"image\/jpeg"}],"twitter_card":"summary_large_image","twitter_site":"@landfiles","twitter_misc":{"Tiempo de lectura":"3 minutos"},"schema":{"@context":"https:\/\/schema.org","@graph":[{"@type":"WebPage","@id":"https:\/\/landfiles.com\/es\/tutoriales","url":"https:\/\/landfiles.com\/es\/tutoriales","name":"TUTORIALES - Landfiles","isPartOf":{"@id":"https:\/\/landfiles.com\/#website"},"datePublished":"2021-11-05T14:03:07+00:00","dateModified":"2024-02-12T08:41:43+00:00","description":"Encuentre todos los tutoriales para familiarizarse f\u00e1cilmente con Landfiles. Gesti\u00f3n de grupos, creaci\u00f3n de publicaciones, etc... \u00a1todo est\u00e1 aqu\u00ed!","breadcrumb":{"@id":"https:\/\/landfiles.com\/es\/tutoriales#breadcrumb"},"inLanguage":"es","potentialAction":[{"@type":"ReadAction","target":["https:\/\/landfiles.com\/es\/tutoriales"]}]},{"@type":"BreadcrumbList","@id":"https:\/\/landfiles.com\/es\/tutoriales#breadcrumb","itemListElement":[{"@type":"ListItem","position":1,"name":"Accueil","item":"https:\/\/landfiles.com\/es"},{"@type":"ListItem","position":2,"name":"TUTORIALES"}]},{"@type":"WebSite","@id":"https:\/\/landfiles.com\/#website","url":"https:\/\/landfiles.com\/","name":"Landfiles","description":"Construisez l&#039;agriculture de demain !","potentialAction":[{"@type":"SearchAction","target":{"@type":"EntryPoint","urlTemplate":"https:\/\/landfiles.com\/?s={search_term_string}"},"query-input":{"@type":"PropertyValueSpecification","valueRequired":true,"valueName":"search_term_string"}}],"inLanguage":"es"}]}},"_links":{"self":[{"href":"https:\/\/landfiles.com\/es\/wp-json\/wp\/v2\/pages\/17207"}],"collection":[{"href":"https:\/\/landfiles.com\/es\/wp-json\/wp\/v2\/pages"}],"about":[{"href":"https:\/\/landfiles.com\/es\/wp-json\/wp\/v2\/types\/page"}],"author":[{"embeddable":true,"href":"https:\/\/landfiles.com\/es\/wp-json\/wp\/v2\/users\/14"}],"replies":[{"embeddable":true,"href":"https:\/\/landfiles.com\/es\/wp-json\/wp\/v2\/comments?post=17207"}],"version-history":[{"count":12,"href":"https:\/\/landfiles.com\/es\/wp-json\/wp\/v2\/pages\/17207\/revisions"}],"predecessor-version":[{"id":20157,"href":"https:\/\/landfiles.com\/es\/wp-json\/wp\/v2\/pages\/17207\/revisions\/20157"}],"wp:attachment":[{"href":"https:\/\/landfiles.com\/es\/wp-json\/wp\/v2\/media?parent=17207"}],"curies":[{"name":"wp","href":"https:\/\/api.w.org\/{rel}","templated":true}]}}