{"id":17219,"date":"2021-11-05T14:05:25","date_gmt":"2021-11-05T14:05:25","guid":{"rendered":"https:\/\/landfiles.com\/como-eliminar-una-explotacion"},"modified":"2024-01-29T16:34:19","modified_gmt":"2024-01-29T16:34:19","slug":"como-eliminar-una-explotacion","status":"publish","type":"page","link":"https:\/\/landfiles.com\/es\/como-eliminar-una-explotacion","title":{"rendered":"\u00bfC\u00f3mo eliminar una explotaci\u00f3n?"},"content":{"rendered":"<p>[et_pb_section fb_built=\u00bb1&#8243; _builder_version=\u00bb4.16&#8243; background_color=\u00bb#9fbb3f\u00bb custom_padding=\u00bb43px|0px|35px|0px|false|false\u00bb saved_tabs=\u00bball\u00bb locked=\u00bboff\u00bb global_colors_info=\u00bb{}\u00bb][et_pb_row _builder_version=\u00bb4.16&#8243; custom_padding=\u00bb0|0px|3px|0px|false|false\u00bb global_colors_info=\u00bb{}\u00bb][et_pb_column type=\u00bb4_4&#8243; _builder_version=\u00bb4.16&#8243; custom_padding=\u00bb|||\u00bb global_colors_info=\u00bb{}\u00bb custom_padding__hover=\u00bb|||\u00bb][et_pb_text _builder_version=\u00bb4.16&#8243; text_font=\u00bb||||||||\u00bb text_text_color=\u00bb#ffffff\u00bb text_font_size=\u00bb35px\u00bb global_colors_info=\u00bb{}\u00bb]<\/p>\n<p style=\"text-align: center;\">Tutoriales<\/p>\n<p>[\/et_pb_text][\/et_pb_column][\/et_pb_row][\/et_pb_section][et_pb_section fb_built=\u00bb1&#8243; specialty=\u00bbon\u00bb _builder_version=\u00bb4.16&#8243; locked=\u00bboff\u00bb global_colors_info=\u00bb{}\u00bb][et_pb_column type=\u00bb1_4&#8243; _builder_version=\u00bb4.16&#8243; custom_padding=\u00bb|||\u00bb global_colors_info=\u00bb{}\u00bb parallax__hover=\u00bboff\u00bb parallax_method__hover=\u00bbon\u00bb custom_padding__hover=\u00bb|||\u00bb][et_pb_sidebar area=\u00bbet_pb_widget_area_5&#8243; _builder_version=\u00bb4.16&#8243; global_colors_info=\u00bb{}\u00bb][\/et_pb_sidebar][\/et_pb_column][et_pb_column type=\u00bb3_4&#8243; specialty_columns=\u00bb3&#8243; _builder_version=\u00bb4.16&#8243; custom_padding=\u00bb|||\u00bb global_colors_info=\u00bb{}\u00bb parallax__hover=\u00bboff\u00bb parallax_method__hover=\u00bbon\u00bb custom_padding__hover=\u00bb|||\u00bb][et_pb_row_inner _builder_version=\u00bb4.16&#8243; global_colors_info=\u00bb{}\u00bb][et_pb_column_inner saved_specialty_column_type=\u00bb3_4&#8243; _builder_version=\u00bb4.16&#8243; custom_padding=\u00bb|||\u00bb global_colors_info=\u00bb{}\u00bb parallax__hover=\u00bboff\u00bb parallax_method__hover=\u00bbon\u00bb custom_padding__hover=\u00bb|||\u00bb][et_pb_text _builder_version=\u00bb4.16&#8243; header_font=\u00bb||||||||\u00bb header_text_color=\u00bb#23994e\u00bb background_size=\u00bbinitial\u00bb background_position=\u00bbtop_left\u00bb background_repeat=\u00bbrepeat\u00bb global_colors_info=\u00bb{}\u00bb]<\/p>\n<h1><span style=\"color: #808000;\"><span style=\"color: #9fbb3f;\">\u00bfC\u00f3mo eliminar una finca?<\/span><\/span><\/h1>\n<p><strong>Esta opci\u00f3n es \u00fatil cuando se crea una explotaci\u00f3n por error. S\u00f3lo est\u00e1 disponible en la aplicaci\u00f3n web.<\/strong><\/p>\n<p>[\/et_pb_text][\/et_pb_column_inner][\/et_pb_row_inner][et_pb_row_inner _builder_version=\u00bb4.16&#8243; global_colors_info=\u00bb{}\u00bb][et_pb_column_inner saved_specialty_column_type=\u00bb3_4&#8243; _builder_version=\u00bb4.16&#8243; custom_padding=\u00bb|||\u00bb global_colors_info=\u00bb{}\u00bb parallax__hover=\u00bboff\u00bb parallax_method__hover=\u00bbon\u00bb custom_padding__hover=\u00bb|||\u00bb][et_pb_text _builder_version=\u00bb4.19.4&#8243; header_font=\u00bb||||||||\u00bb header_text_color=\u00bb#23994e\u00bb background_size=\u00bbinitial\u00bb background_position=\u00bbtop_left\u00bb background_repeat=\u00bbrepeat\u00bb global_colors_info=\u00bb{}\u00bb]<\/p>\n<ol>\n<li>En la p\u00e1gina de inicio, haga clic en <em><strong>Cuenta<\/strong><\/em><\/li>\n<li>Seleccione la finca que desea eliminar y haga clic en <em><strong>Actualizar<\/strong><\/em><\/li>\n<li>Haga clic en <em><strong>Eliminar Finca<\/strong><\/em>\u00a0en la parte inferior izquierda de la p\u00e1gina<\/li>\n<li>Si desea transferir todas las publicaciones de la finca a otra finca, haga clic en <strong><em>Asignar a una finca<\/em><\/strong> y elija la finca a la que desea transferir las publicaciones. Si no, haga clic en <em><strong>Omitir<\/strong><\/em><\/li>\n<li><em><strong>Confirme<\/strong><\/em> la supresi\u00f3n de su finca<\/li>\n<\/ol>\n<p>[\/et_pb_text][\/et_pb_column_inner][\/et_pb_row_inner][\/et_pb_column][\/et_pb_section][et_pb_section fb_built=\u00bb1&#8243; _builder_version=\u00bb4.16&#8243; background_color=\u00bb#000000&#8243; locked=\u00bboff\u00bb collapsed=\u00bboff\u00bb global_colors_info=\u00bb{}\u00bb][et_pb_row column_structure=\u00bb1_3,1_3,1_3&#8243; _builder_version=\u00bb4.16&#8243; background_size=\u00bbinitial\u00bb background_position=\u00bbtop_left\u00bb background_repeat=\u00bbrepeat\u00bb global_colors_info=\u00bb{}\u00bb][et_pb_column type=\u00bb1_3&#8243; _builder_version=\u00bb4.16&#8243; global_colors_info=\u00bb{}\u00bb][et_pb_image src=\u00bbhttps:\/\/landfiles.com\/wp-content\/uploads\/2019\/04\/logo-pied.png\u00bb align=\u00bbcenter\u00bb _builder_version=\u00bb4.16&#8243; global_colors_info=\u00bb{}\u00bb][\/et_pb_image][\/et_pb_column][et_pb_column type=\u00bb1_3&#8243; _builder_version=\u00bb4.16&#8243; global_colors_info=\u00bb{}\u00bb][et_pb_text _builder_version=\u00bb4.16&#8243; text_text_color=\u00bb#ffffff\u00bb text_font_size=\u00bb20px\u00bb global_colors_info=\u00bb{}\u00bb]<\/p>\n<p>CONTACTO<\/p>\n<p>[\/et_pb_text][et_pb_blurb use_icon=\u00bbon\u00bb font_icon=\u00bb&#xe01d;||divi||400&#8243; icon_color=\u00bb#9fbb3f\u00bb icon_placement=\u00bbleft\u00bb _builder_version=\u00bb4.16&#8243; global_colors_info=\u00bb{}\u00bb]<\/p>\n<p>17 rue B\u00e9ranger<br \/>75003 Paris<\/p>\n<p>[\/et_pb_blurb][et_pb_blurb use_icon=\u00bbon\u00bb font_icon=\u00bb&#xe010;||divi||400&#8243; icon_color=\u00bb#9fbb3f\u00bb icon_placement=\u00bbleft\u00bb _builder_version=\u00bb4.16&#8243; global_colors_info=\u00bb{}\u00bb]<\/p>\n<p>contact@landfiles.fr<\/p>\n<p>[\/et_pb_blurb][et_pb_cta button_url=\u00bbhttps:\/\/landfiles.com\/contact\u00bb button_text=\u00bbCONTACTO\u00bb _builder_version=\u00bb4.16&#8243; body_font_size=\u00bb14px\u00bb use_background_color=\u00bboff\u00bb custom_button=\u00bbon\u00bb button_text_size=\u00bb18px\u00bb button_bg_color=\u00bb#9fbb3f\u00bb button_border_width=\u00bb0px\u00bb button_border_color=\u00bb#9fbb3f\u00bb button_border_radius=\u00bb0px\u00bb button_font=\u00bb|700|||||||\u00bb button_icon=\u00bb&#xe08a;||divi||400&#8243; button_icon_placement=\u00bbleft\u00bb button_on_hover=\u00bboff\u00bb button_alignment=\u00bbleft\u00bb min_height=\u00bb60px\u00bb global_colors_info=\u00bb{}\u00bb][\/et_pb_cta][\/et_pb_column][et_pb_column type=\u00bb1_3&#8243; _builder_version=\u00bb4.16&#8243; global_colors_info=\u00bb{}\u00bb][et_pb_text _builder_version=\u00bb4.16&#8243; text_text_color=\u00bb#ffffff\u00bb text_font_size=\u00bb20px\u00bb global_colors_info=\u00bb{}\u00bb]<\/p>\n<p>INFORMACIONES<\/p>\n<p>[\/et_pb_text][et_pb_text admin_label=\u00bbText\u00bb _builder_version=\u00bb4.16&#8243; global_colors_info=\u00bb{}\u00bb]<\/p>\n<p><a href=\"https:\/\/landfiles.com\/en\/legal-notice\">Aviso legal<\/a><\/p>\n<p><a href=\"https:\/\/landfiles.com\/politique-de-cookies-eu\">Pol\u00edtica de cookies<\/a><\/p>\n<p><a href=\"https:\/\/landfiles.com\/en\/privacy-policy\">Pol\u00edtica de protecci\u00f3n de datos<\/a><\/p>\n<p><a href=\"https:\/\/landfiles.com\/conditions-generales-dutilisation\">Condiciones de uso<\/a><\/p>\n<p>[\/et_pb_text][\/et_pb_column][\/et_pb_row][\/et_pb_section]<\/p>\n","protected":false},"excerpt":{"rendered":"<p>Tutoriales\u00bfC\u00f3mo eliminar una finca? Esta opci\u00f3n es \u00fatil cuando se crea una explotaci\u00f3n por error. S\u00f3lo est\u00e1 disponible en la aplicaci\u00f3n web. En la p\u00e1gina de inicio, haga clic en Cuenta Seleccione la finca que desea eliminar y haga clic en Actualizar Haga clic en Eliminar Finca\u00a0en la parte inferior izquierda de la p\u00e1gina Si [&hellip;]<\/p>\n","protected":false},"author":14,"featured_media":0,"parent":0,"menu_order":0,"comment_status":"closed","ping_status":"closed","template":"","meta":{"_et_pb_use_builder":"on","_et_pb_old_content":"","_et_gb_content_width":"","_exactmetrics_skip_tracking":false,"_exactmetrics_sitenote_active":false,"_exactmetrics_sitenote_note":"","_exactmetrics_sitenote_category":0,"footnotes":"","_wp_rev_ctl_limit":""},"yoast_head":"<!-- This site is optimized with the Yoast SEO plugin v24.5 - https:\/\/yoast.com\/wordpress\/plugins\/seo\/ -->\n<title>\u00bfC\u00f3mo eliminar una explotaci\u00f3n? - Landfiles<\/title>\n<meta name=\"description\" content=\"En su p\u00e1gina de inicio, seleccione la explotaci\u00f3n correspondiente. - En Editar explotaci\u00f3n encontrar\u00e1 Miembros. - Haga clic en el bot\u00f3n - Eliminar todos los miembros, incluidos\" \/>\n<meta name=\"robots\" content=\"index, follow, max-snippet:-1, max-image-preview:large, max-video-preview:-1\" \/>\n<link rel=\"canonical\" href=\"https:\/\/landfiles.com\/es\/como-eliminar-una-explotacion\" \/>\n<meta property=\"og:locale\" content=\"es_ES\" \/>\n<meta property=\"og:type\" content=\"article\" \/>\n<meta property=\"og:title\" content=\"\u00bfC\u00f3mo eliminar una explotaci\u00f3n? - Landfiles\" \/>\n<meta property=\"og:description\" content=\"En su p\u00e1gina de inicio, seleccione la explotaci\u00f3n correspondiente. - En Editar explotaci\u00f3n encontrar\u00e1 Miembros. - Haga clic en el bot\u00f3n - Eliminar todos los miembros, incluidos\" \/>\n<meta property=\"og:url\" content=\"https:\/\/landfiles.com\/es\/como-eliminar-una-explotacion\" \/>\n<meta property=\"og:site_name\" content=\"Landfiles\" \/>\n<meta property=\"article:publisher\" content=\"https:\/\/www.facebook.com\/Landfiles\/\" \/>\n<meta property=\"article:modified_time\" content=\"2024-01-29T16:34:19+00:00\" \/>\n<meta property=\"og:image\" content=\"https:\/\/landfiles.com\/wp-content\/uploads\/2019\/09\/Champ1.jpg\" \/>\n\t<meta property=\"og:image:width\" content=\"1024\" \/>\n\t<meta property=\"og:image:height\" content=\"768\" \/>\n\t<meta property=\"og:image:type\" content=\"image\/jpeg\" \/>\n<meta name=\"twitter:card\" content=\"summary_large_image\" \/>\n<meta name=\"twitter:site\" content=\"@landfiles\" \/>\n<meta name=\"twitter:label1\" content=\"Tiempo de lectura\" \/>\n\t<meta name=\"twitter:data1\" content=\"4 minutos\" \/>\n<script type=\"application\/ld+json\" class=\"yoast-schema-graph\">{\"@context\":\"https:\/\/schema.org\",\"@graph\":[{\"@type\":\"WebPage\",\"@id\":\"https:\/\/landfiles.com\/es\/como-eliminar-una-explotacion\",\"url\":\"https:\/\/landfiles.com\/es\/como-eliminar-una-explotacion\",\"name\":\"\u00bfC\u00f3mo eliminar una explotaci\u00f3n? - Landfiles\",\"isPartOf\":{\"@id\":\"https:\/\/landfiles.com\/#website\"},\"datePublished\":\"2021-11-05T14:05:25+00:00\",\"dateModified\":\"2024-01-29T16:34:19+00:00\",\"description\":\"En su p\u00e1gina de inicio, seleccione la explotaci\u00f3n correspondiente. - En Editar explotaci\u00f3n encontrar\u00e1 Miembros. - Haga clic en el bot\u00f3n - Eliminar todos los miembros, incluidos\",\"breadcrumb\":{\"@id\":\"https:\/\/landfiles.com\/es\/como-eliminar-una-explotacion#breadcrumb\"},\"inLanguage\":\"es\",\"potentialAction\":[{\"@type\":\"ReadAction\",\"target\":[\"https:\/\/landfiles.com\/es\/como-eliminar-una-explotacion\"]}]},{\"@type\":\"BreadcrumbList\",\"@id\":\"https:\/\/landfiles.com\/es\/como-eliminar-una-explotacion#breadcrumb\",\"itemListElement\":[{\"@type\":\"ListItem\",\"position\":1,\"name\":\"Accueil\",\"item\":\"https:\/\/landfiles.com\/es\"},{\"@type\":\"ListItem\",\"position\":2,\"name\":\"\u00bfC\u00f3mo eliminar una explotaci\u00f3n?\"}]},{\"@type\":\"WebSite\",\"@id\":\"https:\/\/landfiles.com\/#website\",\"url\":\"https:\/\/landfiles.com\/\",\"name\":\"Landfiles\",\"description\":\"Construisez l&#039;agriculture de demain !\",\"potentialAction\":[{\"@type\":\"SearchAction\",\"target\":{\"@type\":\"EntryPoint\",\"urlTemplate\":\"https:\/\/landfiles.com\/?s={search_term_string}\"},\"query-input\":{\"@type\":\"PropertyValueSpecification\",\"valueRequired\":true,\"valueName\":\"search_term_string\"}}],\"inLanguage\":\"es\"}]}<\/script>\n<!-- \/ Yoast SEO plugin. -->","yoast_head_json":{"title":"\u00bfC\u00f3mo eliminar una explotaci\u00f3n? - Landfiles","description":"En su p\u00e1gina de inicio, seleccione la explotaci\u00f3n correspondiente. - En Editar explotaci\u00f3n encontrar\u00e1 Miembros. - Haga clic en el bot\u00f3n - Eliminar todos los miembros, incluidos","robots":{"index":"index","follow":"follow","max-snippet":"max-snippet:-1","max-image-preview":"max-image-preview:large","max-video-preview":"max-video-preview:-1"},"canonical":"https:\/\/landfiles.com\/es\/como-eliminar-una-explotacion","og_locale":"es_ES","og_type":"article","og_title":"\u00bfC\u00f3mo eliminar una explotaci\u00f3n? - Landfiles","og_description":"En su p\u00e1gina de inicio, seleccione la explotaci\u00f3n correspondiente. - En Editar explotaci\u00f3n encontrar\u00e1 Miembros. - Haga clic en el bot\u00f3n - Eliminar todos los miembros, incluidos","og_url":"https:\/\/landfiles.com\/es\/como-eliminar-una-explotacion","og_site_name":"Landfiles","article_publisher":"https:\/\/www.facebook.com\/Landfiles\/","article_modified_time":"2024-01-29T16:34:19+00:00","og_image":[{"width":1024,"height":768,"url":"https:\/\/landfiles.com\/wp-content\/uploads\/2019\/09\/Champ1.jpg","type":"image\/jpeg"}],"twitter_card":"summary_large_image","twitter_site":"@landfiles","twitter_misc":{"Tiempo de lectura":"4 minutos"},"schema":{"@context":"https:\/\/schema.org","@graph":[{"@type":"WebPage","@id":"https:\/\/landfiles.com\/es\/como-eliminar-una-explotacion","url":"https:\/\/landfiles.com\/es\/como-eliminar-una-explotacion","name":"\u00bfC\u00f3mo eliminar una explotaci\u00f3n? - Landfiles","isPartOf":{"@id":"https:\/\/landfiles.com\/#website"},"datePublished":"2021-11-05T14:05:25+00:00","dateModified":"2024-01-29T16:34:19+00:00","description":"En su p\u00e1gina de inicio, seleccione la explotaci\u00f3n correspondiente. - En Editar explotaci\u00f3n encontrar\u00e1 Miembros. - Haga clic en el bot\u00f3n - Eliminar todos los miembros, incluidos","breadcrumb":{"@id":"https:\/\/landfiles.com\/es\/como-eliminar-una-explotacion#breadcrumb"},"inLanguage":"es","potentialAction":[{"@type":"ReadAction","target":["https:\/\/landfiles.com\/es\/como-eliminar-una-explotacion"]}]},{"@type":"BreadcrumbList","@id":"https:\/\/landfiles.com\/es\/como-eliminar-una-explotacion#breadcrumb","itemListElement":[{"@type":"ListItem","position":1,"name":"Accueil","item":"https:\/\/landfiles.com\/es"},{"@type":"ListItem","position":2,"name":"\u00bfC\u00f3mo eliminar una explotaci\u00f3n?"}]},{"@type":"WebSite","@id":"https:\/\/landfiles.com\/#website","url":"https:\/\/landfiles.com\/","name":"Landfiles","description":"Construisez l&#039;agriculture de demain !","potentialAction":[{"@type":"SearchAction","target":{"@type":"EntryPoint","urlTemplate":"https:\/\/landfiles.com\/?s={search_term_string}"},"query-input":{"@type":"PropertyValueSpecification","valueRequired":true,"valueName":"search_term_string"}}],"inLanguage":"es"}]}},"_links":{"self":[{"href":"https:\/\/landfiles.com\/es\/wp-json\/wp\/v2\/pages\/17219"}],"collection":[{"href":"https:\/\/landfiles.com\/es\/wp-json\/wp\/v2\/pages"}],"about":[{"href":"https:\/\/landfiles.com\/es\/wp-json\/wp\/v2\/types\/page"}],"author":[{"embeddable":true,"href":"https:\/\/landfiles.com\/es\/wp-json\/wp\/v2\/users\/14"}],"replies":[{"embeddable":true,"href":"https:\/\/landfiles.com\/es\/wp-json\/wp\/v2\/comments?post=17219"}],"version-history":[{"count":9,"href":"https:\/\/landfiles.com\/es\/wp-json\/wp\/v2\/pages\/17219\/revisions"}],"predecessor-version":[{"id":20016,"href":"https:\/\/landfiles.com\/es\/wp-json\/wp\/v2\/pages\/17219\/revisions\/20016"}],"wp:attachment":[{"href":"https:\/\/landfiles.com\/es\/wp-json\/wp\/v2\/media?parent=17219"}],"curies":[{"name":"wp","href":"https:\/\/api.w.org\/{rel}","templated":true}]}}