{"id":17229,"date":"2021-11-05T13:54:05","date_gmt":"2021-11-05T13:54:05","guid":{"rendered":"https:\/\/landfiles.com\/como-invitar-a-nuevos-usuarios-a-su-explotacion"},"modified":"2024-01-29T16:53:00","modified_gmt":"2024-01-29T16:53:00","slug":"como-invitar-a-nuevos-usuarios-a-su-explotacion","status":"publish","type":"page","link":"https:\/\/landfiles.com\/es\/como-invitar-a-nuevos-usuarios-a-su-explotacion","title":{"rendered":"\u00bfC\u00f3mo invitar a nuevos usuarios a su finca?"},"content":{"rendered":"<p>[et_pb_section fb_built=\u00bb1&#8243; _builder_version=\u00bb4.16&#8243; background_color=\u00bb#9fbb3f\u00bb custom_padding=\u00bb43px|0px|35px|0px|false|false\u00bb saved_tabs=\u00bball\u00bb locked=\u00bboff\u00bb collapsed=\u00bboff\u00bb global_colors_info=\u00bb{}\u00bb][et_pb_row _builder_version=\u00bb4.16&#8243; custom_padding=\u00bb0|0px|3px|0px|false|false\u00bb global_colors_info=\u00bb{}\u00bb][et_pb_column type=\u00bb4_4&#8243; _builder_version=\u00bb4.16&#8243; custom_padding=\u00bb|||\u00bb global_colors_info=\u00bb{}\u00bb custom_padding__hover=\u00bb|||\u00bb][et_pb_text _builder_version=\u00bb4.16&#8243; text_font=\u00bb||||||||\u00bb text_text_color=\u00bb#ffffff\u00bb text_font_size=\u00bb35px\u00bb global_colors_info=\u00bb{}\u00bb]<\/p>\n<p style=\"text-align: center;\">Tutoriales<\/p>\n<p>[\/et_pb_text][\/et_pb_column][\/et_pb_row][\/et_pb_section][et_pb_section fb_built=\u00bb1&#8243; specialty=\u00bbon\u00bb _builder_version=\u00bb4.16&#8243; locked=\u00bboff\u00bb global_colors_info=\u00bb{}\u00bb][et_pb_column type=\u00bb1_4&#8243; _builder_version=\u00bb4.16&#8243; custom_padding=\u00bb|||\u00bb global_colors_info=\u00bb{}\u00bb parallax__hover=\u00bboff\u00bb parallax_method__hover=\u00bbon\u00bb custom_padding__hover=\u00bb|||\u00bb][et_pb_sidebar area=\u00bbet_pb_widget_area_5&#8243; _builder_version=\u00bb4.16&#8243; global_colors_info=\u00bb{}\u00bb][\/et_pb_sidebar][\/et_pb_column][et_pb_column type=\u00bb3_4&#8243; specialty_columns=\u00bb3&#8243; _builder_version=\u00bb4.16&#8243; custom_padding=\u00bb|||\u00bb global_colors_info=\u00bb{}\u00bb parallax__hover=\u00bboff\u00bb parallax_method__hover=\u00bbon\u00bb custom_padding__hover=\u00bb|||\u00bb][et_pb_row_inner _builder_version=\u00bb4.16&#8243; custom_padding=\u00bb||120px|||\u00bb global_colors_info=\u00bb{}\u00bb][et_pb_column_inner saved_specialty_column_type=\u00bb3_4&#8243; _builder_version=\u00bb4.16&#8243; custom_padding=\u00bb|||\u00bb global_colors_info=\u00bb{}\u00bb parallax__hover=\u00bboff\u00bb parallax_method__hover=\u00bbon\u00bb custom_padding__hover=\u00bb|||\u00bb][et_pb_text _builder_version=\u00bb4.16&#8243; header_font=\u00bb||||||||\u00bb header_text_color=\u00bb#23994e\u00bb background_size=\u00bbinitial\u00bb background_position=\u00bbtop_left\u00bb background_repeat=\u00bbrepeat\u00bb global_colors_info=\u00bb{}\u00bb]<\/p>\n<h1><span style=\"color: #9fbb3f;\">\u00bfC\u00f3mo invitar a nuevos usuarios a su finca? <\/span><\/h1>\n<p><strong>En el ordenador<\/strong> : Para invitar a los usuarios a su finca desde la p\u00e1gina de inicio : <\/p>\n<p>[\/et_pb_text][et_pb_text _builder_version=\u00bb4.19.4&#8243; header_font=\u00bb||||||||\u00bb header_text_color=\u00bb#23994e\u00bb background_size=\u00bbinitial\u00bb background_position=\u00bbtop_left\u00bb background_repeat=\u00bbrepeat\u00bb hover_enabled=\u00bb0&#8243; global_colors_info=\u00bb{}\u00bb sticky_enabled=\u00bb0&#8243;]<\/p>\n<ol>\n<li>Seleccione su finca.<\/li>\n<li>Haga clic en <em><strong>Editar finca<\/strong><\/em>.<\/li>\n<li>Haga clic en <em><strong>Miembros y contactos<\/strong><\/em> y, a continuaci\u00f3n, en el green <em><strong>Add<\/strong><\/em> button.<\/li>\n<li>Introduzca el correo electr\u00f3nico del nuevo miembro y elija su nivel de derecho en su finca: <em><strong>Administrador, Editor, Colaborador, Lector.<\/strong><\/em><\/li>\n<\/ol>\n<p>[\/et_pb_text][et_pb_text _builder_version=\u00bb4.16&#8243; header_font=\u00bb||||||||\u00bb header_text_color=\u00bb#23994e\u00bb background_size=\u00bbinitial\u00bb background_position=\u00bbtop_left\u00bb background_repeat=\u00bbrepeat\u00bb global_colors_info=\u00bb{}\u00bb]<\/p>\n<p><strong>En la aplicaci\u00f3n m\u00f3vil<\/strong> : Para invitar a usuarios desde la p\u00e1gina de inicio :<\/p>\n<p>[\/et_pb_text][et_pb_text _builder_version=\u00bb4.16&#8243; header_font=\u00bb||||||||\u00bb header_text_color=\u00bb#23994e\u00bb background_size=\u00bbinitial\u00bb background_position=\u00bbtop_left\u00bb background_repeat=\u00bbrepeat\u00bb global_colors_info=\u00bb{}\u00bb]<\/p>\n<ol>\n<li>Seleccione <em><strong>Mi cuenta.<\/strong><\/em><\/li>\n<li>Haga clic en su finca.<\/li>\n<li>Seleccione <em><strong>Red privada.<\/strong><\/em><\/li>\n<li>Pulse el bot\u00f3n <img loading=\"lazy\" decoding=\"async\" src=\"https:\/\/landfiles.com\/wp-content\/uploads\/2019\/04\/plus-1.png\" width=\"23\" height=\"19\" alt=\"\" class=\"wp-image-4858 alignnone size-full\" style=\"color: #23994e; font-size: 30px;\"><\/li>\n<li>Introduzca la direcci\u00f3n de correo electr\u00f3nico del nuevo miembro y elija su nivel de derecho en su finca: <em><strong>Administrador, Editor, Colaborador, Lector.<\/strong><\/em><\/li>\n<\/ol>\n<p>[\/et_pb_text][et_pb_text _builder_version=\u00bb4.16&#8243; header_font=\u00bb||||||||\u00bb header_text_color=\u00bb#23994e\u00bb background_size=\u00bbinitial\u00bb background_position=\u00bbtop_left\u00bb background_repeat=\u00bbrepeat\u00bb global_colors_info=\u00bb{}\u00bb]<\/p>\n<p>Abra un acceso m\u00e1s o menos limitado a su finca :<span style=\"font-size: 16px;\"><br \/><\/span><\/p>\n<ul>\n<li><span style=\"text-decoration: underline;\">Lector<\/span> <em><strong>:<\/strong><\/em>Usted autoriza la lectura de sus mensajes privados.<\/li>\n<li><span style=\"text-decoration: underline;\">Colaborador:<\/span> A\u00f1ades la posibilidad de comentar tus mensajes privados.<\/li>\n<li><span style=\"text-decoration: underline;\">Editor:<\/span> Usted permite la publicaci\u00f3n de su finca; la adici\u00f3n y modificaci\u00f3n de las parcelas y la foto de perfil.<\/li>\n<li><span style=\"text-decoration: underline;\">Administrador<\/span><em><strong>:<\/strong><\/em> Tambi\u00e9n permite invitar usuarios a la red privada, editar su finca y publicar feed.<\/li>\n<\/ul>\n<p>[\/et_pb_text][et_pb_text _builder_version=\u00bb4.16&#8243; header_font=\u00bb||||||||\u00bb header_text_color=\u00bb#23994e\u00bb background_size=\u00bbinitial\u00bb background_position=\u00bbtop_left\u00bb background_repeat=\u00bbrepeat\u00bb global_colors_info=\u00bb{}\u00bb]<\/p>\n<table>\n<tbody>\n<tr>\n<td width=\"150\"><b>Etiqueta<\/b><\/td>\n<td width=\"99\"><strong>Administrador<\/strong><\/td>\n<td width=\"99\"><strong>Editor<\/strong><\/td>\n<td width=\"105\"><strong>Colaborador<\/strong><\/td>\n<td width=\"94\"><b>Lector<\/b><\/td>\n<\/tr>\n<tr>\n<td width=\"150\">Consultar publicaci\u00f3n privada<\/td>\n<td width=\"99\">s\u00ed<\/td>\n<td width=\"99\">s\u00ed<\/td>\n<td width=\"105\">s\u00ed<\/td>\n<td width=\"94\">s\u00ed<\/td>\n<\/tr>\n<tr>\n<td width=\"150\">Comentar una publicaci\u00f3n privada<\/td>\n<td width=\"99\">s\u00ed<\/td>\n<td width=\"99\">s\u00ed<\/td>\n<td width=\"105\">s\u00ed<\/td>\n<td width=\"94\">no<\/td>\n<\/tr>\n<tr>\n<td width=\"150\">Cambiar la foto de perfil<\/td>\n<td width=\"99\">s\u00ed<\/td>\n<td width=\"99\">s\u00ed<\/td>\n<td width=\"105\">no<\/td>\n<td width=\"94\">no<\/td>\n<\/tr>\n<tr>\n<td width=\"150\">Publicar en la finca<\/td>\n<td width=\"99\">s\u00ed<\/td>\n<td width=\"99\">s\u00ed<\/td>\n<td width=\"105\">no<\/td>\n<td width=\"94\">no<\/td>\n<\/tr>\n<tr>\n<td width=\"150\">A\u00f1adir \/ Modificar parcelas<\/td>\n<td width=\"99\">s\u00ed<\/td>\n<td width=\"99\">s\u00ed<\/td>\n<td width=\"105\">no<\/td>\n<td width=\"94\">no<\/td>\n<\/tr>\n<tr>\n<td width=\"150\">Modificar una finca y la red privada<\/td>\n<td width=\"99\">s\u00ed<\/td>\n<td width=\"99\">s\u00ed<\/td>\n<td width=\"105\">no<\/td>\n<td width=\"94\">no<\/td>\n<\/tr>\n<\/tbody>\n<\/table>\n<p>[\/et_pb_text][\/et_pb_column_inner][\/et_pb_row_inner][\/et_pb_column][\/et_pb_section][et_pb_section fb_built=\u00bb1&#8243; _builder_version=\u00bb4.16&#8243; background_color=\u00bb#000000&#8243; locked=\u00bboff\u00bb collapsed=\u00bboff\u00bb global_colors_info=\u00bb{}\u00bb][et_pb_row column_structure=\u00bb1_3,1_3,1_3&#8243; _builder_version=\u00bb4.16&#8243; background_size=\u00bbinitial\u00bb background_position=\u00bbtop_left\u00bb background_repeat=\u00bbrepeat\u00bb global_colors_info=\u00bb{}\u00bb][et_pb_column type=\u00bb1_3&#8243; _builder_version=\u00bb4.16&#8243; global_colors_info=\u00bb{}\u00bb][et_pb_image src=\u00bbhttps:\/\/landfiles.com\/wp-content\/uploads\/2019\/04\/logo-pied.png\u00bb align=\u00bbcenter\u00bb _builder_version=\u00bb4.16&#8243; global_colors_info=\u00bb{}\u00bb][\/et_pb_image][\/et_pb_column][et_pb_column type=\u00bb1_3&#8243; _builder_version=\u00bb4.16&#8243; global_colors_info=\u00bb{}\u00bb][et_pb_text _builder_version=\u00bb4.16&#8243; text_text_color=\u00bb#ffffff\u00bb text_font_size=\u00bb20px\u00bb global_colors_info=\u00bb{}\u00bb]<\/p>\n<p>CONTACTO<\/p>\n<p>[\/et_pb_text][et_pb_blurb use_icon=\u00bbon\u00bb font_icon=\u00bb&#xe01d;||divi||400&#8243; icon_color=\u00bb#9fbb3f\u00bb icon_placement=\u00bbleft\u00bb _builder_version=\u00bb4.16&#8243; global_colors_info=\u00bb{}\u00bb]<\/p>\n<p>17 rue B\u00e9ranger<br \/>75003 Paris<\/p>\n<p>[\/et_pb_blurb][et_pb_blurb use_icon=\u00bbon\u00bb font_icon=\u00bb&#xe010;||divi||400&#8243; icon_color=\u00bb#9fbb3f\u00bb icon_placement=\u00bbleft\u00bb _builder_version=\u00bb4.16&#8243; global_colors_info=\u00bb{}\u00bb]<\/p>\n<p>contact@landfiles.fr<\/p>\n<p>[\/et_pb_blurb][et_pb_cta button_url=\u00bbhttps:\/\/landfiles.com\/contact\u00bb button_text=\u00bbCONTACTO\u00bb _builder_version=\u00bb4.16&#8243; body_font_size=\u00bb14px\u00bb use_background_color=\u00bboff\u00bb custom_button=\u00bbon\u00bb button_text_size=\u00bb18px\u00bb button_bg_color=\u00bb#9fbb3f\u00bb button_border_width=\u00bb0px\u00bb button_border_color=\u00bb#9fbb3f\u00bb button_border_radius=\u00bb0px\u00bb button_font=\u00bb|700|||||||\u00bb button_icon=\u00bb&#xe08a;||divi||400&#8243; button_icon_placement=\u00bbleft\u00bb button_on_hover=\u00bboff\u00bb button_alignment=\u00bbleft\u00bb min_height=\u00bb60px\u00bb global_colors_info=\u00bb{}\u00bb][\/et_pb_cta][\/et_pb_column][et_pb_column type=\u00bb1_3&#8243; _builder_version=\u00bb4.16&#8243; global_colors_info=\u00bb{}\u00bb][et_pb_text _builder_version=\u00bb4.16&#8243; text_text_color=\u00bb#ffffff\u00bb text_font_size=\u00bb20px\u00bb global_colors_info=\u00bb{}\u00bb]<\/p>\n<p>INFORMACIONES<\/p>\n<p>[\/et_pb_text][et_pb_text admin_label=\u00bbText\u00bb _builder_version=\u00bb4.16&#8243; global_colors_info=\u00bb{}\u00bb]<\/p>\n<p><a href=\"https:\/\/landfiles.com\/en\/legal-notice\">Aviso legal<\/a><\/p>\n<p><a href=\"https:\/\/landfiles.com\/politique-de-cookies-eu\">Pol\u00edtica de cookies<\/a><\/p>\n<p><a href=\"https:\/\/landfiles.com\/en\/privacy-policy\">Pol\u00edtica de protecci\u00f3n de datos<\/a><\/p>\n<p><a href=\"https:\/\/landfiles.com\/conditions-generales-dutilisation\">Condiciones de uso<\/a><\/p>\n<p>[\/et_pb_text][\/et_pb_column][\/et_pb_row][\/et_pb_section]<\/p>\n","protected":false},"excerpt":{"rendered":"<p>Tutoriales\u00bfC\u00f3mo invitar a nuevos usuarios a su finca? En el ordenador : Para invitar a los usuarios a su finca desde la p\u00e1gina de inicio : Seleccione su finca. Haga clic en Editar finca. Haga clic en Miembros y contactos y, a continuaci\u00f3n, en el green Add button. Introduzca el correo electr\u00f3nico del nuevo miembro [&hellip;]<\/p>\n","protected":false},"author":14,"featured_media":0,"parent":0,"menu_order":0,"comment_status":"closed","ping_status":"closed","template":"","meta":{"_et_pb_use_builder":"on","_et_pb_old_content":"","_et_gb_content_width":"","_exactmetrics_skip_tracking":false,"_exactmetrics_sitenote_active":false,"_exactmetrics_sitenote_note":"","_exactmetrics_sitenote_category":0,"footnotes":"","_wp_rev_ctl_limit":""},"yoast_head":"<!-- This site is optimized with the Yoast SEO plugin v24.5 - https:\/\/yoast.com\/wordpress\/plugins\/seo\/ -->\n<title>\u00bfC\u00f3mo invitar a nuevos usuarios a su finca? - Landfiles<\/title>\n<meta name=\"description\" content=\"\u00bfC\u00f3mo invitar a nuevos usuarios a su finca? En el ordenador : Para invitar a los usuarios a su finca desde la p\u00e1gina de inicio\" \/>\n<meta name=\"robots\" content=\"index, follow, max-snippet:-1, max-image-preview:large, max-video-preview:-1\" \/>\n<link rel=\"canonical\" href=\"https:\/\/landfiles.com\/es\/como-invitar-a-nuevos-usuarios-a-su-explotacion\" \/>\n<meta property=\"og:locale\" content=\"es_ES\" \/>\n<meta property=\"og:type\" content=\"article\" \/>\n<meta property=\"og:title\" content=\"\u00bfC\u00f3mo invitar a nuevos usuarios a su finca? - Landfiles\" \/>\n<meta property=\"og:description\" content=\"\u00bfC\u00f3mo invitar a nuevos usuarios a su finca? En el ordenador : Para invitar a los usuarios a su finca desde la p\u00e1gina de inicio\" \/>\n<meta property=\"og:url\" content=\"https:\/\/landfiles.com\/es\/como-invitar-a-nuevos-usuarios-a-su-explotacion\" \/>\n<meta property=\"og:site_name\" content=\"Landfiles\" \/>\n<meta property=\"article:publisher\" content=\"https:\/\/www.facebook.com\/Landfiles\/\" \/>\n<meta property=\"article:modified_time\" content=\"2024-01-29T16:53:00+00:00\" \/>\n<meta property=\"og:image\" content=\"https:\/\/landfiles.com\/wp-content\/uploads\/2019\/04\/plus-1.png\" \/>\n<meta name=\"twitter:card\" content=\"summary_large_image\" \/>\n<meta name=\"twitter:site\" content=\"@landfiles\" \/>\n<meta name=\"twitter:label1\" content=\"Tiempo de lectura\" \/>\n\t<meta name=\"twitter:data1\" content=\"5 minutos\" \/>\n<script type=\"application\/ld+json\" class=\"yoast-schema-graph\">{\"@context\":\"https:\/\/schema.org\",\"@graph\":[{\"@type\":\"WebPage\",\"@id\":\"https:\/\/landfiles.com\/es\/como-invitar-a-nuevos-usuarios-a-su-explotacion\",\"url\":\"https:\/\/landfiles.com\/es\/como-invitar-a-nuevos-usuarios-a-su-explotacion\",\"name\":\"\u00bfC\u00f3mo invitar a nuevos usuarios a su finca? - Landfiles\",\"isPartOf\":{\"@id\":\"https:\/\/landfiles.com\/#website\"},\"primaryImageOfPage\":{\"@id\":\"https:\/\/landfiles.com\/es\/como-invitar-a-nuevos-usuarios-a-su-explotacion#primaryimage\"},\"image\":{\"@id\":\"https:\/\/landfiles.com\/es\/como-invitar-a-nuevos-usuarios-a-su-explotacion#primaryimage\"},\"thumbnailUrl\":\"https:\/\/landfiles.com\/wp-content\/uploads\/2019\/04\/plus-1.png\",\"datePublished\":\"2021-11-05T13:54:05+00:00\",\"dateModified\":\"2024-01-29T16:53:00+00:00\",\"description\":\"\u00bfC\u00f3mo invitar a nuevos usuarios a su finca? En el ordenador : Para invitar a los usuarios a su finca desde la p\u00e1gina de inicio\",\"breadcrumb\":{\"@id\":\"https:\/\/landfiles.com\/es\/como-invitar-a-nuevos-usuarios-a-su-explotacion#breadcrumb\"},\"inLanguage\":\"es\",\"potentialAction\":[{\"@type\":\"ReadAction\",\"target\":[\"https:\/\/landfiles.com\/es\/como-invitar-a-nuevos-usuarios-a-su-explotacion\"]}]},{\"@type\":\"ImageObject\",\"inLanguage\":\"es\",\"@id\":\"https:\/\/landfiles.com\/es\/como-invitar-a-nuevos-usuarios-a-su-explotacion#primaryimage\",\"url\":\"https:\/\/landfiles.com\/wp-content\/uploads\/2019\/04\/plus-1.png\",\"contentUrl\":\"https:\/\/landfiles.com\/wp-content\/uploads\/2019\/04\/plus-1.png\"},{\"@type\":\"BreadcrumbList\",\"@id\":\"https:\/\/landfiles.com\/es\/como-invitar-a-nuevos-usuarios-a-su-explotacion#breadcrumb\",\"itemListElement\":[{\"@type\":\"ListItem\",\"position\":1,\"name\":\"Accueil\",\"item\":\"https:\/\/landfiles.com\/es\"},{\"@type\":\"ListItem\",\"position\":2,\"name\":\"\u00bfC\u00f3mo invitar a nuevos usuarios a su finca?\"}]},{\"@type\":\"WebSite\",\"@id\":\"https:\/\/landfiles.com\/#website\",\"url\":\"https:\/\/landfiles.com\/\",\"name\":\"Landfiles\",\"description\":\"Construisez l&#039;agriculture de demain !\",\"potentialAction\":[{\"@type\":\"SearchAction\",\"target\":{\"@type\":\"EntryPoint\",\"urlTemplate\":\"https:\/\/landfiles.com\/?s={search_term_string}\"},\"query-input\":{\"@type\":\"PropertyValueSpecification\",\"valueRequired\":true,\"valueName\":\"search_term_string\"}}],\"inLanguage\":\"es\"}]}<\/script>\n<!-- \/ Yoast SEO plugin. -->","yoast_head_json":{"title":"\u00bfC\u00f3mo invitar a nuevos usuarios a su finca? - Landfiles","description":"\u00bfC\u00f3mo invitar a nuevos usuarios a su finca? En el ordenador : Para invitar a los usuarios a su finca desde la p\u00e1gina de inicio","robots":{"index":"index","follow":"follow","max-snippet":"max-snippet:-1","max-image-preview":"max-image-preview:large","max-video-preview":"max-video-preview:-1"},"canonical":"https:\/\/landfiles.com\/es\/como-invitar-a-nuevos-usuarios-a-su-explotacion","og_locale":"es_ES","og_type":"article","og_title":"\u00bfC\u00f3mo invitar a nuevos usuarios a su finca? - Landfiles","og_description":"\u00bfC\u00f3mo invitar a nuevos usuarios a su finca? En el ordenador : Para invitar a los usuarios a su finca desde la p\u00e1gina de inicio","og_url":"https:\/\/landfiles.com\/es\/como-invitar-a-nuevos-usuarios-a-su-explotacion","og_site_name":"Landfiles","article_publisher":"https:\/\/www.facebook.com\/Landfiles\/","article_modified_time":"2024-01-29T16:53:00+00:00","og_image":[{"url":"https:\/\/landfiles.com\/wp-content\/uploads\/2019\/04\/plus-1.png","type":"","width":"","height":""}],"twitter_card":"summary_large_image","twitter_site":"@landfiles","twitter_misc":{"Tiempo de lectura":"5 minutos"},"schema":{"@context":"https:\/\/schema.org","@graph":[{"@type":"WebPage","@id":"https:\/\/landfiles.com\/es\/como-invitar-a-nuevos-usuarios-a-su-explotacion","url":"https:\/\/landfiles.com\/es\/como-invitar-a-nuevos-usuarios-a-su-explotacion","name":"\u00bfC\u00f3mo invitar a nuevos usuarios a su finca? - Landfiles","isPartOf":{"@id":"https:\/\/landfiles.com\/#website"},"primaryImageOfPage":{"@id":"https:\/\/landfiles.com\/es\/como-invitar-a-nuevos-usuarios-a-su-explotacion#primaryimage"},"image":{"@id":"https:\/\/landfiles.com\/es\/como-invitar-a-nuevos-usuarios-a-su-explotacion#primaryimage"},"thumbnailUrl":"https:\/\/landfiles.com\/wp-content\/uploads\/2019\/04\/plus-1.png","datePublished":"2021-11-05T13:54:05+00:00","dateModified":"2024-01-29T16:53:00+00:00","description":"\u00bfC\u00f3mo invitar a nuevos usuarios a su finca? En el ordenador : Para invitar a los usuarios a su finca desde la p\u00e1gina de inicio","breadcrumb":{"@id":"https:\/\/landfiles.com\/es\/como-invitar-a-nuevos-usuarios-a-su-explotacion#breadcrumb"},"inLanguage":"es","potentialAction":[{"@type":"ReadAction","target":["https:\/\/landfiles.com\/es\/como-invitar-a-nuevos-usuarios-a-su-explotacion"]}]},{"@type":"ImageObject","inLanguage":"es","@id":"https:\/\/landfiles.com\/es\/como-invitar-a-nuevos-usuarios-a-su-explotacion#primaryimage","url":"https:\/\/landfiles.com\/wp-content\/uploads\/2019\/04\/plus-1.png","contentUrl":"https:\/\/landfiles.com\/wp-content\/uploads\/2019\/04\/plus-1.png"},{"@type":"BreadcrumbList","@id":"https:\/\/landfiles.com\/es\/como-invitar-a-nuevos-usuarios-a-su-explotacion#breadcrumb","itemListElement":[{"@type":"ListItem","position":1,"name":"Accueil","item":"https:\/\/landfiles.com\/es"},{"@type":"ListItem","position":2,"name":"\u00bfC\u00f3mo invitar a nuevos usuarios a su finca?"}]},{"@type":"WebSite","@id":"https:\/\/landfiles.com\/#website","url":"https:\/\/landfiles.com\/","name":"Landfiles","description":"Construisez l&#039;agriculture de demain !","potentialAction":[{"@type":"SearchAction","target":{"@type":"EntryPoint","urlTemplate":"https:\/\/landfiles.com\/?s={search_term_string}"},"query-input":{"@type":"PropertyValueSpecification","valueRequired":true,"valueName":"search_term_string"}}],"inLanguage":"es"}]}},"_links":{"self":[{"href":"https:\/\/landfiles.com\/es\/wp-json\/wp\/v2\/pages\/17229"}],"collection":[{"href":"https:\/\/landfiles.com\/es\/wp-json\/wp\/v2\/pages"}],"about":[{"href":"https:\/\/landfiles.com\/es\/wp-json\/wp\/v2\/types\/page"}],"author":[{"embeddable":true,"href":"https:\/\/landfiles.com\/es\/wp-json\/wp\/v2\/users\/14"}],"replies":[{"embeddable":true,"href":"https:\/\/landfiles.com\/es\/wp-json\/wp\/v2\/comments?post=17229"}],"version-history":[{"count":5,"href":"https:\/\/landfiles.com\/es\/wp-json\/wp\/v2\/pages\/17229\/revisions"}],"predecessor-version":[{"id":20031,"href":"https:\/\/landfiles.com\/es\/wp-json\/wp\/v2\/pages\/17229\/revisions\/20031"}],"wp:attachment":[{"href":"https:\/\/landfiles.com\/es\/wp-json\/wp\/v2\/media?parent=17229"}],"curies":[{"name":"wp","href":"https:\/\/api.w.org\/{rel}","templated":true}]}}