{"id":18638,"date":"2021-11-05T13:55:59","date_gmt":"2021-11-05T13:55:59","guid":{"rendered":"https:\/\/landfiles.com\/cuales-son-los-diferentes-tipos-de-publicacion"},"modified":"2024-01-08T10:52:49","modified_gmt":"2024-01-08T10:52:49","slug":"cuales-son-los-diferentes-tipos-de-publicacion","status":"publish","type":"page","link":"https:\/\/landfiles.com\/es\/cuales-son-los-diferentes-tipos-de-publicacion","title":{"rendered":"\u00bfCu\u00e1les son los diferentes tipos de publicaci\u00f3n?"},"content":{"rendered":"<p>[et_pb_section fb_built=\u00bb1&#8243; fullwidth=\u00bbon\u00bb _builder_version=\u00bb4.16&#8243; background_color=\u00bb#9fbb3f\u00bb use_background_color_gradient=\u00bbon\u00bb background_color_gradient_direction=\u00bb1deg\u00bb background_color_gradient_stops=\u00bb#9fbb3f 0%|#9fbb3f 100%\u00bb background_color_gradient_start=\u00bb#9fbb3f\u00bb background_color_gradient_end=\u00bb#9fbb3f\u00bb custom_padding=\u00bb0px|0px|0|0px|false|false\u00bb locked=\u00bboff\u00bb global_colors_info=\u00bb{}\u00bb][et_pb_fullwidth_header title=\u00bbTutoriales\u00bb _builder_version=\u00bb4.16&#8243; title_text_align=\u00bbcenter\u00bb title_font_size=\u00bb34px\u00bb background_color=\u00bbrgba(255, 255, 255, 0)\u00bb custom_margin=\u00bb-20px||-20px\u00bb custom_padding=\u00bb50px||33px|||\u00bb global_colors_info=\u00bb{}\u00bb button_one_text_size__hover_enabled=\u00bboff\u00bb button_two_text_size__hover_enabled=\u00bboff\u00bb button_one_text_color__hover_enabled=\u00bboff\u00bb button_two_text_color__hover_enabled=\u00bboff\u00bb button_one_border_width__hover_enabled=\u00bboff\u00bb button_two_border_width__hover_enabled=\u00bboff\u00bb button_one_border_color__hover_enabled=\u00bboff\u00bb button_two_border_color__hover_enabled=\u00bboff\u00bb button_one_border_radius__hover_enabled=\u00bboff\u00bb button_two_border_radius__hover_enabled=\u00bboff\u00bb button_one_letter_spacing__hover_enabled=\u00bboff\u00bb button_two_letter_spacing__hover_enabled=\u00bboff\u00bb button_one_bg_color__hover_enabled=\u00bboff\u00bb button_two_bg_color__hover_enabled=\u00bboff\u00bb title__hover_enabled=\u00bbon|desktop\u00bb title__hover=\u00bbTutorials\u00bb][\/et_pb_fullwidth_header][\/et_pb_section][et_pb_section fb_built=\u00bb1&#8243; specialty=\u00bbon\u00bb _builder_version=\u00bb4.16&#8243; locked=\u00bboff\u00bb global_colors_info=\u00bb{}\u00bb][et_pb_column type=\u00bb1_4&#8243; _builder_version=\u00bb4.16&#8243; custom_padding=\u00bb|||\u00bb global_colors_info=\u00bb{}\u00bb parallax__hover=\u00bboff\u00bb parallax_method__hover=\u00bbon\u00bb custom_padding__hover=\u00bb|||\u00bb][et_pb_sidebar area=\u00bbet_pb_widget_area_5&#8243; _builder_version=\u00bb4.16&#8243; global_colors_info=\u00bb{}\u00bb][\/et_pb_sidebar][\/et_pb_column][et_pb_column type=\u00bb3_4&#8243; specialty_columns=\u00bb3&#8243; _builder_version=\u00bb4.16&#8243; custom_padding=\u00bb|||\u00bb global_colors_info=\u00bb{}\u00bb parallax__hover=\u00bboff\u00bb parallax_method__hover=\u00bbon\u00bb custom_padding__hover=\u00bb|||\u00bb][et_pb_row_inner _builder_version=\u00bb4.16&#8243; global_colors_info=\u00bb{}\u00bb][et_pb_column_inner saved_specialty_column_type=\u00bb3_4&#8243; _builder_version=\u00bb4.16&#8243; custom_padding=\u00bb|||\u00bb global_colors_info=\u00bb{}\u00bb parallax__hover=\u00bboff\u00bb parallax_method__hover=\u00bbon\u00bb custom_padding__hover=\u00bb|||\u00bb][et_pb_text _builder_version=\u00bb4.16&#8243; header_font=\u00bb||||||||\u00bb header_text_color=\u00bb#23994e\u00bb background_size=\u00bbinitial\u00bb background_position=\u00bbtop_left\u00bb background_repeat=\u00bbrepeat\u00bb global_colors_info=\u00bb{}\u00bb]<\/p>\n<h1><span style=\"color: #9fbb3f;\">\u00bfCu\u00e1les son los distintos tipos de publicaci\u00f3n? <\/span><\/h1>\n<h1><span style=\"font-size: 16px; color: #727272;\"> <\/span><\/h1>\n<p>Con Landfiles, puede publicar :<\/p>\n<p>&nbsp;<\/p>\n<ul>\n<li>Una observaci\u00f3n, a trav\u00e9s de una publicaci\u00f3n que s\u00f3lo contiene im\u00e1genes y texto<\/li>\n<li>Seguimiento de parcelas o ensayos mediante una publicaci\u00f3n que integra la cumplimentaci\u00f3n de un formulario espec\u00edfico para uno de sus grupos. <\/li>\n<li>Un seguimiento de las enfermedades y plagas de sus cultivos mediante un programa de observaci\u00f3n estacional<\/li>\n<\/ul>\n<p>[\/et_pb_text][\/et_pb_column_inner][\/et_pb_row_inner][\/et_pb_column][\/et_pb_section][et_pb_section fb_built=\u00bb1&#8243; _builder_version=\u00bb4.16&#8243; background_color=\u00bb#000000&#8243; locked=\u00bboff\u00bb collapsed=\u00bboff\u00bb global_colors_info=\u00bb{}\u00bb][et_pb_row column_structure=\u00bb1_3,1_3,1_3&#8243; _builder_version=\u00bb4.16&#8243; background_size=\u00bbinitial\u00bb background_position=\u00bbtop_left\u00bb background_repeat=\u00bbrepeat\u00bb global_colors_info=\u00bb{}\u00bb][et_pb_column type=\u00bb1_3&#8243; _builder_version=\u00bb4.16&#8243; global_colors_info=\u00bb{}\u00bb][et_pb_image src=\u00bbhttps:\/\/landfiles.com\/wp-content\/uploads\/2019\/04\/logo-pied.png\u00bb align=\u00bbcenter\u00bb _builder_version=\u00bb4.16&#8243; global_colors_info=\u00bb{}\u00bb][\/et_pb_image][\/et_pb_column][et_pb_column type=\u00bb1_3&#8243; _builder_version=\u00bb4.16&#8243; global_colors_info=\u00bb{}\u00bb][et_pb_text _builder_version=\u00bb4.16&#8243; text_text_color=\u00bb#ffffff\u00bb text_font_size=\u00bb20px\u00bb global_colors_info=\u00bb{}\u00bb]<\/p>\n<p>CONTACTO<\/p>\n<p>[\/et_pb_text][et_pb_blurb use_icon=\u00bbon\u00bb font_icon=\u00bb&#xe01d;||divi||400&#8243; icon_color=\u00bb#9fbb3f\u00bb icon_placement=\u00bbleft\u00bb _builder_version=\u00bb4.16&#8243; global_colors_info=\u00bb{}\u00bb]<\/p>\n<p>17 rue B\u00e9ranger<br \/>75003 Paris<\/p>\n<p>[\/et_pb_blurb][et_pb_blurb use_icon=\u00bbon\u00bb font_icon=\u00bb&#xe010;||divi||400&#8243; icon_color=\u00bb#9fbb3f\u00bb icon_placement=\u00bbleft\u00bb _builder_version=\u00bb4.16&#8243; global_colors_info=\u00bb{}\u00bb]<\/p>\n<p>contact@landfiles.fr<\/p>\n<p>[\/et_pb_blurb][et_pb_cta button_url=\u00bbhttps:\/\/landfiles.com\/es\/contacto\u00bb button_text=\u00bbCONTACTO\u00bb _builder_version=\u00bb4.16&#8243; body_font_size=\u00bb14px\u00bb use_background_color=\u00bboff\u00bb custom_button=\u00bbon\u00bb button_text_size=\u00bb18px\u00bb button_bg_color=\u00bb#9fbb3f\u00bb button_border_width=\u00bb0px\u00bb button_border_color=\u00bb#9fbb3f\u00bb button_border_radius=\u00bb0px\u00bb button_font=\u00bb|700|||||||\u00bb button_icon=\u00bb&#xe08a;||divi||400&#8243; button_icon_placement=\u00bbleft\u00bb button_on_hover=\u00bboff\u00bb button_alignment=\u00bbleft\u00bb min_height=\u00bb60px\u00bb global_colors_info=\u00bb{}\u00bb][\/et_pb_cta][\/et_pb_column][et_pb_column type=\u00bb1_3&#8243; _builder_version=\u00bb4.16&#8243; global_colors_info=\u00bb{}\u00bb][et_pb_text _builder_version=\u00bb4.16&#8243; text_text_color=\u00bb#ffffff\u00bb text_font_size=\u00bb20px\u00bb global_colors_info=\u00bb{}\u00bb]<\/p>\n<p>INFORMACIONES<\/p>\n<p>[\/et_pb_text][et_pb_text admin_label=\u00bbText\u00bb _builder_version=\u00bb4.16&#8243; global_colors_info=\u00bb{}\u00bb]<\/p>\n<p><a href=\"https:\/\/landfiles.com\/en\/legal-notice\">Aviso legal<\/a><\/p>\n<p><a href=\"https:\/\/landfiles.com\/politique-de-cookies-eu\">Pol\u00edtica de cookies<\/a><\/p>\n<p><a href=\"https:\/\/landfiles.com\/en\/privacy-policy\">Pol\u00edtica de protecci\u00f3n de datos<\/a><\/p>\n<p><a href=\"https:\/\/landfiles.com\/conditions-generales-dutilisation\">Condiciones de uso<\/a><\/p>\n<p>[\/et_pb_text][\/et_pb_column][\/et_pb_row][\/et_pb_section]<\/p>\n","protected":false},"excerpt":{"rendered":"<p>\u00bfCu\u00e1les son los distintos tipos de publicaci\u00f3n? Con Landfiles, puede publicar : &nbsp; Una observaci\u00f3n, a trav\u00e9s de una publicaci\u00f3n que s\u00f3lo contiene im\u00e1genes y texto Seguimiento de parcelas o ensayos mediante una publicaci\u00f3n que integra la cumplimentaci\u00f3n de un formulario espec\u00edfico para uno de sus grupos. Un seguimiento de las enfermedades y plagas de [&hellip;]<\/p>\n","protected":false},"author":14,"featured_media":0,"parent":0,"menu_order":0,"comment_status":"closed","ping_status":"closed","template":"","meta":{"_et_pb_use_builder":"on","_et_pb_old_content":"","_et_gb_content_width":"","_exactmetrics_skip_tracking":false,"_exactmetrics_sitenote_active":false,"_exactmetrics_sitenote_note":"","_exactmetrics_sitenote_category":0,"footnotes":"","_wp_rev_ctl_limit":""},"yoast_head":"<!-- This site is optimized with the Yoast SEO plugin v24.5 - https:\/\/yoast.com\/wordpress\/plugins\/seo\/ -->\n<title>\u00bfCu\u00e1les son los diferentes tipos de publicaci\u00f3n? - Landfiles<\/title>\n<meta name=\"description\" content=\"Con Landfiles, puede publicar : Una observaci\u00f3n, a trav\u00e9s de una publicaci\u00f3n que contenga s\u00f3lo im\u00e1genes y texto. Una parcela o ensayo de seguimiento a trav\u00e9s de una publicaci\u00f3n que integra el llenado...\" \/>\n<meta name=\"robots\" content=\"index, follow, max-snippet:-1, max-image-preview:large, max-video-preview:-1\" \/>\n<link rel=\"canonical\" href=\"https:\/\/landfiles.com\/es\/cuales-son-los-diferentes-tipos-de-publicacion\" \/>\n<meta property=\"og:locale\" content=\"es_ES\" \/>\n<meta property=\"og:type\" content=\"article\" \/>\n<meta property=\"og:title\" content=\"\u00bfCu\u00e1les son los diferentes tipos de publicaci\u00f3n? - Landfiles\" \/>\n<meta property=\"og:description\" content=\"Con Landfiles, puede publicar : Una observaci\u00f3n, a trav\u00e9s de una publicaci\u00f3n que contenga s\u00f3lo im\u00e1genes y texto. Una parcela o ensayo de seguimiento a trav\u00e9s de una publicaci\u00f3n que integra el llenado...\" \/>\n<meta property=\"og:url\" content=\"https:\/\/landfiles.com\/es\/cuales-son-los-diferentes-tipos-de-publicacion\" \/>\n<meta property=\"og:site_name\" content=\"Landfiles\" \/>\n<meta property=\"article:publisher\" content=\"https:\/\/www.facebook.com\/Landfiles\/\" \/>\n<meta property=\"article:modified_time\" content=\"2024-01-08T10:52:49+00:00\" \/>\n<meta property=\"og:image\" content=\"https:\/\/landfiles.com\/wp-content\/uploads\/2019\/09\/Champ1.jpg\" \/>\n\t<meta property=\"og:image:width\" content=\"1024\" \/>\n\t<meta property=\"og:image:height\" content=\"768\" \/>\n\t<meta property=\"og:image:type\" content=\"image\/jpeg\" \/>\n<meta name=\"twitter:card\" content=\"summary_large_image\" \/>\n<meta name=\"twitter:site\" content=\"@landfiles\" \/>\n<meta name=\"twitter:label1\" content=\"Tiempo de lectura\" \/>\n\t<meta name=\"twitter:data1\" content=\"4 minutos\" \/>\n<script type=\"application\/ld+json\" class=\"yoast-schema-graph\">{\"@context\":\"https:\/\/schema.org\",\"@graph\":[{\"@type\":\"WebPage\",\"@id\":\"https:\/\/landfiles.com\/es\/cuales-son-los-diferentes-tipos-de-publicacion\",\"url\":\"https:\/\/landfiles.com\/es\/cuales-son-los-diferentes-tipos-de-publicacion\",\"name\":\"\u00bfCu\u00e1les son los diferentes tipos de publicaci\u00f3n? - Landfiles\",\"isPartOf\":{\"@id\":\"https:\/\/landfiles.com\/#website\"},\"datePublished\":\"2021-11-05T13:55:59+00:00\",\"dateModified\":\"2024-01-08T10:52:49+00:00\",\"description\":\"Con Landfiles, puede publicar : Una observaci\u00f3n, a trav\u00e9s de una publicaci\u00f3n que contenga s\u00f3lo im\u00e1genes y texto. Una parcela o ensayo de seguimiento a trav\u00e9s de una publicaci\u00f3n que integra el llenado...\",\"breadcrumb\":{\"@id\":\"https:\/\/landfiles.com\/es\/cuales-son-los-diferentes-tipos-de-publicacion#breadcrumb\"},\"inLanguage\":\"es\",\"potentialAction\":[{\"@type\":\"ReadAction\",\"target\":[\"https:\/\/landfiles.com\/es\/cuales-son-los-diferentes-tipos-de-publicacion\"]}]},{\"@type\":\"BreadcrumbList\",\"@id\":\"https:\/\/landfiles.com\/es\/cuales-son-los-diferentes-tipos-de-publicacion#breadcrumb\",\"itemListElement\":[{\"@type\":\"ListItem\",\"position\":1,\"name\":\"Accueil\",\"item\":\"https:\/\/landfiles.com\/es\"},{\"@type\":\"ListItem\",\"position\":2,\"name\":\"\u00bfCu\u00e1les son los diferentes tipos de publicaci\u00f3n?\"}]},{\"@type\":\"WebSite\",\"@id\":\"https:\/\/landfiles.com\/#website\",\"url\":\"https:\/\/landfiles.com\/\",\"name\":\"Landfiles\",\"description\":\"Construisez l&#039;agriculture de demain !\",\"potentialAction\":[{\"@type\":\"SearchAction\",\"target\":{\"@type\":\"EntryPoint\",\"urlTemplate\":\"https:\/\/landfiles.com\/?s={search_term_string}\"},\"query-input\":{\"@type\":\"PropertyValueSpecification\",\"valueRequired\":true,\"valueName\":\"search_term_string\"}}],\"inLanguage\":\"es\"}]}<\/script>\n<!-- \/ Yoast SEO plugin. -->","yoast_head_json":{"title":"\u00bfCu\u00e1les son los diferentes tipos de publicaci\u00f3n? - Landfiles","description":"Con Landfiles, puede publicar : Una observaci\u00f3n, a trav\u00e9s de una publicaci\u00f3n que contenga s\u00f3lo im\u00e1genes y texto. Una parcela o ensayo de seguimiento a trav\u00e9s de una publicaci\u00f3n que integra el llenado...","robots":{"index":"index","follow":"follow","max-snippet":"max-snippet:-1","max-image-preview":"max-image-preview:large","max-video-preview":"max-video-preview:-1"},"canonical":"https:\/\/landfiles.com\/es\/cuales-son-los-diferentes-tipos-de-publicacion","og_locale":"es_ES","og_type":"article","og_title":"\u00bfCu\u00e1les son los diferentes tipos de publicaci\u00f3n? - Landfiles","og_description":"Con Landfiles, puede publicar : Una observaci\u00f3n, a trav\u00e9s de una publicaci\u00f3n que contenga s\u00f3lo im\u00e1genes y texto. Una parcela o ensayo de seguimiento a trav\u00e9s de una publicaci\u00f3n que integra el llenado...","og_url":"https:\/\/landfiles.com\/es\/cuales-son-los-diferentes-tipos-de-publicacion","og_site_name":"Landfiles","article_publisher":"https:\/\/www.facebook.com\/Landfiles\/","article_modified_time":"2024-01-08T10:52:49+00:00","og_image":[{"width":1024,"height":768,"url":"https:\/\/landfiles.com\/wp-content\/uploads\/2019\/09\/Champ1.jpg","type":"image\/jpeg"}],"twitter_card":"summary_large_image","twitter_site":"@landfiles","twitter_misc":{"Tiempo de lectura":"4 minutos"},"schema":{"@context":"https:\/\/schema.org","@graph":[{"@type":"WebPage","@id":"https:\/\/landfiles.com\/es\/cuales-son-los-diferentes-tipos-de-publicacion","url":"https:\/\/landfiles.com\/es\/cuales-son-los-diferentes-tipos-de-publicacion","name":"\u00bfCu\u00e1les son los diferentes tipos de publicaci\u00f3n? - Landfiles","isPartOf":{"@id":"https:\/\/landfiles.com\/#website"},"datePublished":"2021-11-05T13:55:59+00:00","dateModified":"2024-01-08T10:52:49+00:00","description":"Con Landfiles, puede publicar : Una observaci\u00f3n, a trav\u00e9s de una publicaci\u00f3n que contenga s\u00f3lo im\u00e1genes y texto. Una parcela o ensayo de seguimiento a trav\u00e9s de una publicaci\u00f3n que integra el llenado...","breadcrumb":{"@id":"https:\/\/landfiles.com\/es\/cuales-son-los-diferentes-tipos-de-publicacion#breadcrumb"},"inLanguage":"es","potentialAction":[{"@type":"ReadAction","target":["https:\/\/landfiles.com\/es\/cuales-son-los-diferentes-tipos-de-publicacion"]}]},{"@type":"BreadcrumbList","@id":"https:\/\/landfiles.com\/es\/cuales-son-los-diferentes-tipos-de-publicacion#breadcrumb","itemListElement":[{"@type":"ListItem","position":1,"name":"Accueil","item":"https:\/\/landfiles.com\/es"},{"@type":"ListItem","position":2,"name":"\u00bfCu\u00e1les son los diferentes tipos de publicaci\u00f3n?"}]},{"@type":"WebSite","@id":"https:\/\/landfiles.com\/#website","url":"https:\/\/landfiles.com\/","name":"Landfiles","description":"Construisez l&#039;agriculture de demain !","potentialAction":[{"@type":"SearchAction","target":{"@type":"EntryPoint","urlTemplate":"https:\/\/landfiles.com\/?s={search_term_string}"},"query-input":{"@type":"PropertyValueSpecification","valueRequired":true,"valueName":"search_term_string"}}],"inLanguage":"es"}]}},"_links":{"self":[{"href":"https:\/\/landfiles.com\/es\/wp-json\/wp\/v2\/pages\/18638"}],"collection":[{"href":"https:\/\/landfiles.com\/es\/wp-json\/wp\/v2\/pages"}],"about":[{"href":"https:\/\/landfiles.com\/es\/wp-json\/wp\/v2\/types\/page"}],"author":[{"embeddable":true,"href":"https:\/\/landfiles.com\/es\/wp-json\/wp\/v2\/users\/14"}],"replies":[{"embeddable":true,"href":"https:\/\/landfiles.com\/es\/wp-json\/wp\/v2\/comments?post=18638"}],"version-history":[{"count":2,"href":"https:\/\/landfiles.com\/es\/wp-json\/wp\/v2\/pages\/18638\/revisions"}],"predecessor-version":[{"id":18640,"href":"https:\/\/landfiles.com\/es\/wp-json\/wp\/v2\/pages\/18638\/revisions\/18640"}],"wp:attachment":[{"href":"https:\/\/landfiles.com\/es\/wp-json\/wp\/v2\/media?parent=18638"}],"curies":[{"name":"wp","href":"https:\/\/api.w.org\/{rel}","templated":true}]}}