{"id":18682,"date":"2021-11-05T13:59:26","date_gmt":"2021-11-05T13:59:26","guid":{"rendered":"https:\/\/landfiles.com\/como-crear-un-grupo"},"modified":"2024-01-08T14:29:02","modified_gmt":"2024-01-08T14:29:02","slug":"como-crear-un-grupo","status":"publish","type":"page","link":"https:\/\/landfiles.com\/es\/como-crear-un-grupo","title":{"rendered":"\u00bfC\u00f3mo crear un grupo?"},"content":{"rendered":"<p>[et_pb_section fb_built=\u00bb1&#8243; _builder_version=\u00bb4.16&#8243; background_color=\u00bb#9fbb3f\u00bb custom_padding=\u00bb43px|0px|35px|0px|false|false\u00bb saved_tabs=\u00bball\u00bb locked=\u00bboff\u00bb global_colors_info=\u00bb{}\u00bb][et_pb_row _builder_version=\u00bb4.16&#8243; custom_padding=\u00bb0|0px|3px|0px|false|false\u00bb global_colors_info=\u00bb{}\u00bb][et_pb_column type=\u00bb4_4&#8243; _builder_version=\u00bb4.16&#8243; custom_padding=\u00bb|||\u00bb global_colors_info=\u00bb{}\u00bb custom_padding__hover=\u00bb|||\u00bb][et_pb_text _builder_version=\u00bb4.16&#8243; text_font=\u00bb||||||||\u00bb text_text_color=\u00bb#ffffff\u00bb text_font_size=\u00bb35px\u00bb global_colors_info=\u00bb{}\u00bb]<\/p>\n<p style=\"text-align: center;\">Tutoriales<\/p>\n<p>[\/et_pb_text][\/et_pb_column][\/et_pb_row][\/et_pb_section][et_pb_section fb_built=\u00bb1&#8243; specialty=\u00bbon\u00bb _builder_version=\u00bb4.16&#8243; locked=\u00bboff\u00bb global_colors_info=\u00bb{}\u00bb][et_pb_column type=\u00bb1_4&#8243; _builder_version=\u00bb4.16&#8243; custom_padding=\u00bb|||\u00bb global_colors_info=\u00bb{}\u00bb parallax__hover=\u00bboff\u00bb parallax_method__hover=\u00bbon\u00bb custom_padding__hover=\u00bb|||\u00bb][et_pb_sidebar area=\u00bbet_pb_widget_area_5&#8243; _builder_version=\u00bb4.16&#8243; global_colors_info=\u00bb{}\u00bb][\/et_pb_sidebar][\/et_pb_column][et_pb_column type=\u00bb3_4&#8243; specialty_columns=\u00bb3&#8243; _builder_version=\u00bb4.16&#8243; custom_padding=\u00bb|||\u00bb global_colors_info=\u00bb{}\u00bb parallax__hover=\u00bboff\u00bb parallax_method__hover=\u00bbon\u00bb custom_padding__hover=\u00bb|||\u00bb][et_pb_row_inner _builder_version=\u00bb4.16&#8243; global_colors_info=\u00bb{}\u00bb][et_pb_column_inner saved_specialty_column_type=\u00bb3_4&#8243; _builder_version=\u00bb4.16&#8243; custom_padding=\u00bb|||\u00bb global_colors_info=\u00bb{}\u00bb parallax__hover=\u00bboff\u00bb parallax_method__hover=\u00bbon\u00bb custom_padding__hover=\u00bb|||\u00bb][et_pb_text _builder_version=\u00bb4.16&#8243; header_font=\u00bb||||||||\u00bb header_text_color=\u00bb#23994e\u00bb background_size=\u00bbinitial\u00bb background_position=\u00bbtop_left\u00bb background_repeat=\u00bbrepeat\u00bb min_height=\u00bb232px\u00bb global_colors_info=\u00bb{}\u00bb]<\/p>\n<h1><span style=\"color: #9fbb3f;\">\u00bfC\u00f3mo crear un grupo? <\/span><\/h1>\n<p><span style=\"color: rgba(52, 52, 51, 0.57);\"> <\/span><\/p>\n<h4 data-pm-slice=\"1 1 []\"><span style=\"color: #727272;\"><strong><u>1\/ Cree su grupo<\/u><\/strong><\/span><\/h4>\n<p>En primer lugar, cree su grupo. Encontrar\u00e1 el procedimiento en el tutorial : <span style=\"text-decoration: underline;\">\u00bfC\u00f3mo crear un grupo?<\/span><\/p>\n<p>&nbsp;<\/p>\n<h4 data-pm-slice=\"1 1 []\"><span style=\"color: #727272;\"><strong><u>2\/ Publica un saludo para dar la bienvenida a sus usuarios<\/u><\/strong><\/span><\/h4>\n<p>Como consultor \/ facilitador, tiene una explotaci\u00f3n ficticia creada a su nombre. Le aconsejamos que renombre esta explotaci\u00f3n con el nombre de su estructura, su servicio o un lugar de experimentaci\u00f3n para difundir sus noticias o hacer un seguimiento de las parcelas.<\/p>\n<p>Para dar la bienvenida a sus usuarios, publica una foto o un visual, y un saludo. Vea nuestro tutorial para a\u00f1adir una publicaci\u00f3n <a href=\"https:\/\/landfiles.com\/en\/?page_id=9352&amp;preview=true\">:<\/a> <strong><a href=\"https:\/\/landfiles.com\/en\/?page_id=9352&amp;preview=true\">\u00bfC\u00f3mo a\u00f1adir una publicaci\u00f3n con un formulario?<\/a><\/strong><\/p>\n<p>Invita a sus colegas a su explotaci\u00f3n para que te acompa\u00f1en en la direcci\u00f3n del grupo y contribuyan al registro de las observaciones.<\/p>\n<p>(v\u00e9ase el tutorial : <span style=\"text-decoration: underline;\"><strong><a href=\"https:\/\/landfiles.com\/es\/como-invitar-a-nuevos-usuarios-a-su-explotacion?preview=true\">\u00bfC\u00f3mo invitar a nuevos usuarios a su explotaci\u00f3n?<\/a><\/strong><\/span>).<\/p>\n<p>Nota : Si ha creado una explotaci\u00f3n por error, aqu\u00ed tiene el procedimiento para abandonarla (pr\u00f3ximamente).<\/p>\n<h4 data-pm-slice=\"1 1 []\"> <\/h4>\n<h4 data-pm-slice=\"1 1 []\"><span style=\"color: #727272;\"><strong><u>3\/ Opcional: Cree sus propias explotaciones de grupo<\/u><\/strong><\/span><\/h4>\n<p data-pm-slice=\"1 1 []\">Es posible crear explotaciones uno mismo (s\u00f3lo a trav\u00e9s de la aplicaci\u00f3n m\u00f3vil) para poder publicar bajo cada una de ellas, durante sus visitas a las parcelas. Esta caracter\u00edstica es muy apreciada por los asesores t\u00e9cnicos, ya que permite capitalizar en el mismo lugar las observaciones realizadas tanto por el asesor como por el agricultor.<br \/>Encuentra la manipulaci\u00f3n en el tutorial :<strong> <\/strong><span style=\"text-decoration: underline;\"><strong><a href=\"https:\/\/landfiles.com\/en\/?page_id=9231&amp;preview=true\">\u00bfC\u00f3mo crear una nueva explotaci\u00f3n?<\/a><br \/><\/strong><\/span>Durante la etapa final de creaci\u00f3n de la explotaci\u00f3n, recuerde a\u00f1adir cada explotaci\u00f3n a su grupo. esto simplificar\u00e1 el procedimiento de invitaci\u00f3n (ver m\u00e1s abajo)<span style=\"text-decoration: underline;\"><strong><br \/><\/strong><\/span><\/p>\n<p data-pm-slice=\"1 1 []\">Tenga en cuenta que si no realiza este paso : Las granjas ser\u00e1n creadas autom\u00e1ticamente por Landfiles cuando se cree la cuenta de cada usuario. Los agricultores podr\u00e1n invitarte a su explotaci\u00f3n (ver el tutorial : <span style=\"text-decoration: underline;\"><strong><a href=\"https:\/\/landfiles.com\/es\/como-invitar-a-nuevos-usuarios-a-su-explotacion?preview=true\">\u00bfC\u00f3mo invitar a nuevos usuarios a tu explotaci\u00f3n?<\/a><\/strong><\/span> )<br \/>Si se encuentra en esta situaci\u00f3n y necesita ayuda para potenciar las explotaciones de su grupo, p\u00f3ngase en contacto con nosotros.<\/p>\n<h4 data-pm-slice=\"1 1 []\"><span style=\"color: #727272;\"><strong><u>4\/ Opcional: Cree las parcelas e inicie su seguimiento para aportar m\u00e1s contenidos<\/u><\/strong><\/span><\/h4>\n<p data-pm-slice=\"1 1 []\">Puede ser interesante iniciar su seguimiento en las explotaciones creadas, para aportar un poco m\u00e1s de contenido a los futuros miembros de su grupo.<\/p>\n<ul>\n<li data-pm-slice=\"1 1 []\">\n<p data-pm-slice=\"1 1 [\"list\",{},\"list_item\",{\"indent\":1,\"type\":\"bulleted\"}]\">Para crear una parcela, consulte nuestro tutorial : <strong><a href=\"https:\/\/landfiles.com\/en\/?page_id=9333&amp;preview=true\">\u00bfC\u00f3mo crear una parcela y geolocalizarla?<\/a><\/strong><\/p>\n<\/li>\n<li data-pm-slice=\"1 1 []\">\n<p data-pm-slice=\"1 1 [\"list\",{},\"list_item\",{\"indent\":1,\"type\":\"bulleted\"}]\">Vea nuestro tutorial sobre c\u00f3mo a\u00f1adir una publicaci\u00f3n :<strong><a href=\"https:\/\/landfiles.com\/en\/?page_id=9346&amp;preview=true\">\u00bfC\u00f3mo a\u00f1adir una publicaci\u00f3n?<\/a><\/strong><\/p>\n<\/li>\n<\/ul>\n<p data-pm-slice=\"1 1 []\">Presente de 1 a 3 parcelas a lo largo de varios meses, siguiendo la historia de los cultivos.<\/p>\n<h4 data-pm-slice=\"1 1 []\"><span style=\"color: #727272;\"><strong><u>5\/ Informar a los agricultores de su decisi\u00f3n de utilizar los ficheros de tierras<\/u><\/strong><\/span><\/h4>\n<p>Prepare una comunicaci\u00f3n por correo electr\u00f3nico a los agricultores, explicando su elecci\u00f3n de utilizar Landfiles para estructurar los intercambios del grupo.<\/p>\n<p>&nbsp;<\/p>\n<h4 data-pm-slice=\"1 1 []\"><span style=\"color: #727272;\"><strong><u>6\/ Invitar a los agricultores a Landfiles<\/u><\/strong><\/span><\/h4>\n<p>Inmediatamente despu\u00e9s de realizar la comunicaci\u00f3n (punto 5\/), invita a los agricultores a Landfiles, para que puedan acceder a su grupo.<\/p>\n<p><strong>CASO 1:<\/strong> Ha creado las explotaciones y las ha adjuntado al grupo<br \/>En este caso, invita a cada agricultor a su explotaci\u00f3n con el rol \u00abAdministrador\u00bb. Al estar la explotaci\u00f3n unida al grupo, cada agricultor tambi\u00e9n ser\u00e1 invitado (autom\u00e1ticamente) al grupo, y recibir\u00e1 el rol de \u00abInvitado\u00bb.<br \/>Encuentra la manipulaci\u00f3n en : <a title=\"C\u00f3mo invitar a nuevos usuarios a su explotaci\u00f3n\" href=\"https:\/\/landfiles.com\/es\/como-invitar-a-nuevos-usuarios-a-su-explotacion?preview=true\"><strong>\u00bfC\u00f3mo invitar a nuevos usuarios a tu explotaci\u00f3n?<\/strong><\/a><\/p>\n<p><strong>CASO n\u00b02 :<\/strong> No ha creado las explotaciones<br \/>En este caso, invita directamente a los agricultores al grupo, con el rol \u00abInvitado\u00bb. Encuentra la manipulaci\u00f3n en : \u00bfC\u00f3mo acceder a la libreta de direcciones del grupo o a\u00f1adir nuevos miembros?<\/p>\n<p>&nbsp;<\/p>\n<h4 data-pm-slice=\"1 1 []\"><span style=\"color: #727272;\"><strong><u>7\/ Organizar una demostraci\u00f3n de Landfiles<\/u><\/strong><\/span><\/h4>\n<p>P\u00f3ngase en contacto con nosotros para hacer una demostraci\u00f3n gratuita de Landfiles a su grupo de agricultores, durante una visio de 45 minutos. Por favor, h\u00e1ganoslo saber con 2 semanas de antelaci\u00f3n, y llevaremos a cabo una demostraci\u00f3n de los grupos existentes con usted para mostrar la din\u00e1mica que nuestra herramienta permite crear y mantener.<\/p>\n<p>&nbsp;<\/p>\n<h4 data-pm-slice=\"1 1 []\"><span style=\"color: #727272;\"><strong><u>8\/ Presentar Landfiles durante una reuni\u00f3n presencial<\/u><\/strong><\/span><\/h4>\n<p>P\u00f3ngase en contacto con nosotros si desea presentar Landfiles durante una reuni\u00f3n, le enviaremos el material de presentaci\u00f3n.<\/p>\n<p>&nbsp;<\/p>\n<h4 data-pm-slice=\"1 1 []\"><span style=\"color: #727272;\"><strong><u>9\/ Programe la formaci\u00f3n de sus facilitadores<\/u><\/strong><\/span><\/h4>\n<p>Recomendamos a todos los responsables de grupo que realicen la formaci\u00f3n de 2 horas que ofrecemos en v\u00eddeo. Esta formaci\u00f3n le permite aprender a utilizar la aplicaci\u00f3n Landfiles y aprender a instalar una din\u00e1mica de puesta en com\u00fan dentro de su grupo, y a mantenerla a lo largo del tiempo.<\/p>\n<p>Esta formaci\u00f3n puede realizarse incluso antes del lanzamiento del grupo, p\u00f3ngase en contacto con nosotros para programarla.<\/p>\n<p>[\/et_pb_text][\/et_pb_column_inner][\/et_pb_row_inner][\/et_pb_column][\/et_pb_section][et_pb_section fb_built=\u00bb1&#8243; _builder_version=\u00bb4.16&#8243; background_color=\u00bb#000000&#8243; locked=\u00bboff\u00bb collapsed=\u00bboff\u00bb global_colors_info=\u00bb{}\u00bb][et_pb_row column_structure=\u00bb1_3,1_3,1_3&#8243; _builder_version=\u00bb4.16&#8243; background_size=\u00bbinitial\u00bb background_position=\u00bbtop_left\u00bb background_repeat=\u00bbrepeat\u00bb global_colors_info=\u00bb{}\u00bb][et_pb_column type=\u00bb1_3&#8243; _builder_version=\u00bb4.16&#8243; global_colors_info=\u00bb{}\u00bb][et_pb_image src=\u00bbhttps:\/\/landfiles.com\/wp-content\/uploads\/2019\/04\/logo-pied.png\u00bb align=\u00bbcenter\u00bb _builder_version=\u00bb4.16&#8243; global_colors_info=\u00bb{}\u00bb][\/et_pb_image][\/et_pb_column][et_pb_column type=\u00bb1_3&#8243; _builder_version=\u00bb4.16&#8243; global_colors_info=\u00bb{}\u00bb][et_pb_text _builder_version=\u00bb4.16&#8243; text_text_color=\u00bb#ffffff\u00bb text_font_size=\u00bb20px\u00bb global_colors_info=\u00bb{}\u00bb]<\/p>\n<p>CONTACTO<\/p>\n<p>[\/et_pb_text][et_pb_blurb use_icon=\u00bbon\u00bb font_icon=\u00bb&#xe01d;||divi||400&#8243; icon_color=\u00bb#9fbb3f\u00bb icon_placement=\u00bbleft\u00bb _builder_version=\u00bb4.16&#8243; global_colors_info=\u00bb{}\u00bb]<\/p>\n<p>17 rue B\u00e9ranger<br \/>75003 Paris<\/p>\n<p>[\/et_pb_blurb][et_pb_blurb use_icon=\u00bbon\u00bb font_icon=\u00bb&#xe010;||divi||400&#8243; icon_color=\u00bb#9fbb3f\u00bb icon_placement=\u00bbleft\u00bb _builder_version=\u00bb4.16&#8243; global_colors_info=\u00bb{}\u00bb]<\/p>\n<p>contact@landfiles.fr<\/p>\n<p>[\/et_pb_blurb][et_pb_cta button_url=\u00bbhttps:\/\/landfiles.com\/es\/contacto\u00bb button_text=\u00bbCONTACTO\u00bb _builder_version=\u00bb4.16&#8243; body_font_size=\u00bb14px\u00bb use_background_color=\u00bboff\u00bb custom_button=\u00bbon\u00bb button_text_size=\u00bb18px\u00bb button_bg_color=\u00bb#9fbb3f\u00bb button_border_width=\u00bb0px\u00bb button_border_color=\u00bb#9fbb3f\u00bb button_border_radius=\u00bb0px\u00bb button_font=\u00bb|700|||||||\u00bb button_icon=\u00bb&#xe08a;||divi||400&#8243; button_icon_placement=\u00bbleft\u00bb button_on_hover=\u00bboff\u00bb button_alignment=\u00bbleft\u00bb min_height=\u00bb60px\u00bb global_colors_info=\u00bb{}\u00bb][\/et_pb_cta][\/et_pb_column][et_pb_column type=\u00bb1_3&#8243; _builder_version=\u00bb4.16&#8243; global_colors_info=\u00bb{}\u00bb][et_pb_text _builder_version=\u00bb4.16&#8243; text_text_color=\u00bb#ffffff\u00bb text_font_size=\u00bb20px\u00bb global_colors_info=\u00bb{}\u00bb]<\/p>\n<p>INFORMACIONES<\/p>\n<p>[\/et_pb_text][et_pb_text admin_label=\u00bbText\u00bb _builder_version=\u00bb4.16&#8243; global_colors_info=\u00bb{}\u00bb]<\/p>\n<p><a href=\"https:\/\/landfiles.com\/en\/legal-notice\">Aviso legal<\/a><\/p>\n<p><a href=\"https:\/\/landfiles.com\/politique-de-cookies-eu\">Pol\u00edtica de cookies<\/a><\/p>\n<p><a href=\"https:\/\/landfiles.com\/en\/privacy-policy\">Pol\u00edtica de protecci\u00f3n de datos<\/a><\/p>\n<p><a href=\"https:\/\/landfiles.com\/conditions-generales-dutilisation\">Condiciones de uso<\/a><\/p>\n<p>[\/et_pb_text][\/et_pb_column][\/et_pb_row][\/et_pb_section]<\/p>\n","protected":false},"excerpt":{"rendered":"<p>Tutoriales\u00bfC\u00f3mo crear un grupo? 1\/ Cree su grupo En primer lugar, cree su grupo. Encontrar\u00e1 el procedimiento en el tutorial : \u00bfC\u00f3mo crear un grupo? &nbsp; 2\/ Publica un saludo para dar la bienvenida a sus usuarios Como consultor \/ facilitador, tiene una explotaci\u00f3n ficticia creada a su nombre. Le aconsejamos que renombre esta explotaci\u00f3n [&hellip;]<\/p>\n","protected":false},"author":14,"featured_media":0,"parent":0,"menu_order":0,"comment_status":"closed","ping_status":"closed","template":"","meta":{"_et_pb_use_builder":"on","_et_pb_old_content":"","_et_gb_content_width":"","_exactmetrics_skip_tracking":false,"_exactmetrics_sitenote_active":false,"_exactmetrics_sitenote_note":"","_exactmetrics_sitenote_category":0,"footnotes":"","_wp_rev_ctl_limit":""},"yoast_head":"<!-- This site is optimized with the Yoast SEO plugin v24.5 - https:\/\/yoast.com\/wordpress\/plugins\/seo\/ -->\n<title>\u00bfC\u00f3mo crear un grupo? - Landfiles<\/title>\n<meta name=\"description\" content=\"Crea tu grupo y publica una nota de bienvenida para dar la bienvenida a sus usuarios En primer lugar, crea su grupo. Ver el tutorial \u00bfC\u00f3mo crear un grupo?\" \/>\n<meta name=\"robots\" content=\"index, follow, max-snippet:-1, max-image-preview:large, max-video-preview:-1\" \/>\n<link rel=\"canonical\" href=\"https:\/\/landfiles.com\/es\/como-crear-un-grupo\" \/>\n<meta property=\"og:locale\" content=\"es_ES\" \/>\n<meta property=\"og:type\" content=\"article\" \/>\n<meta property=\"og:title\" content=\"\u00bfC\u00f3mo crear un grupo? - Landfiles\" \/>\n<meta property=\"og:description\" content=\"Crea tu grupo y publica una nota de bienvenida para dar la bienvenida a sus usuarios En primer lugar, crea su grupo. Ver el tutorial \u00bfC\u00f3mo crear un grupo?\" \/>\n<meta property=\"og:url\" content=\"https:\/\/landfiles.com\/es\/como-crear-un-grupo\" \/>\n<meta property=\"og:site_name\" content=\"Landfiles\" \/>\n<meta property=\"article:publisher\" content=\"https:\/\/www.facebook.com\/Landfiles\/\" \/>\n<meta property=\"article:modified_time\" content=\"2024-01-08T14:29:02+00:00\" \/>\n<meta property=\"og:image\" content=\"https:\/\/landfiles.com\/wp-content\/uploads\/2019\/09\/Champ1.jpg\" \/>\n\t<meta property=\"og:image:width\" content=\"1024\" \/>\n\t<meta property=\"og:image:height\" content=\"768\" \/>\n\t<meta property=\"og:image:type\" content=\"image\/jpeg\" \/>\n<meta name=\"twitter:card\" content=\"summary_large_image\" \/>\n<meta name=\"twitter:site\" content=\"@landfiles\" \/>\n<meta name=\"twitter:label1\" content=\"Tiempo de lectura\" \/>\n\t<meta name=\"twitter:data1\" content=\"7 minutos\" \/>\n<script type=\"application\/ld+json\" class=\"yoast-schema-graph\">{\"@context\":\"https:\/\/schema.org\",\"@graph\":[{\"@type\":\"WebPage\",\"@id\":\"https:\/\/landfiles.com\/es\/como-crear-un-grupo\",\"url\":\"https:\/\/landfiles.com\/es\/como-crear-un-grupo\",\"name\":\"\u00bfC\u00f3mo crear un grupo? - Landfiles\",\"isPartOf\":{\"@id\":\"https:\/\/landfiles.com\/#website\"},\"datePublished\":\"2021-11-05T13:59:26+00:00\",\"dateModified\":\"2024-01-08T14:29:02+00:00\",\"description\":\"Crea tu grupo y publica una nota de bienvenida para dar la bienvenida a sus usuarios En primer lugar, crea su grupo. Ver el tutorial \u00bfC\u00f3mo crear un grupo?\",\"breadcrumb\":{\"@id\":\"https:\/\/landfiles.com\/es\/como-crear-un-grupo#breadcrumb\"},\"inLanguage\":\"es\",\"potentialAction\":[{\"@type\":\"ReadAction\",\"target\":[\"https:\/\/landfiles.com\/es\/como-crear-un-grupo\"]}]},{\"@type\":\"BreadcrumbList\",\"@id\":\"https:\/\/landfiles.com\/es\/como-crear-un-grupo#breadcrumb\",\"itemListElement\":[{\"@type\":\"ListItem\",\"position\":1,\"name\":\"Accueil\",\"item\":\"https:\/\/landfiles.com\/es\"},{\"@type\":\"ListItem\",\"position\":2,\"name\":\"\u00bfC\u00f3mo crear un grupo?\"}]},{\"@type\":\"WebSite\",\"@id\":\"https:\/\/landfiles.com\/#website\",\"url\":\"https:\/\/landfiles.com\/\",\"name\":\"Landfiles\",\"description\":\"Construisez l&#039;agriculture de demain !\",\"potentialAction\":[{\"@type\":\"SearchAction\",\"target\":{\"@type\":\"EntryPoint\",\"urlTemplate\":\"https:\/\/landfiles.com\/?s={search_term_string}\"},\"query-input\":{\"@type\":\"PropertyValueSpecification\",\"valueRequired\":true,\"valueName\":\"search_term_string\"}}],\"inLanguage\":\"es\"}]}<\/script>\n<!-- \/ Yoast SEO plugin. -->","yoast_head_json":{"title":"\u00bfC\u00f3mo crear un grupo? - Landfiles","description":"Crea tu grupo y publica una nota de bienvenida para dar la bienvenida a sus usuarios En primer lugar, crea su grupo. Ver el tutorial \u00bfC\u00f3mo crear un grupo?","robots":{"index":"index","follow":"follow","max-snippet":"max-snippet:-1","max-image-preview":"max-image-preview:large","max-video-preview":"max-video-preview:-1"},"canonical":"https:\/\/landfiles.com\/es\/como-crear-un-grupo","og_locale":"es_ES","og_type":"article","og_title":"\u00bfC\u00f3mo crear un grupo? - Landfiles","og_description":"Crea tu grupo y publica una nota de bienvenida para dar la bienvenida a sus usuarios En primer lugar, crea su grupo. Ver el tutorial \u00bfC\u00f3mo crear un grupo?","og_url":"https:\/\/landfiles.com\/es\/como-crear-un-grupo","og_site_name":"Landfiles","article_publisher":"https:\/\/www.facebook.com\/Landfiles\/","article_modified_time":"2024-01-08T14:29:02+00:00","og_image":[{"width":1024,"height":768,"url":"https:\/\/landfiles.com\/wp-content\/uploads\/2019\/09\/Champ1.jpg","type":"image\/jpeg"}],"twitter_card":"summary_large_image","twitter_site":"@landfiles","twitter_misc":{"Tiempo de lectura":"7 minutos"},"schema":{"@context":"https:\/\/schema.org","@graph":[{"@type":"WebPage","@id":"https:\/\/landfiles.com\/es\/como-crear-un-grupo","url":"https:\/\/landfiles.com\/es\/como-crear-un-grupo","name":"\u00bfC\u00f3mo crear un grupo? - Landfiles","isPartOf":{"@id":"https:\/\/landfiles.com\/#website"},"datePublished":"2021-11-05T13:59:26+00:00","dateModified":"2024-01-08T14:29:02+00:00","description":"Crea tu grupo y publica una nota de bienvenida para dar la bienvenida a sus usuarios En primer lugar, crea su grupo. Ver el tutorial \u00bfC\u00f3mo crear un grupo?","breadcrumb":{"@id":"https:\/\/landfiles.com\/es\/como-crear-un-grupo#breadcrumb"},"inLanguage":"es","potentialAction":[{"@type":"ReadAction","target":["https:\/\/landfiles.com\/es\/como-crear-un-grupo"]}]},{"@type":"BreadcrumbList","@id":"https:\/\/landfiles.com\/es\/como-crear-un-grupo#breadcrumb","itemListElement":[{"@type":"ListItem","position":1,"name":"Accueil","item":"https:\/\/landfiles.com\/es"},{"@type":"ListItem","position":2,"name":"\u00bfC\u00f3mo crear un grupo?"}]},{"@type":"WebSite","@id":"https:\/\/landfiles.com\/#website","url":"https:\/\/landfiles.com\/","name":"Landfiles","description":"Construisez l&#039;agriculture de demain !","potentialAction":[{"@type":"SearchAction","target":{"@type":"EntryPoint","urlTemplate":"https:\/\/landfiles.com\/?s={search_term_string}"},"query-input":{"@type":"PropertyValueSpecification","valueRequired":true,"valueName":"search_term_string"}}],"inLanguage":"es"}]}},"_links":{"self":[{"href":"https:\/\/landfiles.com\/es\/wp-json\/wp\/v2\/pages\/18682"}],"collection":[{"href":"https:\/\/landfiles.com\/es\/wp-json\/wp\/v2\/pages"}],"about":[{"href":"https:\/\/landfiles.com\/es\/wp-json\/wp\/v2\/types\/page"}],"author":[{"embeddable":true,"href":"https:\/\/landfiles.com\/es\/wp-json\/wp\/v2\/users\/14"}],"replies":[{"embeddable":true,"href":"https:\/\/landfiles.com\/es\/wp-json\/wp\/v2\/comments?post=18682"}],"version-history":[{"count":2,"href":"https:\/\/landfiles.com\/es\/wp-json\/wp\/v2\/pages\/18682\/revisions"}],"predecessor-version":[{"id":18684,"href":"https:\/\/landfiles.com\/es\/wp-json\/wp\/v2\/pages\/18682\/revisions\/18684"}],"wp:attachment":[{"href":"https:\/\/landfiles.com\/es\/wp-json\/wp\/v2\/media?parent=18682"}],"curies":[{"name":"wp","href":"https:\/\/api.w.org\/{rel}","templated":true}]}}