{"id":18685,"date":"2021-11-05T14:05:15","date_gmt":"2021-11-05T14:05:15","guid":{"rendered":"https:\/\/landfiles.com\/como-crear-un-grupo-2"},"modified":"2024-01-08T14:35:06","modified_gmt":"2024-01-08T14:35:06","slug":"como-crear-un-grupo-2","status":"publish","type":"page","link":"https:\/\/landfiles.com\/es\/como-crear-un-grupo-2","title":{"rendered":"\u00bfC\u00f3mo crear un grupo?"},"content":{"rendered":"<p>[et_pb_section fb_built=\u00bb1&#8243; _builder_version=\u00bb4.16&#8243; background_color=\u00bb#9fbb3f\u00bb custom_padding=\u00bb43px|0px|35px|0px|false|false\u00bb saved_tabs=\u00bball\u00bb locked=\u00bboff\u00bb global_colors_info=\u00bb{}\u00bb][et_pb_row _builder_version=\u00bb4.16&#8243; custom_padding=\u00bb0|0px|3px|0px|false|false\u00bb global_colors_info=\u00bb{}\u00bb][et_pb_column type=\u00bb4_4&#8243; _builder_version=\u00bb4.16&#8243; custom_padding=\u00bb|||\u00bb global_colors_info=\u00bb{}\u00bb custom_padding__hover=\u00bb|||\u00bb][et_pb_text _builder_version=\u00bb4.16&#8243; text_font=\u00bb||||||||\u00bb text_text_color=\u00bb#ffffff\u00bb text_font_size=\u00bb35px\u00bb global_colors_info=\u00bb{}\u00bb]<\/p>\n<p style=\"text-align: center;\">Tutoriales<\/p>\n<p>[\/et_pb_text][\/et_pb_column][\/et_pb_row][\/et_pb_section][et_pb_section fb_built=\u00bb1&#8243; specialty=\u00bbon\u00bb _builder_version=\u00bb4.16&#8243; locked=\u00bboff\u00bb global_colors_info=\u00bb{}\u00bb][et_pb_column type=\u00bb1_4&#8243; _builder_version=\u00bb4.16&#8243; custom_padding=\u00bb|||\u00bb global_colors_info=\u00bb{}\u00bb parallax__hover=\u00bboff\u00bb parallax_method__hover=\u00bbon\u00bb custom_padding__hover=\u00bb|||\u00bb][et_pb_sidebar area=\u00bbet_pb_widget_area_5&#8243; _builder_version=\u00bb4.16&#8243; global_colors_info=\u00bb{}\u00bb][\/et_pb_sidebar][\/et_pb_column][et_pb_column type=\u00bb3_4&#8243; specialty_columns=\u00bb3&#8243; _builder_version=\u00bb4.16&#8243; custom_padding=\u00bb|||\u00bb global_colors_info=\u00bb{}\u00bb parallax__hover=\u00bboff\u00bb parallax_method__hover=\u00bbon\u00bb custom_padding__hover=\u00bb|||\u00bb][et_pb_row_inner _builder_version=\u00bb4.16&#8243; global_colors_info=\u00bb{}\u00bb][et_pb_column_inner saved_specialty_column_type=\u00bb3_4&#8243; _builder_version=\u00bb4.16&#8243; custom_padding=\u00bb|||\u00bb global_colors_info=\u00bb{}\u00bb parallax__hover=\u00bboff\u00bb parallax_method__hover=\u00bbon\u00bb custom_padding__hover=\u00bb|||\u00bb][et_pb_text _builder_version=\u00bb4.19.4&#8243; header_font=\u00bb||||||||\u00bb header_text_color=\u00bb#23994e\u00bb background_size=\u00bbinitial\u00bb background_position=\u00bbtop_left\u00bb background_repeat=\u00bbrepeat\u00bb min_height=\u00bb232px\u00bb hover_enabled=\u00bb0&#8243; global_colors_info=\u00bb{}\u00bb sticky_enabled=\u00bb0&#8243;]<\/p>\n<h1><span style=\"color: #9fbb3f;\">\u00bfC\u00f3mo crear un grupo?<\/span><\/h1>\n<p>&nbsp;<\/p>\n<p><strong>En Ordenador,<\/strong> para crear un grupo desde la p\u00e1gina de inicio :<\/p>\n<ol>\n<li>Haga clic en <em><strong>Grupos<\/strong><\/em>.<\/li>\n<li>Seleccione <strong><em>Nuevo grupo.<\/em><\/strong><\/li>\n<li>Ponle nombre a tu grupo.<\/li>\n<li>Presentar un marco para el intercambio en<strong><em>Descripci\u00f3n.<\/em><\/strong><\/li>\n<li>Finalizar con <em><strong>Crear el grupo.<\/strong><\/em><\/li>\n<\/ol>\n<p>[\/et_pb_text][et_pb_text _builder_version=\u00bb4.16&#8243; header_font=\u00bb||||||||\u00bb header_text_color=\u00bb#23994e\u00bb background_size=\u00bbinitial\u00bb background_position=\u00bbtop_left\u00bb background_repeat=\u00bbrepeat\u00bb global_colors_info=\u00bb{}\u00bb]<\/p>\n<p><strong>En la aplicaci\u00f3n m\u00f3vil<\/strong>, para crear un grupo desde la p\u00e1gina de inicio :<\/p>\n<p>&nbsp;<\/p>\n<ol>\n<li>Haga clic en <em><strong>Grupos<\/strong><\/em>.<\/li>\n<li>Haga clic en <strong><img loading=\"lazy\" decoding=\"async\" class=\"wp-image-7449 alignnone size-full\" src=\"https:\/\/landfiles.com\/wp-content\/uploads\/2020\/09\/groupe.png\" alt=\"\" width=\"28\" height=\"28\"><strong style=\"font-size: 16px;\"> <\/strong><\/strong><\/li>\n<\/ol>\n<ol start=\"3\">\n<li>Ponle nombre a su grupo.<\/li>\n<li>Presentar un marco para el intercambio en la <em><strong>Descripci\u00f3n del Grupo.<\/strong><\/em><\/li>\n<li>Finalice con <em><strong>Siguiente.<\/strong><\/em><\/li>\n<\/ol>\n<p>&nbsp;<\/p>\n<p>&nbsp;<\/p>\n<p>&nbsp;<\/p>\n<p>[\/et_pb_text][\/et_pb_column_inner][\/et_pb_row_inner][\/et_pb_column][\/et_pb_section][et_pb_section fb_built=\u00bb1&#8243; _builder_version=\u00bb4.16&#8243; background_color=\u00bb#000000&#8243; locked=\u00bboff\u00bb collapsed=\u00bboff\u00bb global_colors_info=\u00bb{}\u00bb][et_pb_row column_structure=\u00bb1_3,1_3,1_3&#8243; _builder_version=\u00bb4.16&#8243; background_size=\u00bbinitial\u00bb background_position=\u00bbtop_left\u00bb background_repeat=\u00bbrepeat\u00bb global_colors_info=\u00bb{}\u00bb][et_pb_column type=\u00bb1_3&#8243; _builder_version=\u00bb4.16&#8243; global_colors_info=\u00bb{}\u00bb][et_pb_image src=\u00bbhttps:\/\/landfiles.com\/wp-content\/uploads\/2019\/04\/logo-pied.png\u00bb align=\u00bbcenter\u00bb _builder_version=\u00bb4.16&#8243; global_colors_info=\u00bb{}\u00bb][\/et_pb_image][\/et_pb_column][et_pb_column type=\u00bb1_3&#8243; _builder_version=\u00bb4.16&#8243; global_colors_info=\u00bb{}\u00bb][et_pb_text _builder_version=\u00bb4.16&#8243; text_text_color=\u00bb#ffffff\u00bb text_font_size=\u00bb20px\u00bb global_colors_info=\u00bb{}\u00bb]<\/p>\n<p>CONTACTO<\/p>\n<p>[\/et_pb_text][et_pb_blurb use_icon=\u00bbon\u00bb font_icon=\u00bb&#xe01d;||divi||400&#8243; icon_color=\u00bb#9fbb3f\u00bb icon_placement=\u00bbleft\u00bb _builder_version=\u00bb4.16&#8243; global_colors_info=\u00bb{}\u00bb]<\/p>\n<p>17 rue B\u00e9ranger<br \/>75003 Paris<\/p>\n<p>[\/et_pb_blurb][et_pb_blurb use_icon=\u00bbon\u00bb font_icon=\u00bb&#xe010;||divi||400&#8243; icon_color=\u00bb#9fbb3f\u00bb icon_placement=\u00bbleft\u00bb _builder_version=\u00bb4.16&#8243; global_colors_info=\u00bb{}\u00bb]<\/p>\n<p>contact@landfiles.fr<\/p>\n<p>[\/et_pb_blurb][et_pb_cta button_url=\u00bbhttps:\/\/landfiles.com\/es\/contacto\u00bb button_text=\u00bbCONTACTO\u00bb _builder_version=\u00bb4.16&#8243; body_font_size=\u00bb14px\u00bb use_background_color=\u00bboff\u00bb custom_button=\u00bbon\u00bb button_text_size=\u00bb18px\u00bb button_bg_color=\u00bb#9fbb3f\u00bb button_border_width=\u00bb0px\u00bb button_border_color=\u00bb#9fbb3f\u00bb button_border_radius=\u00bb0px\u00bb button_font=\u00bb|700|||||||\u00bb button_icon=\u00bb&#xe08a;||divi||400&#8243; button_icon_placement=\u00bbleft\u00bb button_on_hover=\u00bboff\u00bb button_alignment=\u00bbleft\u00bb min_height=\u00bb60px\u00bb global_colors_info=\u00bb{}\u00bb][\/et_pb_cta][\/et_pb_column][et_pb_column type=\u00bb1_3&#8243; _builder_version=\u00bb4.16&#8243; global_colors_info=\u00bb{}\u00bb][et_pb_text _builder_version=\u00bb4.16&#8243; text_text_color=\u00bb#ffffff\u00bb text_font_size=\u00bb20px\u00bb global_colors_info=\u00bb{}\u00bb]<\/p>\n<p>INFORMACIONES<\/p>\n<p>[\/et_pb_text][et_pb_text admin_label=\u00bbText\u00bb _builder_version=\u00bb4.16&#8243; global_colors_info=\u00bb{}\u00bb]<\/p>\n<p><a href=\"https:\/\/landfiles.com\/en\/legal-notice\">Aviso legal<\/a><\/p>\n<p><a href=\"https:\/\/landfiles.com\/politique-de-cookies-eu\">Pol\u00edtica de cookies<\/a><\/p>\n<p><a href=\"https:\/\/landfiles.com\/en\/privacy-policy\">Pol\u00edtica de protecci\u00f3n de datos<\/a><\/p>\n<p><a href=\"https:\/\/landfiles.com\/conditions-generales-dutilisation\">Condiciones de uso<\/a><\/p>\n<p>[\/et_pb_text][\/et_pb_column][\/et_pb_row][\/et_pb_section]<\/p>\n","protected":false},"excerpt":{"rendered":"<p>Tutoriales\u00bfC\u00f3mo crear un grupo? &nbsp; En Ordenador, para crear un grupo desde la p\u00e1gina de inicio : Haga clic en Grupos. Seleccione Nuevo grupo. Ponle nombre a tu grupo. Presentar un marco para el intercambio enDescripci\u00f3n. Finalizar con Crear el grupo. En la aplicaci\u00f3n m\u00f3vil, para crear un grupo desde la p\u00e1gina de inicio : [&hellip;]<\/p>\n","protected":false},"author":14,"featured_media":0,"parent":0,"menu_order":0,"comment_status":"closed","ping_status":"closed","template":"","meta":{"_et_pb_use_builder":"on","_et_pb_old_content":"","_et_gb_content_width":"","_exactmetrics_skip_tracking":false,"_exactmetrics_sitenote_active":false,"_exactmetrics_sitenote_note":"","_exactmetrics_sitenote_category":0,"footnotes":"","_wp_rev_ctl_limit":""},"yoast_head":"<!-- This site is optimized with the Yoast SEO plugin v24.5 - https:\/\/yoast.com\/wordpress\/plugins\/seo\/ -->\n<title>\u00bfC\u00f3mo crear un grupo? - Landfiles<\/title>\n<meta name=\"description\" content=\"Descubre c\u00f3mo hacerlo en el tutorial \u00bfC\u00f3mo crear un grupo? Como consejero\/facilitador, tiene una explotaci\u00f3n ficticia creada a su nombre.\" \/>\n<meta name=\"robots\" content=\"index, follow, max-snippet:-1, max-image-preview:large, max-video-preview:-1\" \/>\n<link rel=\"canonical\" href=\"https:\/\/landfiles.com\/es\/como-crear-un-grupo-2\" \/>\n<meta property=\"og:locale\" content=\"es_ES\" \/>\n<meta property=\"og:type\" content=\"article\" \/>\n<meta property=\"og:title\" content=\"\u00bfC\u00f3mo crear un grupo? - Landfiles\" \/>\n<meta property=\"og:description\" content=\"Descubre c\u00f3mo hacerlo en el tutorial \u00bfC\u00f3mo crear un grupo? Como consejero\/facilitador, tiene una explotaci\u00f3n ficticia creada a su nombre.\" \/>\n<meta property=\"og:url\" content=\"https:\/\/landfiles.com\/es\/como-crear-un-grupo-2\" \/>\n<meta property=\"og:site_name\" content=\"Landfiles\" \/>\n<meta property=\"article:publisher\" content=\"https:\/\/www.facebook.com\/Landfiles\/\" \/>\n<meta property=\"article:modified_time\" content=\"2024-01-08T14:35:06+00:00\" \/>\n<meta property=\"og:image\" content=\"https:\/\/landfiles.com\/wp-content\/uploads\/2020\/09\/groupe.png\" \/>\n<meta name=\"twitter:card\" content=\"summary_large_image\" \/>\n<meta name=\"twitter:site\" content=\"@landfiles\" \/>\n<meta name=\"twitter:label1\" content=\"Tiempo de lectura\" \/>\n\t<meta name=\"twitter:data1\" content=\"3 minutos\" \/>\n<script type=\"application\/ld+json\" class=\"yoast-schema-graph\">{\"@context\":\"https:\/\/schema.org\",\"@graph\":[{\"@type\":\"WebPage\",\"@id\":\"https:\/\/landfiles.com\/es\/como-crear-un-grupo-2\",\"url\":\"https:\/\/landfiles.com\/es\/como-crear-un-grupo-2\",\"name\":\"\u00bfC\u00f3mo crear un grupo? - Landfiles\",\"isPartOf\":{\"@id\":\"https:\/\/landfiles.com\/#website\"},\"primaryImageOfPage\":{\"@id\":\"https:\/\/landfiles.com\/es\/como-crear-un-grupo-2#primaryimage\"},\"image\":{\"@id\":\"https:\/\/landfiles.com\/es\/como-crear-un-grupo-2#primaryimage\"},\"thumbnailUrl\":\"https:\/\/landfiles.com\/wp-content\/uploads\/2020\/09\/groupe.png\",\"datePublished\":\"2021-11-05T14:05:15+00:00\",\"dateModified\":\"2024-01-08T14:35:06+00:00\",\"description\":\"Descubre c\u00f3mo hacerlo en el tutorial \u00bfC\u00f3mo crear un grupo? Como consejero\/facilitador, tiene una explotaci\u00f3n ficticia creada a su nombre.\",\"breadcrumb\":{\"@id\":\"https:\/\/landfiles.com\/es\/como-crear-un-grupo-2#breadcrumb\"},\"inLanguage\":\"es\",\"potentialAction\":[{\"@type\":\"ReadAction\",\"target\":[\"https:\/\/landfiles.com\/es\/como-crear-un-grupo-2\"]}]},{\"@type\":\"ImageObject\",\"inLanguage\":\"es\",\"@id\":\"https:\/\/landfiles.com\/es\/como-crear-un-grupo-2#primaryimage\",\"url\":\"https:\/\/landfiles.com\/wp-content\/uploads\/2020\/09\/groupe.png\",\"contentUrl\":\"https:\/\/landfiles.com\/wp-content\/uploads\/2020\/09\/groupe.png\"},{\"@type\":\"BreadcrumbList\",\"@id\":\"https:\/\/landfiles.com\/es\/como-crear-un-grupo-2#breadcrumb\",\"itemListElement\":[{\"@type\":\"ListItem\",\"position\":1,\"name\":\"Accueil\",\"item\":\"https:\/\/landfiles.com\/es\"},{\"@type\":\"ListItem\",\"position\":2,\"name\":\"\u00bfC\u00f3mo crear un grupo?\"}]},{\"@type\":\"WebSite\",\"@id\":\"https:\/\/landfiles.com\/#website\",\"url\":\"https:\/\/landfiles.com\/\",\"name\":\"Landfiles\",\"description\":\"Construisez l&#039;agriculture de demain !\",\"potentialAction\":[{\"@type\":\"SearchAction\",\"target\":{\"@type\":\"EntryPoint\",\"urlTemplate\":\"https:\/\/landfiles.com\/?s={search_term_string}\"},\"query-input\":{\"@type\":\"PropertyValueSpecification\",\"valueRequired\":true,\"valueName\":\"search_term_string\"}}],\"inLanguage\":\"es\"}]}<\/script>\n<!-- \/ Yoast SEO plugin. -->","yoast_head_json":{"title":"\u00bfC\u00f3mo crear un grupo? - Landfiles","description":"Descubre c\u00f3mo hacerlo en el tutorial \u00bfC\u00f3mo crear un grupo? Como consejero\/facilitador, tiene una explotaci\u00f3n ficticia creada a su nombre.","robots":{"index":"index","follow":"follow","max-snippet":"max-snippet:-1","max-image-preview":"max-image-preview:large","max-video-preview":"max-video-preview:-1"},"canonical":"https:\/\/landfiles.com\/es\/como-crear-un-grupo-2","og_locale":"es_ES","og_type":"article","og_title":"\u00bfC\u00f3mo crear un grupo? - Landfiles","og_description":"Descubre c\u00f3mo hacerlo en el tutorial \u00bfC\u00f3mo crear un grupo? Como consejero\/facilitador, tiene una explotaci\u00f3n ficticia creada a su nombre.","og_url":"https:\/\/landfiles.com\/es\/como-crear-un-grupo-2","og_site_name":"Landfiles","article_publisher":"https:\/\/www.facebook.com\/Landfiles\/","article_modified_time":"2024-01-08T14:35:06+00:00","og_image":[{"url":"https:\/\/landfiles.com\/wp-content\/uploads\/2020\/09\/groupe.png","type":"","width":"","height":""}],"twitter_card":"summary_large_image","twitter_site":"@landfiles","twitter_misc":{"Tiempo de lectura":"3 minutos"},"schema":{"@context":"https:\/\/schema.org","@graph":[{"@type":"WebPage","@id":"https:\/\/landfiles.com\/es\/como-crear-un-grupo-2","url":"https:\/\/landfiles.com\/es\/como-crear-un-grupo-2","name":"\u00bfC\u00f3mo crear un grupo? - Landfiles","isPartOf":{"@id":"https:\/\/landfiles.com\/#website"},"primaryImageOfPage":{"@id":"https:\/\/landfiles.com\/es\/como-crear-un-grupo-2#primaryimage"},"image":{"@id":"https:\/\/landfiles.com\/es\/como-crear-un-grupo-2#primaryimage"},"thumbnailUrl":"https:\/\/landfiles.com\/wp-content\/uploads\/2020\/09\/groupe.png","datePublished":"2021-11-05T14:05:15+00:00","dateModified":"2024-01-08T14:35:06+00:00","description":"Descubre c\u00f3mo hacerlo en el tutorial \u00bfC\u00f3mo crear un grupo? Como consejero\/facilitador, tiene una explotaci\u00f3n ficticia creada a su nombre.","breadcrumb":{"@id":"https:\/\/landfiles.com\/es\/como-crear-un-grupo-2#breadcrumb"},"inLanguage":"es","potentialAction":[{"@type":"ReadAction","target":["https:\/\/landfiles.com\/es\/como-crear-un-grupo-2"]}]},{"@type":"ImageObject","inLanguage":"es","@id":"https:\/\/landfiles.com\/es\/como-crear-un-grupo-2#primaryimage","url":"https:\/\/landfiles.com\/wp-content\/uploads\/2020\/09\/groupe.png","contentUrl":"https:\/\/landfiles.com\/wp-content\/uploads\/2020\/09\/groupe.png"},{"@type":"BreadcrumbList","@id":"https:\/\/landfiles.com\/es\/como-crear-un-grupo-2#breadcrumb","itemListElement":[{"@type":"ListItem","position":1,"name":"Accueil","item":"https:\/\/landfiles.com\/es"},{"@type":"ListItem","position":2,"name":"\u00bfC\u00f3mo crear un grupo?"}]},{"@type":"WebSite","@id":"https:\/\/landfiles.com\/#website","url":"https:\/\/landfiles.com\/","name":"Landfiles","description":"Construisez l&#039;agriculture de demain !","potentialAction":[{"@type":"SearchAction","target":{"@type":"EntryPoint","urlTemplate":"https:\/\/landfiles.com\/?s={search_term_string}"},"query-input":{"@type":"PropertyValueSpecification","valueRequired":true,"valueName":"search_term_string"}}],"inLanguage":"es"}]}},"_links":{"self":[{"href":"https:\/\/landfiles.com\/es\/wp-json\/wp\/v2\/pages\/18685"}],"collection":[{"href":"https:\/\/landfiles.com\/es\/wp-json\/wp\/v2\/pages"}],"about":[{"href":"https:\/\/landfiles.com\/es\/wp-json\/wp\/v2\/types\/page"}],"author":[{"embeddable":true,"href":"https:\/\/landfiles.com\/es\/wp-json\/wp\/v2\/users\/14"}],"replies":[{"embeddable":true,"href":"https:\/\/landfiles.com\/es\/wp-json\/wp\/v2\/comments?post=18685"}],"version-history":[{"count":2,"href":"https:\/\/landfiles.com\/es\/wp-json\/wp\/v2\/pages\/18685\/revisions"}],"predecessor-version":[{"id":18687,"href":"https:\/\/landfiles.com\/es\/wp-json\/wp\/v2\/pages\/18685\/revisions\/18687"}],"wp:attachment":[{"href":"https:\/\/landfiles.com\/es\/wp-json\/wp\/v2\/media?parent=18685"}],"curies":[{"name":"wp","href":"https:\/\/api.w.org\/{rel}","templated":true}]}}