{"id":18691,"date":"2021-08-17T13:27:21","date_gmt":"2021-08-17T13:27:21","guid":{"rendered":"https:\/\/landfiles.com\/como-volver-a-enviar-una-invitacion"},"modified":"2024-01-08T15:48:29","modified_gmt":"2024-01-08T15:48:29","slug":"como-volver-a-enviar-una-invitacion","status":"publish","type":"page","link":"https:\/\/landfiles.com\/es\/como-volver-a-enviar-una-invitacion","title":{"rendered":"\u00bfC\u00f3mo volver a enviar una invitaci\u00f3n?"},"content":{"rendered":"<p>[et_pb_section fb_built=\u00bb1&#8243; _builder_version=\u00bb4.16&#8243; background_color=\u00bb#9fbb3f\u00bb custom_padding=\u00bb46px|0px|35px|0px|false|false\u00bb saved_tabs=\u00bball\u00bb locked=\u00bboff\u00bb global_colors_info=\u00bb{}\u00bb][et_pb_row _builder_version=\u00bb4.16&#8243; custom_padding=\u00bb0|0px|3px|0px|false|false\u00bb global_colors_info=\u00bb{}\u00bb][et_pb_column type=\u00bb4_4&#8243; _builder_version=\u00bb4.16&#8243; custom_padding=\u00bb|||\u00bb global_colors_info=\u00bb{}\u00bb custom_padding__hover=\u00bb|||\u00bb][et_pb_text _builder_version=\u00bb4.16&#8243; text_font=\u00bb||||||||\u00bb text_text_color=\u00bb#ffffff\u00bb text_font_size=\u00bb35px\u00bb global_colors_info=\u00bb{}\u00bb]<\/p>\n<p style=\"text-align: center;\">Tutoriales<\/p>\n<p>[\/et_pb_text][\/et_pb_column][\/et_pb_row][\/et_pb_section][et_pb_section fb_built=\u00bb1&#8243; specialty=\u00bbon\u00bb _builder_version=\u00bb4.16&#8243; locked=\u00bboff\u00bb global_colors_info=\u00bb{}\u00bb][et_pb_column type=\u00bb1_4&#8243; _builder_version=\u00bb4.16&#8243; custom_padding=\u00bb|||\u00bb global_colors_info=\u00bb{}\u00bb parallax__hover=\u00bboff\u00bb parallax_method__hover=\u00bbon\u00bb custom_padding__hover=\u00bb|||\u00bb][et_pb_sidebar area=\u00bbet_pb_widget_area_5&#8243; _builder_version=\u00bb4.16&#8243; global_colors_info=\u00bb{}\u00bb][\/et_pb_sidebar][\/et_pb_column][et_pb_column type=\u00bb3_4&#8243; specialty_columns=\u00bb3&#8243; _builder_version=\u00bb4.16&#8243; custom_padding=\u00bb|||\u00bb global_colors_info=\u00bb{}\u00bb parallax__hover=\u00bboff\u00bb parallax_method__hover=\u00bbon\u00bb custom_padding__hover=\u00bb|||\u00bb][et_pb_row_inner _builder_version=\u00bb4.16&#8243; global_colors_info=\u00bb{}\u00bb][et_pb_column_inner saved_specialty_column_type=\u00bb3_4&#8243; _builder_version=\u00bb4.16&#8243; custom_padding=\u00bb|||\u00bb global_colors_info=\u00bb{}\u00bb parallax__hover=\u00bboff\u00bb parallax_method__hover=\u00bbon\u00bb custom_padding__hover=\u00bb|||\u00bb][et_pb_text _builder_version=\u00bb4.16&#8243; header_font=\u00bb||||||||\u00bb header_text_color=\u00bb#23994e\u00bb background_size=\u00bbinitial\u00bb background_position=\u00bbtop_left\u00bb background_repeat=\u00bbrepeat\u00bb min_height=\u00bb232px\u00bb global_colors_info=\u00bb{}\u00bb]<\/p>\n<h1><span style=\"color: #9fbb3f;\">\u00bfC\u00f3mo volver a enviar una invitaci\u00f3n?<\/span><\/h1>\n<p>&nbsp;<\/p>\n<p><strong>S\u00f3lo en la aplicaci\u00f3n m\u00f3vil <\/strong><\/p>\n<p>1. En su p\u00e1gina de inicio, haga clic en <em><strong>Grupos<\/strong><\/em><br \/>2. Seleccione el grupo que desee<\/p>\n<p>3. En la p\u00e1gina de grupo, pulse <img loading=\"lazy\" decoding=\"async\" class=\"wp-image-8017 alignnone size-full\" src=\"https:\/\/landfiles.com\/wp-content\/uploads\/2021\/01\/IMG-3189.png\" alt=\"\" width=\"27\" height=\"21\"><\/p>\n<p><strong><em><br \/><\/em><\/strong>4. En el men\u00fa, seleccione <em><strong>Miembros del grupo<\/strong><\/em><\/p>\n<p>Los miembros ya registrados en Landfiles aparecen en verde.<\/p>\n<p>Las direcciones de correo electr\u00f3nico sombreadas son miembros que a\u00fan no han creado su perfil de Landfiles. Todav\u00eda no tienen acceso a las publicaciones del grupo.<\/p>\n<p>5. Para invitar a uno de estos miembros inactivos a unirse de nuevo al grupo, haga clic en los tres puntos situados delante de la direcci\u00f3n de correo electr\u00f3nico en gris <img loading=\"lazy\" decoding=\"async\" class=\"wp-image-8018 alignnone size-full\" src=\"https:\/\/landfiles.com\/wp-content\/uploads\/2021\/01\/IMG-3188.png\" alt=\"\" width=\"33\" height=\"24\"><\/p>\n<p>A continuaci\u00f3n, puedes enviarle un recordatorio de invitaci\u00f3n por SMS o correo electr\u00f3nico.<\/p>\n<p>[\/et_pb_text][\/et_pb_column_inner][\/et_pb_row_inner][\/et_pb_column][\/et_pb_section][et_pb_section fb_built=\u00bb1&#8243; _builder_version=\u00bb4.16&#8243; background_color=\u00bb#000000&#8243; locked=\u00bboff\u00bb collapsed=\u00bboff\u00bb global_colors_info=\u00bb{}\u00bb][et_pb_row column_structure=\u00bb1_3,1_3,1_3&#8243; _builder_version=\u00bb4.16&#8243; background_size=\u00bbinitial\u00bb background_position=\u00bbtop_left\u00bb background_repeat=\u00bbrepeat\u00bb global_colors_info=\u00bb{}\u00bb][et_pb_column type=\u00bb1_3&#8243; _builder_version=\u00bb4.16&#8243; global_colors_info=\u00bb{}\u00bb][et_pb_image src=\u00bbhttps:\/\/landfiles.com\/wp-content\/uploads\/2019\/04\/logo-pied.png\u00bb align=\u00bbcenter\u00bb _builder_version=\u00bb4.16&#8243; global_colors_info=\u00bb{}\u00bb][\/et_pb_image][\/et_pb_column][et_pb_column type=\u00bb1_3&#8243; _builder_version=\u00bb4.16&#8243; global_colors_info=\u00bb{}\u00bb][et_pb_text _builder_version=\u00bb4.16&#8243; text_text_color=\u00bb#ffffff\u00bb text_font_size=\u00bb20px\u00bb global_colors_info=\u00bb{}\u00bb]<\/p>\n<p>CONTACTO<\/p>\n<p>[\/et_pb_text][et_pb_blurb use_icon=\u00bbon\u00bb font_icon=\u00bb&#xe01d;||divi||400&#8243; icon_color=\u00bb#9fbb3f\u00bb icon_placement=\u00bbleft\u00bb _builder_version=\u00bb4.16&#8243; global_colors_info=\u00bb{}\u00bb]<\/p>\n<p>17 rue B\u00e9ranger<br \/>75003 Paris<\/p>\n<p>[\/et_pb_blurb][et_pb_blurb use_icon=\u00bbon\u00bb font_icon=\u00bb&#xe010;||divi||400&#8243; icon_color=\u00bb#9fbb3f\u00bb icon_placement=\u00bbleft\u00bb _builder_version=\u00bb4.16&#8243; global_colors_info=\u00bb{}\u00bb]<\/p>\n<p>contact@landfiles.fr<\/p>\n<p>[\/et_pb_blurb][et_pb_cta button_url=\u00bbhttps:\/\/landfiles.com\/es\/contacto\u00bb button_text=\u00bbCONTACTO\u00bb _builder_version=\u00bb4.16&#8243; body_font_size=\u00bb14px\u00bb use_background_color=\u00bboff\u00bb custom_button=\u00bbon\u00bb button_text_size=\u00bb18px\u00bb button_bg_color=\u00bb#9fbb3f\u00bb button_border_width=\u00bb0px\u00bb button_border_color=\u00bb#9fbb3f\u00bb button_border_radius=\u00bb0px\u00bb button_font=\u00bb|700|||||||\u00bb button_icon=\u00bb&#xe08a;||divi||400&#8243; button_icon_placement=\u00bbleft\u00bb button_on_hover=\u00bboff\u00bb button_alignment=\u00bbleft\u00bb min_height=\u00bb60px\u00bb global_colors_info=\u00bb{}\u00bb][\/et_pb_cta][\/et_pb_column][et_pb_column type=\u00bb1_3&#8243; _builder_version=\u00bb4.16&#8243; global_colors_info=\u00bb{}\u00bb][et_pb_text _builder_version=\u00bb4.16&#8243; text_text_color=\u00bb#ffffff\u00bb text_font_size=\u00bb20px\u00bb global_colors_info=\u00bb{}\u00bb]<\/p>\n<p>INFORMACIONES<\/p>\n<p>[\/et_pb_text][et_pb_text admin_label=\u00bbText\u00bb _builder_version=\u00bb4.16&#8243; global_colors_info=\u00bb{}\u00bb]<\/p>\n<p><a href=\"https:\/\/landfiles.com\/en\/legal-notice\">Aviso legal<\/a><\/p>\n<p><a href=\"https:\/\/landfiles.com\/politique-de-cookies-eu\">Pol\u00edtica de cookies<\/a><\/p>\n<p><a href=\"https:\/\/landfiles.com\/en\/privacy-policy\">Pol\u00edtica de protecci\u00f3n de datos<\/a><\/p>\n<p><a href=\"https:\/\/landfiles.com\/conditions-generales-dutilisation\">Condiciones de uso<\/a><\/p>\n<p>[\/et_pb_text][\/et_pb_column][\/et_pb_row][\/et_pb_section]<\/p>\n","protected":false},"excerpt":{"rendered":"<p>Tutoriales\u00bfC\u00f3mo volver a enviar una invitaci\u00f3n? &nbsp; S\u00f3lo en la aplicaci\u00f3n m\u00f3vil 1. En su p\u00e1gina de inicio, haga clic en Grupos2. Seleccione el grupo que desee 3. En la p\u00e1gina de grupo, pulse 4. En el men\u00fa, seleccione Miembros del grupo Los miembros ya registrados en Landfiles aparecen en verde. Las direcciones de correo [&hellip;]<\/p>\n","protected":false},"author":14,"featured_media":0,"parent":0,"menu_order":0,"comment_status":"closed","ping_status":"closed","template":"","meta":{"_et_pb_use_builder":"on","_et_pb_old_content":"","_et_gb_content_width":"","_exactmetrics_skip_tracking":false,"_exactmetrics_sitenote_active":false,"_exactmetrics_sitenote_note":"","_exactmetrics_sitenote_category":0,"footnotes":"","_wp_rev_ctl_limit":""},"yoast_head":"<!-- This site is optimized with the Yoast SEO plugin v24.5 - https:\/\/yoast.com\/wordpress\/plugins\/seo\/ -->\n<title>\u00bfC\u00f3mo volver a enviar una invitaci\u00f3n? - Landfiles<\/title>\n<meta name=\"description\" content=\"\u00bfC\u00f3mo reexpedir una invitaci\u00f3n? - 1. En su p\u00e1gina de inicio, haga clic en grupos - 2. Seleccione el grupo que desee - 3. Desde la p\u00e1gina del grupo\" \/>\n<meta name=\"robots\" content=\"index, follow, max-snippet:-1, max-image-preview:large, max-video-preview:-1\" \/>\n<link rel=\"canonical\" href=\"https:\/\/landfiles.com\/es\/como-volver-a-enviar-una-invitacion\" \/>\n<meta property=\"og:locale\" content=\"es_ES\" \/>\n<meta property=\"og:type\" content=\"article\" \/>\n<meta property=\"og:title\" content=\"\u00bfC\u00f3mo volver a enviar una invitaci\u00f3n? - Landfiles\" \/>\n<meta property=\"og:description\" content=\"\u00bfC\u00f3mo reexpedir una invitaci\u00f3n? - 1. En su p\u00e1gina de inicio, haga clic en grupos - 2. Seleccione el grupo que desee - 3. Desde la p\u00e1gina del grupo\" \/>\n<meta property=\"og:url\" content=\"https:\/\/landfiles.com\/es\/como-volver-a-enviar-una-invitacion\" \/>\n<meta property=\"og:site_name\" content=\"Landfiles\" \/>\n<meta property=\"article:publisher\" content=\"https:\/\/www.facebook.com\/Landfiles\/\" \/>\n<meta property=\"article:modified_time\" content=\"2024-01-08T15:48:29+00:00\" \/>\n<meta property=\"og:image\" content=\"https:\/\/landfiles.com\/wp-content\/uploads\/2021\/01\/IMG-3189.png\" \/>\n<meta name=\"twitter:card\" content=\"summary_large_image\" \/>\n<meta name=\"twitter:site\" content=\"@landfiles\" \/>\n<meta name=\"twitter:label1\" content=\"Tiempo de lectura\" \/>\n\t<meta name=\"twitter:data1\" content=\"3 minutos\" \/>\n<script type=\"application\/ld+json\" class=\"yoast-schema-graph\">{\"@context\":\"https:\/\/schema.org\",\"@graph\":[{\"@type\":\"WebPage\",\"@id\":\"https:\/\/landfiles.com\/es\/como-volver-a-enviar-una-invitacion\",\"url\":\"https:\/\/landfiles.com\/es\/como-volver-a-enviar-una-invitacion\",\"name\":\"\u00bfC\u00f3mo volver a enviar una invitaci\u00f3n? - Landfiles\",\"isPartOf\":{\"@id\":\"https:\/\/landfiles.com\/#website\"},\"primaryImageOfPage\":{\"@id\":\"https:\/\/landfiles.com\/es\/como-volver-a-enviar-una-invitacion#primaryimage\"},\"image\":{\"@id\":\"https:\/\/landfiles.com\/es\/como-volver-a-enviar-una-invitacion#primaryimage\"},\"thumbnailUrl\":\"https:\/\/landfiles.com\/wp-content\/uploads\/2021\/01\/IMG-3189.png\",\"datePublished\":\"2021-08-17T13:27:21+00:00\",\"dateModified\":\"2024-01-08T15:48:29+00:00\",\"description\":\"\u00bfC\u00f3mo reexpedir una invitaci\u00f3n? - 1. En su p\u00e1gina de inicio, haga clic en grupos - 2. Seleccione el grupo que desee - 3. Desde la p\u00e1gina del grupo\",\"breadcrumb\":{\"@id\":\"https:\/\/landfiles.com\/es\/como-volver-a-enviar-una-invitacion#breadcrumb\"},\"inLanguage\":\"es\",\"potentialAction\":[{\"@type\":\"ReadAction\",\"target\":[\"https:\/\/landfiles.com\/es\/como-volver-a-enviar-una-invitacion\"]}]},{\"@type\":\"ImageObject\",\"inLanguage\":\"es\",\"@id\":\"https:\/\/landfiles.com\/es\/como-volver-a-enviar-una-invitacion#primaryimage\",\"url\":\"https:\/\/landfiles.com\/wp-content\/uploads\/2021\/01\/IMG-3189.png\",\"contentUrl\":\"https:\/\/landfiles.com\/wp-content\/uploads\/2021\/01\/IMG-3189.png\"},{\"@type\":\"BreadcrumbList\",\"@id\":\"https:\/\/landfiles.com\/es\/como-volver-a-enviar-una-invitacion#breadcrumb\",\"itemListElement\":[{\"@type\":\"ListItem\",\"position\":1,\"name\":\"Accueil\",\"item\":\"https:\/\/landfiles.com\/es\"},{\"@type\":\"ListItem\",\"position\":2,\"name\":\"\u00bfC\u00f3mo volver a enviar una invitaci\u00f3n?\"}]},{\"@type\":\"WebSite\",\"@id\":\"https:\/\/landfiles.com\/#website\",\"url\":\"https:\/\/landfiles.com\/\",\"name\":\"Landfiles\",\"description\":\"Construisez l&#039;agriculture de demain !\",\"potentialAction\":[{\"@type\":\"SearchAction\",\"target\":{\"@type\":\"EntryPoint\",\"urlTemplate\":\"https:\/\/landfiles.com\/?s={search_term_string}\"},\"query-input\":{\"@type\":\"PropertyValueSpecification\",\"valueRequired\":true,\"valueName\":\"search_term_string\"}}],\"inLanguage\":\"es\"}]}<\/script>\n<!-- \/ Yoast SEO plugin. -->","yoast_head_json":{"title":"\u00bfC\u00f3mo volver a enviar una invitaci\u00f3n? - Landfiles","description":"\u00bfC\u00f3mo reexpedir una invitaci\u00f3n? - 1. En su p\u00e1gina de inicio, haga clic en grupos - 2. Seleccione el grupo que desee - 3. Desde la p\u00e1gina del grupo","robots":{"index":"index","follow":"follow","max-snippet":"max-snippet:-1","max-image-preview":"max-image-preview:large","max-video-preview":"max-video-preview:-1"},"canonical":"https:\/\/landfiles.com\/es\/como-volver-a-enviar-una-invitacion","og_locale":"es_ES","og_type":"article","og_title":"\u00bfC\u00f3mo volver a enviar una invitaci\u00f3n? - Landfiles","og_description":"\u00bfC\u00f3mo reexpedir una invitaci\u00f3n? - 1. En su p\u00e1gina de inicio, haga clic en grupos - 2. Seleccione el grupo que desee - 3. Desde la p\u00e1gina del grupo","og_url":"https:\/\/landfiles.com\/es\/como-volver-a-enviar-una-invitacion","og_site_name":"Landfiles","article_publisher":"https:\/\/www.facebook.com\/Landfiles\/","article_modified_time":"2024-01-08T15:48:29+00:00","og_image":[{"url":"https:\/\/landfiles.com\/wp-content\/uploads\/2021\/01\/IMG-3189.png","type":"","width":"","height":""}],"twitter_card":"summary_large_image","twitter_site":"@landfiles","twitter_misc":{"Tiempo de lectura":"3 minutos"},"schema":{"@context":"https:\/\/schema.org","@graph":[{"@type":"WebPage","@id":"https:\/\/landfiles.com\/es\/como-volver-a-enviar-una-invitacion","url":"https:\/\/landfiles.com\/es\/como-volver-a-enviar-una-invitacion","name":"\u00bfC\u00f3mo volver a enviar una invitaci\u00f3n? - Landfiles","isPartOf":{"@id":"https:\/\/landfiles.com\/#website"},"primaryImageOfPage":{"@id":"https:\/\/landfiles.com\/es\/como-volver-a-enviar-una-invitacion#primaryimage"},"image":{"@id":"https:\/\/landfiles.com\/es\/como-volver-a-enviar-una-invitacion#primaryimage"},"thumbnailUrl":"https:\/\/landfiles.com\/wp-content\/uploads\/2021\/01\/IMG-3189.png","datePublished":"2021-08-17T13:27:21+00:00","dateModified":"2024-01-08T15:48:29+00:00","description":"\u00bfC\u00f3mo reexpedir una invitaci\u00f3n? - 1. En su p\u00e1gina de inicio, haga clic en grupos - 2. Seleccione el grupo que desee - 3. Desde la p\u00e1gina del grupo","breadcrumb":{"@id":"https:\/\/landfiles.com\/es\/como-volver-a-enviar-una-invitacion#breadcrumb"},"inLanguage":"es","potentialAction":[{"@type":"ReadAction","target":["https:\/\/landfiles.com\/es\/como-volver-a-enviar-una-invitacion"]}]},{"@type":"ImageObject","inLanguage":"es","@id":"https:\/\/landfiles.com\/es\/como-volver-a-enviar-una-invitacion#primaryimage","url":"https:\/\/landfiles.com\/wp-content\/uploads\/2021\/01\/IMG-3189.png","contentUrl":"https:\/\/landfiles.com\/wp-content\/uploads\/2021\/01\/IMG-3189.png"},{"@type":"BreadcrumbList","@id":"https:\/\/landfiles.com\/es\/como-volver-a-enviar-una-invitacion#breadcrumb","itemListElement":[{"@type":"ListItem","position":1,"name":"Accueil","item":"https:\/\/landfiles.com\/es"},{"@type":"ListItem","position":2,"name":"\u00bfC\u00f3mo volver a enviar una invitaci\u00f3n?"}]},{"@type":"WebSite","@id":"https:\/\/landfiles.com\/#website","url":"https:\/\/landfiles.com\/","name":"Landfiles","description":"Construisez l&#039;agriculture de demain !","potentialAction":[{"@type":"SearchAction","target":{"@type":"EntryPoint","urlTemplate":"https:\/\/landfiles.com\/?s={search_term_string}"},"query-input":{"@type":"PropertyValueSpecification","valueRequired":true,"valueName":"search_term_string"}}],"inLanguage":"es"}]}},"_links":{"self":[{"href":"https:\/\/landfiles.com\/es\/wp-json\/wp\/v2\/pages\/18691"}],"collection":[{"href":"https:\/\/landfiles.com\/es\/wp-json\/wp\/v2\/pages"}],"about":[{"href":"https:\/\/landfiles.com\/es\/wp-json\/wp\/v2\/types\/page"}],"author":[{"embeddable":true,"href":"https:\/\/landfiles.com\/es\/wp-json\/wp\/v2\/users\/14"}],"replies":[{"embeddable":true,"href":"https:\/\/landfiles.com\/es\/wp-json\/wp\/v2\/comments?post=18691"}],"version-history":[{"count":2,"href":"https:\/\/landfiles.com\/es\/wp-json\/wp\/v2\/pages\/18691\/revisions"}],"predecessor-version":[{"id":18693,"href":"https:\/\/landfiles.com\/es\/wp-json\/wp\/v2\/pages\/18691\/revisions\/18693"}],"wp:attachment":[{"href":"https:\/\/landfiles.com\/es\/wp-json\/wp\/v2\/media?parent=18691"}],"curies":[{"name":"wp","href":"https:\/\/api.w.org\/{rel}","templated":true}]}}