{"id":18697,"date":"2020-09-14T15:06:36","date_gmt":"2020-09-14T15:06:36","guid":{"rendered":"https:\/\/landfiles.com\/como-se-gestionan-las-explotaciones-que-publican-en-el-grupo"},"modified":"2024-01-29T16:45:43","modified_gmt":"2024-01-29T16:45:43","slug":"como-se-gestionan-las-explotaciones-que-publican-en-el-grupo","status":"publish","type":"page","link":"https:\/\/landfiles.com\/es\/como-se-gestionan-las-explotaciones-que-publican-en-el-grupo","title":{"rendered":"\u00bfC\u00f3mo se gestionan las fincas que publican en el grupo?"},"content":{"rendered":"<p>[et_pb_section fb_built=\u00bb1&#8243; _builder_version=\u00bb4.16&#8243; background_color=\u00bb#9fbb3f\u00bb custom_padding=\u00bb43px|0px|35px|0px|false|false\u00bb saved_tabs=\u00bball\u00bb global_colors_info=\u00bb{}\u00bb][et_pb_row _builder_version=\u00bb4.16&#8243; custom_padding=\u00bb0|0px|3px|0px|false|false\u00bb global_colors_info=\u00bb{}\u00bb][et_pb_column type=\u00bb4_4&#8243; _builder_version=\u00bb4.16&#8243; custom_padding=\u00bb|||\u00bb global_colors_info=\u00bb{}\u00bb custom_padding__hover=\u00bb|||\u00bb][et_pb_text _builder_version=\u00bb4.16&#8243; text_font=\u00bb||||||||\u00bb text_text_color=\u00bb#ffffff\u00bb text_font_size=\u00bb35px\u00bb global_colors_info=\u00bb{}\u00bb]<\/p>\n<p style=\"text-align: center;\">Tutoriales<\/p>\n<p>[\/et_pb_text][\/et_pb_column][\/et_pb_row][\/et_pb_section][et_pb_section fb_built=\u00bb1&#8243; specialty=\u00bbon\u00bb _builder_version=\u00bb4.16&#8243; global_colors_info=\u00bb{}\u00bb][et_pb_column type=\u00bb1_4&#8243; _builder_version=\u00bb4.16&#8243; custom_padding=\u00bb|||\u00bb global_colors_info=\u00bb{}\u00bb parallax__hover=\u00bboff\u00bb parallax_method__hover=\u00bbon\u00bb custom_padding__hover=\u00bb|||\u00bb][et_pb_sidebar area=\u00bbet_pb_widget_area_5&#8243; _builder_version=\u00bb4.16&#8243; global_colors_info=\u00bb{}\u00bb][\/et_pb_sidebar][\/et_pb_column][et_pb_column type=\u00bb3_4&#8243; specialty_columns=\u00bb3&#8243; _builder_version=\u00bb4.16&#8243; custom_padding=\u00bb|||\u00bb global_colors_info=\u00bb{}\u00bb parallax__hover=\u00bboff\u00bb parallax_method__hover=\u00bbon\u00bb custom_padding__hover=\u00bb|||\u00bb][et_pb_row_inner _builder_version=\u00bb4.16&#8243; global_colors_info=\u00bb{}\u00bb][et_pb_column_inner saved_specialty_column_type=\u00bb3_4&#8243; _builder_version=\u00bb4.16&#8243; custom_padding=\u00bb|||\u00bb global_colors_info=\u00bb{}\u00bb parallax__hover=\u00bboff\u00bb parallax_method__hover=\u00bbon\u00bb custom_padding__hover=\u00bb|||\u00bb][et_pb_text _builder_version=\u00bb4.16&#8243; text_text_color=\u00bb#000000&#8243; text_font_size=\u00bb14px\u00bb custom_padding=\u00bb16px|||||\u00bb locked=\u00bboff\u00bb global_colors_info=\u00bb{}\u00bb]<\/p>\n<h1><span style=\"color: #9fbb3f;\">\u00bfC\u00f3mo se gestionan las fincas que publican en un grupo?<\/span><\/h1>\n<p>[\/et_pb_text][et_pb_text _builder_version=\u00bb4.16&#8243; text_text_color=\u00bb#000000&#8243; text_font_size=\u00bb14px\u00bb custom_padding=\u00bb16px|||||\u00bb locked=\u00bboff\u00bb global_colors_info=\u00bb{}\u00bb]<\/p>\n<h2>Desde la aplicaci\u00f3n m\u00f3vil :<\/h2>\n<p>[\/et_pb_text][et_pb_text _builder_version=\u00bb4.16&#8243; header_font=\u00bb||||||||\u00bb header_text_color=\u00bb#23994e\u00bb background_size=\u00bbinitial\u00bb background_position=\u00bbtop_left\u00bb background_repeat=\u00bbrepeat\u00bb global_colors_info=\u00bb{}\u00bb]<\/p>\n<p><strong>En la aplicaci\u00f3n m\u00f3vil<\/strong>, para ver la lista de fincas de un grupo desde la p\u00e1gina de inicio:<\/p>\n<ol>\n<li>Haga clic en <strong><em>Grupos.<\/em><\/strong><\/li>\n<li>Seleccione un grupo.<\/li>\n<li>Despl\u00e1cese por el men\u00fa <img loading=\"lazy\" decoding=\"async\" src=\"https:\/\/landfiles.com\/wp-content\/uploads\/2020\/09\/menu-hamburger.png\" width=\"22\" height=\"20\" alt=\"\" class=\"wp-image-7461 alignnone size-full\"><\/li>\n<li>Pulse las <strong><em>fincas del grupo<\/em><\/strong>.<\/li>\n<\/ol>\n<p><strong> <\/strong><\/p>\n<p>[\/et_pb_text][et_pb_text _builder_version=\u00bb4.16&#8243; text_text_color=\u00bb#000000&#8243; text_font_size=\u00bb14px\u00bb custom_padding=\u00bb16px|||||\u00bb locked=\u00bboff\u00bb global_colors_info=\u00bb{}\u00bb]<\/p>\n<h2>Desde el ordenador :<\/h2>\n<p>[\/et_pb_text][et_pb_text _builder_version=\u00bb4.16&#8243; header_font=\u00bb||||||||\u00bb header_text_color=\u00bb#23994e\u00bb background_size=\u00bbinitial\u00bb background_position=\u00bbtop_left\u00bb background_repeat=\u00bbrepeat\u00bb global_colors_info=\u00bb{}\u00bb]<\/p>\n<p><strong>En el ordenador<\/strong>, para ver la lista de fincas de un grupo desde la p\u00e1gina de inicio:<\/p>\n<ol>\n<li aria-level=\"1\"><span>Acceda al grupo que desea administrar.<\/span><\/li>\n<li aria-level=\"1\"><span>En<\/span><b><i>la p\u00e1gina de tu grupo<\/i><\/b><span>, encontrar\u00e1s<\/span> <b><i>Editar grupo<\/i><\/b><span>.<\/span><\/li>\n<li aria-level=\"1\"><span>Haga clic y encontrar\u00e1<\/span><b><i>\u00abFincas\u00bb<\/i><\/b><span>, a la derecha.<\/span><\/li>\n<li aria-level=\"1\"><span>Haga clic para acceder a sus fincas.<\/span><\/li>\n<li aria-level=\"1\"><span>Puede a\u00f1adir una finca haciendo clic en el bot\u00f3n<\/span><b><i>A\u00f1adir una finca,<\/i><\/b><span>situado en la parte superior izquierda de la p\u00e1gina.<\/span><\/li>\n<li aria-level=\"1\"><span>Seleccione la finca que desea a\u00f1adir y gu\u00e1rdela.<\/span><\/li>\n<li><span>Tambi\u00e9n puede eliminar una finca utilizando el icono de la papelera.<\/span><\/li>\n<li aria-level=\"1\"><span>A continuaci\u00f3n<\/span>, <b><i>aparecer\u00e1 en Mi grupo&gt; mis fincas<\/i><\/b><span>.<\/span><span> <\/span><\/li>\n<\/ol>\n<ol><\/ol>\n<p><strong> <\/strong><\/p>\n<p>[\/et_pb_text][\/et_pb_column_inner][\/et_pb_row_inner][\/et_pb_column][\/et_pb_section][et_pb_section fb_built=\u00bb1&#8243; admin_label=\u00bbPied de page Oc\u00e9alia\u00bb _builder_version=\u00bb4.9.2&#8243; _module_preset=\u00bbdefault\u00bb background_color=\u00bb#000000&#8243; custom_padding=\u00bb60px|0px|0px|0px|false|false\u00bb global_module=\u00bb6130&#8243; saved_tabs=\u00bball\u00bb locked=\u00bboff\u00bb global_colors_info=\u00bb{}\u00bb][et_pb_row column_structure=\u00bb1_2,1_4,1_4&#8243; _builder_version=\u00bb4.16&#8243; custom_padding=\u00bb27px|0px|0|0px|false|false\u00bb global_colors_info=\u00bb{}\u00bb][et_pb_column type=\u00bb1_2&#8243; _builder_version=\u00bb4.16&#8243; custom_padding=\u00bb|||\u00bb global_colors_info=\u00bb{}\u00bb custom_padding__hover=\u00bb|||\u00bb][et_pb_text _builder_version=\u00bb4.16&#8243; text_font=\u00bbOpen Sans||||||||\u00bb text_line_height=\u00bb1.8em\u00bb header_font=\u00bb||||||||\u00bb header_text_align=\u00bbleft\u00bb header_text_color=\u00bb#000000&#8243; header_2_font=\u00bbOpen Sans|600||on|||||\u00bb header_2_text_color=\u00bb#ffffff\u00bb header_2_font_size=\u00bb24px\u00bb header_2_line_height=\u00bb1.6em\u00bb header_3_font=\u00bb||||||||\u00bb text_orientation=\u00bbcenter\u00bb background_layout=\u00bbdark\u00bb max_width=\u00bb74%\u00bb module_alignment=\u00bbcenter\u00bb custom_margin=\u00bb0px|||||\u00bb custom_padding=\u00bb3px||0px|||\u00bb header_2_font_size_tablet=\u00bb\u00bb header_2_font_size_phone=\u00bb28px\u00bb header_2_font_size_last_edited=\u00bbon|phone\u00bb locked=\u00bboff\u00bb global_colors_info=\u00bb{}\u00bb]<\/p>\n<h2>Descargar la solicitud<\/h2>\n<p>&nbsp;<\/p>\n<p>[\/et_pb_text][\/et_pb_column][et_pb_column type=\u00bb1_4&#8243; _builder_version=\u00bb4.16&#8243; custom_padding=\u00bb|||\u00bb global_colors_info=\u00bb{}\u00bb custom_padding__hover=\u00bb|||\u00bb][et_pb_image src=\u00bbhttps:\/\/landfiles.com\/wp-content\/uploads\/2018\/11\/Ladfiles-google-play-e1542453914858-1.png\u00bb url=\u00bbhttps:\/\/play.google.com\/store\/apps\/details?id=com.landfilesapp\u00bb align=\u00bbright\u00bb align_tablet=\u00bbcenter\u00bb align_phone=\u00bb\u00bb align_last_edited=\u00bbon|desktop\u00bb _builder_version=\u00bb4.16&#8243; width=\u00bb65%\u00bb width_tablet=\u00bb\u00bb width_phone=\u00bb60%\u00bb width_last_edited=\u00bbon|phone\u00bb module_alignment=\u00bbcenter\u00bb global_colors_info=\u00bb{}\u00bb]&nbsp;[\/et_pb_image][\/et_pb_column][et_pb_column type=\u00bb1_4&#8243; _builder_version=\u00bb4.16&#8243; custom_padding=\u00bb|||\u00bb global_colors_info=\u00bb{}\u00bb custom_padding__hover=\u00bb|||\u00bb][et_pb_image src=\u00bbhttps:\/\/landfiles.com\/wp-content\/uploads\/2018\/11\/Landfiles-Apple-Store-e1542453944599-1.png\u00bb url=\u00bbhttps:\/\/itunes.apple.com\/app\/id1369275352&#8243; align=\u00bbright\u00bb align_tablet=\u00bbcenter\u00bb align_phone=\u00bb\u00bb align_last_edited=\u00bbon|desktop\u00bb _builder_version=\u00bb4.16&#8243; width=\u00bb65%\u00bb width_tablet=\u00bb\u00bb width_phone=\u00bb60%\u00bb width_last_edited=\u00bbon|phone\u00bb module_alignment=\u00bbcenter\u00bb global_colors_info=\u00bb{}\u00bb]&nbsp;[\/et_pb_image][\/et_pb_column][\/et_pb_row][et_pb_row disabled_on=\u00bboff|on|on\u00bb _builder_version=\u00bb4.19.4&#8243; _module_preset=\u00bbdefault\u00bb global_colors_info=\u00bb{}\u00bb][et_pb_column type=\u00bb4_4&#8243; _builder_version=\u00bb4.19.4&#8243; _module_preset=\u00bbdefault\u00bb global_colors_info=\u00bb{}\u00bb][\/et_pb_column][\/et_pb_row][et_pb_row column_structure=\u00bb1_3,1_3,1_3&#8243; _builder_version=\u00bb4.16&#8243; _module_preset=\u00bbdefault\u00bb custom_padding=\u00bb0|0px|0|0px|false|false\u00bb global_colors_info=\u00bb{}\u00bb][et_pb_column type=\u00bb1_3&#8243; _builder_version=\u00bb4.16&#8243; _module_preset=\u00bbdefault\u00bb custom_padding=\u00bb|||\u00bb global_colors_info=\u00bb{}\u00bb custom_padding__hover=\u00bb|||\u00bb][et_pb_image src=\u00bbhttps:\/\/landfiles.com\/wp-content\/uploads\/2019\/04\/logo-pied.png\u00bb align_tablet=\u00bbcenter\u00bb align_phone=\u00bb\u00bb align_last_edited=\u00bbon|desktop\u00bb _builder_version=\u00bb4.16&#8243; _module_preset=\u00bbdefault\u00bb max_width=\u00bb75%\u00bb max_width_tablet=\u00bb60%\u00bb max_width_phone=\u00bb50%\u00bb max_width_last_edited=\u00bbon|phone\u00bb module_alignment=\u00bbcenter\u00bb global_colors_info=\u00bb{}\u00bb][\/et_pb_image][\/et_pb_column][et_pb_column type=\u00bb1_3&#8243; _builder_version=\u00bb4.16&#8243; _module_preset=\u00bbdefault\u00bb custom_padding=\u00bb|||\u00bb global_colors_info=\u00bb{}\u00bb custom_padding__hover=\u00bb|||\u00bb][et_pb_text _builder_version=\u00bb4.16&#8243; _module_preset=\u00bbdefault\u00bb text_font=\u00bb||||||||\u00bb text_text_color=\u00bb#ffffff\u00bb text_font_size=\u00bb20px\u00bb global_colors_info=\u00bb{}\u00bb]<\/p>\n<p>CONTACTO<\/p>\n<p>[\/et_pb_text][et_pb_blurb use_icon=\u00bbon\u00bb font_icon=\u00bb&#xe01d;||divi||400&#8243; icon_color=\u00bb#9fbb3f\u00bb icon_placement=\u00bbleft\u00bb _builder_version=\u00bb4.16&#8243; _module_preset=\u00bbdefault\u00bb header_font=\u00bb||||||||\u00bb body_font=\u00bb||||||||\u00bb body_text_color=\u00bb#727272&#8243; background_layout=\u00bbdark\u00bb global_colors_info=\u00bb{}\u00bb]<\/p>\n<p>17 rue B\u00e9ranger<br \/>75003 Paris<\/p>\n<p>[\/et_pb_blurb][et_pb_blurb use_icon=\u00bbon\u00bb font_icon=\u00bb&#xe010;||divi||400&#8243; icon_color=\u00bb#9fbb3f\u00bb icon_placement=\u00bbleft\u00bb _builder_version=\u00bb4.17.4&#8243; _module_preset=\u00bbdefault\u00bb header_font=\u00bb||||||||\u00bb body_font=\u00bb||||||||\u00bb body_text_color=\u00bb#727272&#8243; background_layout=\u00bbdark\u00bb custom_margin=\u00bb-16px||22px|||\u00bb global_colors_info=\u00bb{}\u00bb]<\/p>\n<p>contact[@]landfiles.fr<\/p>\n<p>[\/et_pb_blurb][et_pb_divider show_divider=\u00bboff\u00bb _builder_version=\u00bb4.17.4&#8243; _module_preset=\u00bbdefault\u00bb global_colors_info=\u00bb{}\u00bb][\/et_pb_divider][et_pb_cta button_url=\u00bbhttps:\/\/landfiles.com\/es\/contacto\u00bb button_text=\u00bbCONTACTO\u00bb _builder_version=\u00bb4.16&#8243; _module_preset=\u00bbdefault\u00bb body_font=\u00bb||||||||\u00bb body_font_size=\u00bb14px\u00bb use_background_color=\u00bboff\u00bb custom_button=\u00bbon\u00bb button_text_size=\u00bb18px\u00bb button_text_color=\u00bb#ffffff\u00bb button_bg_color=\u00bb#9fbb3f\u00bb button_border_width=\u00bb0px\u00bb button_border_color=\u00bb#9fbb3f\u00bb button_border_radius=\u00bb0px\u00bb button_font=\u00bb|700|||||||\u00bb button_icon=\u00bb&#xe08a;||divi||400&#8243; button_icon_placement=\u00bbleft\u00bb button_on_hover=\u00bboff\u00bb button_alignment=\u00bbleft\u00bb min_height=\u00bb60px\u00bb custom_margin=\u00bb-20px|||||\u00bb custom_padding=\u00bb0px|||||\u00bb locked=\u00bboff\u00bb global_colors_info=\u00bb{}\u00bb button_bg_color__hover_enabled=\u00bbon\u00bb button_bg_color__hover=\u00bb#343433&#8243; button_border_width__hover_enabled=\u00bbon\u00bb button_border_color__hover_enabled=\u00bbon\u00bb button_border_color__hover=\u00bb#343433&#8243; button_border_width__hover=\u00bb0px\u00bb][\/et_pb_cta][\/et_pb_column][et_pb_column type=\u00bb1_3&#8243; _builder_version=\u00bb4.16&#8243; _module_preset=\u00bbdefault\u00bb custom_padding=\u00bb|||\u00bb global_colors_info=\u00bb{}\u00bb custom_padding__hover=\u00bb|||\u00bb][et_pb_text _builder_version=\u00bb4.16&#8243; _module_preset=\u00bbdefault\u00bb text_font=\u00bb||||||||\u00bb text_text_color=\u00bb#ffffff\u00bb text_font_size=\u00bb20px\u00bb global_colors_info=\u00bb{}\u00bb]<\/p>\n<p>SOBRE NOSOTROS<\/p>\n<p>[\/et_pb_text][et_pb_text _builder_version=\u00bb4.16&#8243; _module_preset=\u00bbdefault\u00bb text_font=\u00bb||||||||\u00bb text_text_color=\u00bb#727272&#8243; global_colors_info=\u00bb{}\u00bb]<\/p>\n<p><a href=\"https:\/\/landfiles.com\/mentions-legales\">Menciones legales<\/a><\/p>\n<p><a href=\"https:\/\/landfiles.com\/politique-de-cookies-eu\">Pol\u00edtica de cookies<\/a><\/p>\n<p><a href=\"https:\/\/landfiles.com\/politique-de-confidentialite\">Pol\u00edtica de privacidad<\/a><\/p>\n<p><a href=\"https:\/\/landfiles.com\/conditions-generales-dutilisation\">Condiciones de uso<\/a><\/p>\n<p>[\/et_pb_text][\/et_pb_column][\/et_pb_row][\/et_pb_section]<\/p>\n","protected":false},"excerpt":{"rendered":"<p>Tutoriales\u00bfC\u00f3mo se gestionan las fincas que publican en un grupo?Desde la aplicaci\u00f3n m\u00f3vil :En la aplicaci\u00f3n m\u00f3vil, para ver la lista de fincas de un grupo desde la p\u00e1gina de inicio: Haga clic en Grupos. Seleccione un grupo. Despl\u00e1cese por el men\u00fa Pulse las fincas del grupo. Desde el ordenador :En el ordenador, para ver [&hellip;]<\/p>\n","protected":false},"author":26,"featured_media":0,"parent":0,"menu_order":0,"comment_status":"closed","ping_status":"closed","template":"","meta":{"_et_pb_use_builder":"on","_et_pb_old_content":"","_et_gb_content_width":"","_exactmetrics_skip_tracking":false,"_exactmetrics_sitenote_active":false,"_exactmetrics_sitenote_note":"","_exactmetrics_sitenote_category":0,"footnotes":"","_wp_rev_ctl_limit":""},"yoast_head":"<!-- This site is optimized with the Yoast SEO plugin v24.5 - https:\/\/yoast.com\/wordpress\/plugins\/seo\/ -->\n<title>\u00bfC\u00f3mo se gestionan las fincas que publican en el grupo? - Landfiles<\/title>\n<meta name=\"description\" content=\"Aprenda a acceder a la lista de fincas que publican en el grupo desde su ordenador o desde la aplicaci\u00f3n m\u00f3vil Landfiles.\" \/>\n<meta name=\"robots\" content=\"index, follow, max-snippet:-1, max-image-preview:large, max-video-preview:-1\" \/>\n<link rel=\"canonical\" href=\"https:\/\/landfiles.com\/es\/como-se-gestionan-las-explotaciones-que-publican-en-el-grupo\" \/>\n<meta property=\"og:locale\" content=\"es_ES\" \/>\n<meta property=\"og:type\" content=\"article\" \/>\n<meta property=\"og:title\" content=\"\u00bfC\u00f3mo se gestionan las fincas que publican en el grupo? - Landfiles\" \/>\n<meta property=\"og:description\" content=\"Aprenda a acceder a la lista de fincas que publican en el grupo desde su ordenador o desde la aplicaci\u00f3n m\u00f3vil Landfiles.\" \/>\n<meta property=\"og:url\" content=\"https:\/\/landfiles.com\/es\/como-se-gestionan-las-explotaciones-que-publican-en-el-grupo\" \/>\n<meta property=\"og:site_name\" content=\"Landfiles\" \/>\n<meta property=\"article:publisher\" content=\"https:\/\/www.facebook.com\/Landfiles\/\" \/>\n<meta property=\"article:modified_time\" content=\"2024-01-29T16:45:43+00:00\" \/>\n<meta property=\"og:image\" content=\"https:\/\/landfiles.com\/wp-content\/uploads\/2020\/09\/menu-hamburger.png\" \/>\n<meta name=\"twitter:card\" content=\"summary_large_image\" \/>\n<meta name=\"twitter:site\" content=\"@landfiles\" \/>\n<meta name=\"twitter:label1\" content=\"Tiempo de lectura\" \/>\n\t<meta name=\"twitter:data1\" content=\"6 minutos\" \/>\n<script type=\"application\/ld+json\" class=\"yoast-schema-graph\">{\"@context\":\"https:\/\/schema.org\",\"@graph\":[{\"@type\":\"WebPage\",\"@id\":\"https:\/\/landfiles.com\/es\/como-se-gestionan-las-explotaciones-que-publican-en-el-grupo\",\"url\":\"https:\/\/landfiles.com\/es\/como-se-gestionan-las-explotaciones-que-publican-en-el-grupo\",\"name\":\"\u00bfC\u00f3mo se gestionan las fincas que publican en el grupo? - Landfiles\",\"isPartOf\":{\"@id\":\"https:\/\/landfiles.com\/#website\"},\"primaryImageOfPage\":{\"@id\":\"https:\/\/landfiles.com\/es\/como-se-gestionan-las-explotaciones-que-publican-en-el-grupo#primaryimage\"},\"image\":{\"@id\":\"https:\/\/landfiles.com\/es\/como-se-gestionan-las-explotaciones-que-publican-en-el-grupo#primaryimage\"},\"thumbnailUrl\":\"https:\/\/landfiles.com\/wp-content\/uploads\/2020\/09\/menu-hamburger.png\",\"datePublished\":\"2020-09-14T15:06:36+00:00\",\"dateModified\":\"2024-01-29T16:45:43+00:00\",\"description\":\"Aprenda a acceder a la lista de fincas que publican en el grupo desde su ordenador o desde la aplicaci\u00f3n m\u00f3vil Landfiles.\",\"breadcrumb\":{\"@id\":\"https:\/\/landfiles.com\/es\/como-se-gestionan-las-explotaciones-que-publican-en-el-grupo#breadcrumb\"},\"inLanguage\":\"es\",\"potentialAction\":[{\"@type\":\"ReadAction\",\"target\":[\"https:\/\/landfiles.com\/es\/como-se-gestionan-las-explotaciones-que-publican-en-el-grupo\"]}]},{\"@type\":\"ImageObject\",\"inLanguage\":\"es\",\"@id\":\"https:\/\/landfiles.com\/es\/como-se-gestionan-las-explotaciones-que-publican-en-el-grupo#primaryimage\",\"url\":\"https:\/\/landfiles.com\/wp-content\/uploads\/2020\/09\/menu-hamburger.png\",\"contentUrl\":\"https:\/\/landfiles.com\/wp-content\/uploads\/2020\/09\/menu-hamburger.png\"},{\"@type\":\"BreadcrumbList\",\"@id\":\"https:\/\/landfiles.com\/es\/como-se-gestionan-las-explotaciones-que-publican-en-el-grupo#breadcrumb\",\"itemListElement\":[{\"@type\":\"ListItem\",\"position\":1,\"name\":\"Accueil\",\"item\":\"https:\/\/landfiles.com\/es\"},{\"@type\":\"ListItem\",\"position\":2,\"name\":\"\u00bfC\u00f3mo se gestionan las fincas que publican en el grupo?\"}]},{\"@type\":\"WebSite\",\"@id\":\"https:\/\/landfiles.com\/#website\",\"url\":\"https:\/\/landfiles.com\/\",\"name\":\"Landfiles\",\"description\":\"Construisez l&#039;agriculture de demain !\",\"potentialAction\":[{\"@type\":\"SearchAction\",\"target\":{\"@type\":\"EntryPoint\",\"urlTemplate\":\"https:\/\/landfiles.com\/?s={search_term_string}\"},\"query-input\":{\"@type\":\"PropertyValueSpecification\",\"valueRequired\":true,\"valueName\":\"search_term_string\"}}],\"inLanguage\":\"es\"}]}<\/script>\n<!-- \/ Yoast SEO plugin. -->","yoast_head_json":{"title":"\u00bfC\u00f3mo se gestionan las fincas que publican en el grupo? - Landfiles","description":"Aprenda a acceder a la lista de fincas que publican en el grupo desde su ordenador o desde la aplicaci\u00f3n m\u00f3vil Landfiles.","robots":{"index":"index","follow":"follow","max-snippet":"max-snippet:-1","max-image-preview":"max-image-preview:large","max-video-preview":"max-video-preview:-1"},"canonical":"https:\/\/landfiles.com\/es\/como-se-gestionan-las-explotaciones-que-publican-en-el-grupo","og_locale":"es_ES","og_type":"article","og_title":"\u00bfC\u00f3mo se gestionan las fincas que publican en el grupo? - Landfiles","og_description":"Aprenda a acceder a la lista de fincas que publican en el grupo desde su ordenador o desde la aplicaci\u00f3n m\u00f3vil Landfiles.","og_url":"https:\/\/landfiles.com\/es\/como-se-gestionan-las-explotaciones-que-publican-en-el-grupo","og_site_name":"Landfiles","article_publisher":"https:\/\/www.facebook.com\/Landfiles\/","article_modified_time":"2024-01-29T16:45:43+00:00","og_image":[{"url":"https:\/\/landfiles.com\/wp-content\/uploads\/2020\/09\/menu-hamburger.png","type":"","width":"","height":""}],"twitter_card":"summary_large_image","twitter_site":"@landfiles","twitter_misc":{"Tiempo de lectura":"6 minutos"},"schema":{"@context":"https:\/\/schema.org","@graph":[{"@type":"WebPage","@id":"https:\/\/landfiles.com\/es\/como-se-gestionan-las-explotaciones-que-publican-en-el-grupo","url":"https:\/\/landfiles.com\/es\/como-se-gestionan-las-explotaciones-que-publican-en-el-grupo","name":"\u00bfC\u00f3mo se gestionan las fincas que publican en el grupo? - Landfiles","isPartOf":{"@id":"https:\/\/landfiles.com\/#website"},"primaryImageOfPage":{"@id":"https:\/\/landfiles.com\/es\/como-se-gestionan-las-explotaciones-que-publican-en-el-grupo#primaryimage"},"image":{"@id":"https:\/\/landfiles.com\/es\/como-se-gestionan-las-explotaciones-que-publican-en-el-grupo#primaryimage"},"thumbnailUrl":"https:\/\/landfiles.com\/wp-content\/uploads\/2020\/09\/menu-hamburger.png","datePublished":"2020-09-14T15:06:36+00:00","dateModified":"2024-01-29T16:45:43+00:00","description":"Aprenda a acceder a la lista de fincas que publican en el grupo desde su ordenador o desde la aplicaci\u00f3n m\u00f3vil Landfiles.","breadcrumb":{"@id":"https:\/\/landfiles.com\/es\/como-se-gestionan-las-explotaciones-que-publican-en-el-grupo#breadcrumb"},"inLanguage":"es","potentialAction":[{"@type":"ReadAction","target":["https:\/\/landfiles.com\/es\/como-se-gestionan-las-explotaciones-que-publican-en-el-grupo"]}]},{"@type":"ImageObject","inLanguage":"es","@id":"https:\/\/landfiles.com\/es\/como-se-gestionan-las-explotaciones-que-publican-en-el-grupo#primaryimage","url":"https:\/\/landfiles.com\/wp-content\/uploads\/2020\/09\/menu-hamburger.png","contentUrl":"https:\/\/landfiles.com\/wp-content\/uploads\/2020\/09\/menu-hamburger.png"},{"@type":"BreadcrumbList","@id":"https:\/\/landfiles.com\/es\/como-se-gestionan-las-explotaciones-que-publican-en-el-grupo#breadcrumb","itemListElement":[{"@type":"ListItem","position":1,"name":"Accueil","item":"https:\/\/landfiles.com\/es"},{"@type":"ListItem","position":2,"name":"\u00bfC\u00f3mo se gestionan las fincas que publican en el grupo?"}]},{"@type":"WebSite","@id":"https:\/\/landfiles.com\/#website","url":"https:\/\/landfiles.com\/","name":"Landfiles","description":"Construisez l&#039;agriculture de demain !","potentialAction":[{"@type":"SearchAction","target":{"@type":"EntryPoint","urlTemplate":"https:\/\/landfiles.com\/?s={search_term_string}"},"query-input":{"@type":"PropertyValueSpecification","valueRequired":true,"valueName":"search_term_string"}}],"inLanguage":"es"}]}},"_links":{"self":[{"href":"https:\/\/landfiles.com\/es\/wp-json\/wp\/v2\/pages\/18697"}],"collection":[{"href":"https:\/\/landfiles.com\/es\/wp-json\/wp\/v2\/pages"}],"about":[{"href":"https:\/\/landfiles.com\/es\/wp-json\/wp\/v2\/types\/page"}],"author":[{"embeddable":true,"href":"https:\/\/landfiles.com\/es\/wp-json\/wp\/v2\/users\/26"}],"replies":[{"embeddable":true,"href":"https:\/\/landfiles.com\/es\/wp-json\/wp\/v2\/comments?post=18697"}],"version-history":[{"count":9,"href":"https:\/\/landfiles.com\/es\/wp-json\/wp\/v2\/pages\/18697\/revisions"}],"predecessor-version":[{"id":20022,"href":"https:\/\/landfiles.com\/es\/wp-json\/wp\/v2\/pages\/18697\/revisions\/20022"}],"wp:attachment":[{"href":"https:\/\/landfiles.com\/es\/wp-json\/wp\/v2\/media?parent=18697"}],"curies":[{"name":"wp","href":"https:\/\/api.w.org\/{rel}","templated":true}]}}